{"id":168394,"date":"2024-02-07T18:59:06","date_gmt":"2024-02-07T16:59:06","guid":{"rendered":"https:\/\/m50.lv\/product\/seik-100-lietas-ko-katram-virietim-dzives-laika-vajadzetu-izdarit\/"},"modified":"2024-02-07T18:59:06","modified_gmt":"2024-02-07T16:59:06","slug":"seik-100-lietas-ko-katram-virietim-dzives-laika-vajadzetu-izdarit","status":"publish","type":"product","link":"https:\/\/m50.lv\/lv\/product\/seik-100-lietas-ko-katram-virietim-dzives-laika-vajadzetu-izdarit\/","title":{"rendered":"SEIK 100 Lietas, ko katram v\u012brietim dz\u012bves laik\u0101 vajadz\u0113tu izdar\u012bt"},"content":{"rendered":"<p style=\"text-align: left;\">Vienka\u0304rs\u030ci sakot \u2013 ESI VI\u0304RIETIS UN TA\u0304 ARI\u0304 IZTURIES!<\/p>\n","protected":false},"excerpt":{"rendered":"<p style=\"text-align: center;\">Bu\u0304t par vi\u0304rieti daz\u030creiz nepavisam nav viegli \u2013 ik uz sol\u0327a para\u0304da\u0304s iespe\u0304jas, kura\u0304s tu vari para\u0304di\u0304t, cik vi\u0304ris\u030ck\u0327i\u0304gs, bezbaili\u0304gs, varoni\u0304gs un varents tu esi. Kas tad i\u0304sti ja\u0304dara? Cik labi, ka ar s\u030ci\u0304s gra\u0304matas pali\u0304dzi\u0304bu tu zina\u0304si atbildi, ka\u0304 bu\u0304t i\u0304stam, s\u030carmantam vi\u0304rietim. Tev bu\u0304s idejas, kas ja\u0304i\u0304steno un saprati\u0304si, kas dzi\u0304ve\u0304 patiesi svari\u0304gs.<\/p>\n","protected":false},"featured_media":168325,"template":"","meta":{"_jet_sm_ready_style":"","_jet_sm_style":"","_jet_sm_controls_values":"","_jet_sm_fonts_collection":"","_jet_sm_fonts_links":""},"pwb-brand":[1266],"product_cat":[193,109],"product_tag":[],"class_list":{"0":"post-168394","1":"product","2":"type-product","3":"status-publish","4":"has-post-thumbnail","6":"pwb-brand-seik-lv","7":"product_cat-davanas","8":"product_cat-gramatas","10":"first","11":"instock","12":"taxable","13":"shipping-taxable","14":"purchasable","15":"product-type-simple"},"raw_content":{"name":"SEIK 100 Lietas, ko katram v\u012brietim dz\u012bves laik\u0101 vajadz\u0113tu izdar\u012bt","description":"<p style=\"text-align: left;\">Vienka\u0304rs\u030ci sakot \u2013 ESI VI\u0304RIETIS UN TA\u0304 ARI\u0304 IZTURIES!<\/p>","short_description":"<p style=\"text-align: center;\">Bu\u0304t par vi\u0304rieti daz\u030creiz nepavisam nav viegli \u2013 ik uz sol\u0327a para\u0304da\u0304s iespe\u0304jas, kura\u0304s tu vari para\u0304di\u0304t, cik vi\u0304ris\u030ck\u0327i\u0304gs, bezbaili\u0304gs, varoni\u0304gs un varents tu esi. Kas tad i\u0304sti ja\u0304dara? Cik labi, ka ar s\u030ci\u0304s gra\u0304matas pali\u0304dzi\u0304bu tu zina\u0304si atbildi, ka\u0304 bu\u0304t i\u0304stam, s\u030carmantam vi\u0304rietim. Tev bu\u0304s idejas, kas ja\u0304i\u0304steno un saprati\u0304si, kas dzi\u0304ve\u0304 patiesi svari\u0304gs.<\/p>","status":"publish","sku":"seik-9789949731015","original":168282},"wpml":{"translation_type":1,"has_translations":true,"original":168282,"duplicates":[],"translations":{"lv":168394,"en":168282}},"brands":[{"id":1266,"name":"SEIK","slug":"seik-lv"}],"_links":{"self":[{"href":"https:\/\/m50.lv\/lv\/wp-json\/wp\/v2\/product\/168394","targetHints":{"allow":["GET"]}}],"collection":[{"href":"https:\/\/m50.lv\/lv\/wp-json\/wp\/v2\/product"}],"about":[{"href":"https:\/\/m50.lv\/lv\/wp-json\/wp\/v2\/types\/product"}],"version-history":[{"count":0,"href":"https:\/\/m50.lv\/lv\/wp-json\/wp\/v2\/product\/168394\/revisions"}],"wp:featuredmedia":[{"embeddable":true,"href":"https:\/\/m50.lv\/lv\/wp-json\/wp\/v2\/media\/168325"}],"wp:attachment":[{"href":"https:\/\/m50.lv\/lv\/wp-json\/wp\/v2\/media?parent=168394"}],"wp:term":[{"taxonomy":"pwb-brand","embeddable":true,"href":"https:\/\/m50.lv\/lv\/wp-json\/wp\/v2\/pwb-brand?post=168394"},{"taxonomy":"product_cat","embeddable":true,"href":"https:\/\/m50.lv\/lv\/wp-json\/wp\/v2\/product_cat?post=168394"},{"taxonomy":"product_tag","embeddable":true,"href":"https:\/\/m50.lv\/lv\/wp-json\/wp\/v2\/product_tag?post=168394"}],"curies":[{"name":"wp","href":"https:\/\/api.w.org\/{rel}","templated":true}]}}