{"id":168395,"date":"2024-02-07T19:01:11","date_gmt":"2024-02-07T17:01:11","guid":{"rendered":"https:\/\/m50.lv\/product\/seik-dizaina-kruze-labaka-sieva\/"},"modified":"2026-02-04T16:14:22","modified_gmt":"2026-02-04T14:14:22","slug":"seik-dizaina-kruze-labaka-sieva","status":"publish","type":"product","link":"https:\/\/m50.lv\/lv\/product\/seik-dizaina-kruze-labaka-sieva\/","title":{"rendered":"SEIK Dizaina kr\u016bze | Lab\u0101k\u0101 sieva"},"content":{"rendered":"<p>Kr\u016bz\u012btes tilpums ir 330 ml. Kr\u016bzi var mazg\u0101t ar rok\u0101m vai trauku mazg\u0101jamaj\u0101 ma\u0161\u012bn\u0101. Kr\u016bze ir iepakota skaist\u0101 kast\u0113.<\/p>\n<p>Neatkar\u012bgi no t\u0101, vai dzerat kafiju vai t\u0113ju \u2013 baudiet!<\/p>\n","protected":false},"excerpt":{"rendered":"<p style=\"text-align: center;\">Uzd\u0101vini \u0161o kr\u016bzi lab\u0101kajai sievai pasaul\u0113. T\u0101 ir lieliska d\u0101vana Ziemassv\u0113tkos, dzim\u0161anas dienai, k\u0101 d\u0101vana k\u0101z\u0101s, Valent\u012bdien\u0101 vai vienk\u0101r\u0161i k\u0101 p\u0101rsteigums. Kas var b\u016bt lab\u0101ks par gr\u0101matas las\u012b\u0161anu vai vienk\u0101r\u0161i saules staru baud\u012b\u0161anu, dzerot siltu t\u0113ju vai kafiju no m\u012b\u013cas kr\u016bzes. Izdev\u0113js SEIK v\u0113las j\u016bs iedvesmot katru dienu.<\/p>\n","protected":false},"featured_media":168363,"template":"","meta":{"_jet_sm_ready_style":"","_jet_sm_style":"","_jet_sm_controls_values":"","_jet_sm_fonts_collection":"","_jet_sm_fonts_links":""},"pwb-brand":[1266],"product_cat":[193,1004],"product_tag":[1562],"class_list":["post-168395","product","type-product","status-publish","has-post-thumbnail","pwb-brand-seik-lv","product_cat-davanas","product_cat-kruzes","product_tag-valentindienas-davanas","first","instock","taxable","shipping-taxable","purchasable","product-type-simple"],"raw_content":{"name":"SEIK Dizaina kr\u016bze | Lab\u0101k\u0101 sieva","description":"<p>Kr\u016bz\u012btes tilpums ir 330 ml. Kr\u016bzi var mazg\u0101t ar rok\u0101m vai trauku mazg\u0101jamaj\u0101 ma\u0161\u012bn\u0101. Kr\u016bze ir iepakota skaist\u0101 kast\u0113.<\/p>\r\n<p>Neatkar\u012bgi no t\u0101, vai dzerat kafiju vai t\u0113ju \u2013 baudiet!<\/p>\r\n","short_description":"<p style=\"text-align: center;\">Uzd\u0101vini \u0161o kr\u016bzi lab\u0101kajai sievai pasaul\u0113. T\u0101 ir lieliska d\u0101vana Ziemassv\u0113tkos, dzim\u0161anas dienai, k\u0101 d\u0101vana k\u0101z\u0101s, Valent\u012bdien\u0101 vai vienk\u0101r\u0161i k\u0101 p\u0101rsteigums. Kas var b\u016bt lab\u0101ks par gr\u0101matas las\u012b\u0161anu vai vienk\u0101r\u0161i saules staru baud\u012b\u0161anu, dzerot siltu t\u0113ju vai kafiju no m\u012b\u013cas kr\u016bzes. Izdev\u0113js SEIK v\u0113las j\u016bs iedvesmot katru dienu.<\/p>","status":"publish","sku":"seik-4744716014253","original":168283},"wpml":{"translation_type":1,"has_translations":true,"original":168283,"duplicates":[],"translations":{"lv":168395,"en":168283}},"brands":[{"id":1266,"name":"SEIK","slug":"seik-lv"}],"_links":{"self":[{"href":"https:\/\/m50.lv\/lv\/wp-json\/wp\/v2\/product\/168395","targetHints":{"allow":["GET"]}}],"collection":[{"href":"https:\/\/m50.lv\/lv\/wp-json\/wp\/v2\/product"}],"about":[{"href":"https:\/\/m50.lv\/lv\/wp-json\/wp\/v2\/types\/product"}],"version-history":[{"count":0,"href":"https:\/\/m50.lv\/lv\/wp-json\/wp\/v2\/product\/168395\/revisions"}],"wp:featuredmedia":[{"embeddable":true,"href":"https:\/\/m50.lv\/lv\/wp-json\/wp\/v2\/media\/168363"}],"wp:attachment":[{"href":"https:\/\/m50.lv\/lv\/wp-json\/wp\/v2\/media?parent=168395"}],"wp:term":[{"taxonomy":"pwb-brand","embeddable":true,"href":"https:\/\/m50.lv\/lv\/wp-json\/wp\/v2\/pwb-brand?post=168395"},{"taxonomy":"product_cat","embeddable":true,"href":"https:\/\/m50.lv\/lv\/wp-json\/wp\/v2\/product_cat?post=168395"},{"taxonomy":"product_tag","embeddable":true,"href":"https:\/\/m50.lv\/lv\/wp-json\/wp\/v2\/product_tag?post=168395"}],"curies":[{"name":"wp","href":"https:\/\/api.w.org\/{rel}","templated":true}]}}