{"id":168396,"date":"2024-02-07T19:04:18","date_gmt":"2024-02-07T17:04:18","guid":{"rendered":"https:\/\/m50.lv\/product\/seik-dizaina-kruze-labaka-kolege\/"},"modified":"2024-02-07T19:04:18","modified_gmt":"2024-02-07T17:04:18","slug":"seik-dizaina-kruze-labaka-kolege","status":"publish","type":"product","link":"https:\/\/m50.lv\/lv\/product\/seik-dizaina-kruze-labaka-kolege\/","title":{"rendered":"SEIK Dizaina kr\u016bze | Lab\u0101k\u0101 kol\u0113\u0123e"},"content":{"rendered":"<p>Lieliska ideja d\u0101vanai lab\u0101kajai kol\u0113\u0123ei dzim\u0161anas dien\u0101, citos sv\u0113tkos vai k\u0101 ideja d\u0101vanai, ko d\u0101vin\u0101t kol\u0113\u0123ei aizejot no darba.<br \/>\n\u00a0<br \/>\nKr\u016bz\u012btes tilpums ir 330 ml. Kr\u016bzi var mazg\u0101t ar rok\u0101m vai trauku mazg\u0101jamaj\u0101 ma\u0161\u012bn\u0101. Kr\u016bze ir iepakota skaist\u0101 kast\u0113.<\/p>\n","protected":false},"excerpt":{"rendered":"<p style=\"text-align: center;\">Ko uzd\u0101vin\u0101t kol\u0113\u0123ei sv\u0113tkos vai vienk\u0101r\u0161i, lai iepriecin\u0101tu un pateiktu, ka vi\u0146a ir lab\u0101k\u0101? Esam rad\u012bju\u0161i lielisku ideju d\u0101vanai kol\u0113\u0123ei, kas rad\u012bs pozit\u012bvas emocijas katru dienu un paliks atmi\u0146\u0101 v\u0113l ilgi. Kr\u016bze t\u0101s \u012bpa\u0161niecei sniegs lepnuma saj\u016btu un liks pasmaid\u012bt ikreiz, kad no t\u0101s tiks malkota t\u0113ja vai kafija.<\/p>\n","protected":false},"featured_media":168359,"template":"","meta":{"_jet_sm_ready_style":"","_jet_sm_style":"","_jet_sm_controls_values":"","_jet_sm_fonts_collection":"","_jet_sm_fonts_links":""},"pwb-brand":[1266],"product_cat":[193,1004],"product_tag":[],"class_list":{"0":"post-168396","1":"product","2":"type-product","3":"status-publish","4":"has-post-thumbnail","6":"pwb-brand-seik-lv","7":"product_cat-davanas","8":"product_cat-kruzes","10":"first","11":"instock","12":"taxable","13":"shipping-taxable","14":"purchasable","15":"product-type-simple"},"raw_content":{"name":"SEIK Dizaina kr\u016bze | Lab\u0101k\u0101 kol\u0113\u0123e","description":"<p>Lieliska ideja d\u0101vanai lab\u0101kajai kol\u0113\u0123ei dzim\u0161anas dien\u0101, citos sv\u0113tkos vai k\u0101 ideja d\u0101vanai, ko d\u0101vin\u0101t kol\u0113\u0123ei aizejot no darba.<br \/>\r\n\u00a0<br \/>\r\nKr\u016bz\u012btes tilpums ir 330 ml. Kr\u016bzi var mazg\u0101t ar rok\u0101m vai trauku mazg\u0101jamaj\u0101 ma\u0161\u012bn\u0101. Kr\u016bze ir iepakota skaist\u0101 kast\u0113.<\/p>\r\n","short_description":"<p style=\"text-align: center;\">Ko uzd\u0101vin\u0101t kol\u0113\u0123ei sv\u0113tkos vai vienk\u0101r\u0161i, lai iepriecin\u0101tu un pateiktu, ka vi\u0146a ir lab\u0101k\u0101? Esam rad\u012bju\u0161i lielisku ideju d\u0101vanai kol\u0113\u0123ei, kas rad\u012bs pozit\u012bvas emocijas katru dienu un paliks atmi\u0146\u0101 v\u0113l ilgi. Kr\u016bze t\u0101s \u012bpa\u0161niecei sniegs lepnuma saj\u016btu un liks pasmaid\u012bt ikreiz, kad no t\u0101s tiks malkota t\u0113ja vai kafija.<\/p>","status":"publish","sku":"seik-4744716015564","original":168281},"wpml":{"translation_type":1,"has_translations":true,"original":168281,"duplicates":[],"translations":{"lv":168396,"en":168281}},"brands":[{"id":1266,"name":"SEIK","slug":"seik-lv"}],"_links":{"self":[{"href":"https:\/\/m50.lv\/lv\/wp-json\/wp\/v2\/product\/168396","targetHints":{"allow":["GET"]}}],"collection":[{"href":"https:\/\/m50.lv\/lv\/wp-json\/wp\/v2\/product"}],"about":[{"href":"https:\/\/m50.lv\/lv\/wp-json\/wp\/v2\/types\/product"}],"version-history":[{"count":0,"href":"https:\/\/m50.lv\/lv\/wp-json\/wp\/v2\/product\/168396\/revisions"}],"wp:featuredmedia":[{"embeddable":true,"href":"https:\/\/m50.lv\/lv\/wp-json\/wp\/v2\/media\/168359"}],"wp:attachment":[{"href":"https:\/\/m50.lv\/lv\/wp-json\/wp\/v2\/media?parent=168396"}],"wp:term":[{"taxonomy":"pwb-brand","embeddable":true,"href":"https:\/\/m50.lv\/lv\/wp-json\/wp\/v2\/pwb-brand?post=168396"},{"taxonomy":"product_cat","embeddable":true,"href":"https:\/\/m50.lv\/lv\/wp-json\/wp\/v2\/product_cat?post=168396"},{"taxonomy":"product_tag","embeddable":true,"href":"https:\/\/m50.lv\/lv\/wp-json\/wp\/v2\/product_tag?post=168396"}],"curies":[{"name":"wp","href":"https:\/\/api.w.org\/{rel}","templated":true}]}}