{"id":168806,"date":"2024-02-14T13:52:14","date_gmt":"2024-02-14T11:52:14","guid":{"rendered":"https:\/\/m50.lv\/product\/t-krekls-tarpins\/"},"modified":"2024-02-14T14:20:40","modified_gmt":"2024-02-14T12:20:40","slug":"t-krekls-tarpins","status":"publish","type":"product","link":"https:\/\/m50.lv\/lv\/product\/t-krekls-tarpins\/","title":{"rendered":"T-krekls&#8221;Vai Tu mani m\u012bl\u0113tu, ja es b\u016btu t\u0101rpi\u0146\u0161?&#8221;"},"content":{"rendered":"<p>T-krekls&#8221;Vai Tu mani m\u012bl\u0113tu, ja es b\u016btu t\u0101rpi\u0146\u0161?&#8221;<br \/>\nUnisex T-krekls, organisk\u0101 kokvilna<\/p>\n","protected":false},"excerpt":{"rendered":"<ul>\n<li>organisk\u0101 kokvilna<\/li>\n<li>unisex, standarta izm\u0113ra piegriezne<\/li>\n<li>DTG druka<\/li>\n<\/ul>\n","protected":false},"featured_media":168798,"template":"","meta":{"_jet_sm_ready_style":"","_jet_sm_style":"","_jet_sm_controls_values":"","_jet_sm_fonts_collection":"","_jet_sm_fonts_links":""},"pwb-brand":[],"product_cat":[733,104,107],"product_tag":[1200,1436],"class_list":{"0":"post-168806","1":"product","2":"type-product","3":"status-publish","4":"has-post-thumbnail","6":"product_cat-m50","7":"product_cat-t-krekli","8":"product_cat-t-krekli-sievietem","9":"product_tag-m50-t-krekli","10":"product_tag-t-shirt-lv","12":"first","13":"outofstock","14":"taxable","15":"shipping-taxable","16":"purchasable","17":"product-type-variable"},"raw_content":{"name":"T-krekls\"Vai Tu mani m\u012bl\u0113tu, ja es b\u016btu t\u0101rpi\u0146\u0161?\"","description":"T-krekls\"Vai Tu mani m\u012bl\u0113tu, ja es b\u016btu t\u0101rpi\u0146\u0161?\"\r\nUnisex T-krekls, organisk\u0101 kokvilna","short_description":"<ul>\r\n \t<li>organisk\u0101 kokvilna<\/li>\r\n \t<li>unisex, standarta izm\u0113ra piegriezne<\/li>\r\n \t<li>DTG druka<\/li>\r\n<\/ul>","status":"publish","sku":"BED0-F1E9EB","original":168789},"wpml":{"translation_type":1,"has_translations":true,"original":168789,"duplicates":[],"translations":{"lv":168806,"en":168789}},"brands":[],"_links":{"self":[{"href":"https:\/\/m50.lv\/lv\/wp-json\/wp\/v2\/product\/168806","targetHints":{"allow":["GET"]}}],"collection":[{"href":"https:\/\/m50.lv\/lv\/wp-json\/wp\/v2\/product"}],"about":[{"href":"https:\/\/m50.lv\/lv\/wp-json\/wp\/v2\/types\/product"}],"version-history":[{"count":0,"href":"https:\/\/m50.lv\/lv\/wp-json\/wp\/v2\/product\/168806\/revisions"}],"wp:featuredmedia":[{"embeddable":true,"href":"https:\/\/m50.lv\/lv\/wp-json\/wp\/v2\/media\/168798"}],"wp:attachment":[{"href":"https:\/\/m50.lv\/lv\/wp-json\/wp\/v2\/media?parent=168806"}],"wp:term":[{"taxonomy":"pwb-brand","embeddable":true,"href":"https:\/\/m50.lv\/lv\/wp-json\/wp\/v2\/pwb-brand?post=168806"},{"taxonomy":"product_cat","embeddable":true,"href":"https:\/\/m50.lv\/lv\/wp-json\/wp\/v2\/product_cat?post=168806"},{"taxonomy":"product_tag","embeddable":true,"href":"https:\/\/m50.lv\/lv\/wp-json\/wp\/v2\/product_tag?post=168806"}],"curies":[{"name":"wp","href":"https:\/\/api.w.org\/{rel}","templated":true}]}}