{"id":169198,"date":"2024-02-22T18:59:18","date_gmt":"2024-02-22T16:59:18","guid":{"rendered":"https:\/\/m50.lv\/product\/seik-prosecco-zekes-sievietem-sarkanas-35-40-izmers-universals\/"},"modified":"2026-02-04T16:14:21","modified_gmt":"2026-02-04T14:14:21","slug":"seik-prosecco-zekes-sievietem-sarkanas-35-40-izmers-universals","status":"publish","type":"product","link":"https:\/\/m50.lv\/lv\/product\/seik-prosecco-zekes-sievietem-sarkanas-35-40-izmers-universals\/","title":{"rendered":"SEIK PROSECCO ZE\u0136ES SIEVIET\u0112M, SARKANAS, 35-40 IZM\u0112RS (UNIVERS\u0100LS)"},"content":{"rendered":"<p style=\"text-align: left;\">Saturs: kokvilna: Sast\u0101vs: 80%, poliam\u012bds: 17%, elast\u0101ns: 3%.<\/p>\n<p style=\"text-align: left;\">Uztura un ener\u0123ijas v\u0113rt\u012bbas uz 10 000 so\u013ciem ar \u0161\u012bm Prosecco ze\u0137\u0113m:<\/p>\n<p style=\"text-align: left;\">Komforts un apmierin\u0101t\u012bba 140%<br \/>\nUzlabota smadze\u0146u darb\u012bba 400 kcal<br \/>\nStipr\u0101ka sirds 100%<br \/>\nIzskat\u0101s lieliski 120%<br \/>\nIlgsto\u0161a notur\u012bba 140%<br \/>\nSl\u0101pes p\u0113c treni\u0146a 100%<br \/>\nSadedzin\u0101tas kalorijas 100%<\/p>\n","protected":false},"excerpt":{"rendered":"<p style=\"text-align: center;\">Ar Prosecco ze\u0137\u0113m katrs mirklis ir dz\u012bves svin\u012bbas. Rad\u012btas sieviet\u0113m, kas nov\u0113rt\u0113 dz\u012bves m\u0101kslu. \u0160\u012bs ze\u0137es ir stil\u012bgs atg\u0101din\u0101jums par Prosecco \u2013 It\u0101lijas ikonisko dzirksto\u0161o v\u012bnu. T\u0101s ir lieliski piem\u0113rotas t\u0101m, kas izbauda smieklus un Prosecco gl\u0101\u017eu saskandin\u0101\u0161anu. Sapulciniet meitenes, uzvelciet Prosecco ze\u0137es un \u013caujiet, lai prieks un stils piepilda j\u016bsu mirk\u013cus.<\/p>\n","protected":false},"featured_media":168992,"template":"","meta":{"_jet_sm_ready_style":"","_jet_sm_style":"","_jet_sm_controls_values":"","_jet_sm_fonts_collection":"","_jet_sm_fonts_links":""},"pwb-brand":[1266],"product_cat":[101,193,567],"product_tag":[1510,1562],"class_list":{"0":"post-169198","1":"product","2":"type-product","3":"status-publish","4":"has-post-thumbnail","6":"pwb-brand-seik-lv","7":"product_cat-aksesuari","8":"product_cat-davanas","9":"product_cat-zekes","10":"product_tag-janu-ligo-davanu-idejas","11":"product_tag-valentindienas-davanas","13":"first","14":"instock","15":"taxable","16":"shipping-taxable","17":"purchasable","18":"product-type-simple"},"raw_content":{"name":"SEIK PROSECCO ZE\u0136ES SIEVIET\u0112M, SARKANAS, 35-40 IZM\u0112RS (UNIVERS\u0100LS)","description":"<p style=\"text-align: left;\">Saturs: kokvilna: Sast\u0101vs: 80%, poliam\u012bds: 17%, elast\u0101ns: 3%.<\/p>\r\n<p style=\"text-align: left;\">Uztura un ener\u0123ijas v\u0113rt\u012bbas uz 10 000 so\u013ciem ar \u0161\u012bm Prosecco ze\u0137\u0113m:<\/p>\r\n<p style=\"text-align: left;\">Komforts un apmierin\u0101t\u012bba 140%\r\nUzlabota smadze\u0146u darb\u012bba 400 kcal\r\nStipr\u0101ka sirds 100%\r\nIzskat\u0101s lieliski 120%\r\nIlgsto\u0161a notur\u012bba 140%\r\nSl\u0101pes p\u0113c treni\u0146a 100%\r\nSadedzin\u0101tas kalorijas 100%<\/p>","short_description":"<p style=\"text-align: center;\">Ar Prosecco ze\u0137\u0113m katrs mirklis ir dz\u012bves svin\u012bbas. Rad\u012btas sieviet\u0113m, kas nov\u0113rt\u0113 dz\u012bves m\u0101kslu. \u0160\u012bs ze\u0137es ir stil\u012bgs atg\u0101din\u0101jums par Prosecco \u2013 It\u0101lijas ikonisko dzirksto\u0161o v\u012bnu. T\u0101s ir lieliski piem\u0113rotas t\u0101m, kas izbauda smieklus un Prosecco gl\u0101\u017eu saskandin\u0101\u0161anu. Sapulciniet meitenes, uzvelciet Prosecco ze\u0137es un \u013caujiet, lai prieks un stils piepilda j\u016bsu mirk\u013cus.<\/p>","status":"publish","sku":"seik-4745091611907","original":169099},"wpml":{"translation_type":1,"has_translations":true,"original":169099,"duplicates":[],"translations":{"lv":169198,"en":169099}},"brands":[{"id":1266,"name":"SEIK","slug":"seik-lv"}],"_links":{"self":[{"href":"https:\/\/m50.lv\/lv\/wp-json\/wp\/v2\/product\/169198","targetHints":{"allow":["GET"]}}],"collection":[{"href":"https:\/\/m50.lv\/lv\/wp-json\/wp\/v2\/product"}],"about":[{"href":"https:\/\/m50.lv\/lv\/wp-json\/wp\/v2\/types\/product"}],"version-history":[{"count":0,"href":"https:\/\/m50.lv\/lv\/wp-json\/wp\/v2\/product\/169198\/revisions"}],"wp:featuredmedia":[{"embeddable":true,"href":"https:\/\/m50.lv\/lv\/wp-json\/wp\/v2\/media\/168992"}],"wp:attachment":[{"href":"https:\/\/m50.lv\/lv\/wp-json\/wp\/v2\/media?parent=169198"}],"wp:term":[{"taxonomy":"pwb-brand","embeddable":true,"href":"https:\/\/m50.lv\/lv\/wp-json\/wp\/v2\/pwb-brand?post=169198"},{"taxonomy":"product_cat","embeddable":true,"href":"https:\/\/m50.lv\/lv\/wp-json\/wp\/v2\/product_cat?post=169198"},{"taxonomy":"product_tag","embeddable":true,"href":"https:\/\/m50.lv\/lv\/wp-json\/wp\/v2\/product_tag?post=169198"}],"curies":[{"name":"wp","href":"https:\/\/api.w.org\/{rel}","templated":true}]}}