{"id":169205,"date":"2024-02-22T19:20:26","date_gmt":"2024-02-22T17:20:26","guid":{"rendered":"https:\/\/m50.lv\/product\/rains-sieviesu-lietusmetelis-gaisi-zals\/"},"modified":"2025-06-17T15:23:09","modified_gmt":"2025-06-17T13:23:09","slug":"rains-sieviesu-lietusmetelis-gaisi-zals","status":"publish","type":"product","link":"https:\/\/m50.lv\/lv\/product\/rains-sieviesu-lietusmetelis-gaisi-zals\/","title":{"rendered":"Rains Sievie\u0161u Lietusm\u0113telis | Gai\u0161i za\u013c\u0161"},"content":{"rendered":"<p style=\"text-align: left;\">\u0160\u012b \u016bdensnecaurlaid\u012bg\u0101 jaka ir izgriezta no Rains rakstur\u012bg\u0101 PU materi\u0101la un tai ir ar l\u012bm\u0113tas \u0161uves. Apdare ir viegla ar m\u012bkstu saj\u016btu.<\/p>\n<p style=\"text-align: left;\">\u016adensdro\u0161s<br \/>\nV\u0113ja necaurlaid\u012bgs<br \/>\nViegls<br \/>\nVentil\u0101cija<\/p>\n<p style=\"text-align: left;\">Mazg\u0101t ve\u013casma\u0161\u012bn\u0101 aukst\u0101 \u016bden\u012b 30\u00b0C\/85\u00b0F.<br \/>\nNebalin\u0101t.<br \/>\nNedr\u012bkst \u017e\u0101v\u0113t ve\u013cas ma\u0161\u012bn\u0101.<br \/>\nNedr\u012bkst gludin\u0101t<br \/>\nNedr\u012bkst \u0137\u012bmiski t\u012br\u012bt.<br \/>\nNeizmantojiet ve\u013cas m\u012bkstin\u0101t\u0101ju.<br \/>\nMazg\u0101t ar l\u012bdz\u012bg\u0101m kr\u0101s\u0101m.<\/p>\n<p style=\"text-align: left;\">Komforts: \u016bdensiztur\u012bgs, v\u0113ja necaurlaid\u012bgs, viegls, ventil\u0113jams<br \/>\nMateri\u0101ls: 100% poliesters ar poliuret\u0101na p\u0101rkl\u0101jumu<br \/>\n\u016adens kolonnas spiediens: 4000 mm<br \/>\n\u016adensiztur\u012bbas v\u0113rt\u0113jums: W3 \u2013 \u016adensnecaurlaid\u012bga aizsardz\u012bba pret vieglu lietus<br \/>\nPiem\u0113rots sieviet\u0113m<br \/>\nV\u0113ja necaurlaid\u012bgs: aizsarg\u0101 pret v\u0113ja un aukstumu<\/p>\n","protected":false},"excerpt":{"rendered":"<p style=\"text-align: center;\">Rains interpret\u0101cija par sievie\u0161u \u201cTrench\u201d m\u0113teli. Minim\u0101lais dizains nodro\u0161ina fig\u016brai glaimojo\u0161u A-l\u012bnijas siluetu. Jakai ir savelkama kapuce ar nadzi\u0146u, r\u0101v\u0113jsl\u0113dz\u0113ja aizdare, regul\u0113jamas aproces un pagarin\u0101ta apak\u0161mala. Dizains ir papildin\u0101ts ar div\u0101m priek\u0161\u0113j\u0101m kabat\u0101m.<\/p>\n","protected":false},"featured_media":169020,"template":"","meta":{"_jet_sm_ready_style":"","_jet_sm_style":"","_jet_sm_controls_values":"","_jet_sm_fonts_collection":"","_jet_sm_fonts_links":""},"pwb-brand":[1252],"product_cat":[102,853,854,105,103],"product_tag":[1366,1510],"class_list":{"0":"post-169205","1":"product","2":"type-product","3":"status-publish","4":"has-post-thumbnail","6":"pwb-brand-rains-lv","7":"product_cat-apgerbs","8":"product_cat-lietusmeteli","9":"product_cat-lietusmeteli-lv","10":"product_cat-sievietem","11":"product_cat-viriesiem","12":"product_tag-back-2-school-lv","13":"product_tag-janu-ligo-davanu-idejas","15":"first","16":"instock","17":"sale","18":"taxable","19":"shipping-taxable","20":"purchasable","21":"product-type-variable"},"raw_content":{"name":"Rains Sievie\u0161u Lietusm\u0113telis | Gai\u0161i za\u013c\u0161","description":"<p style=\"text-align: left;\">\u0160\u012b \u016bdensnecaurlaid\u012bg\u0101 jaka ir izgriezta no Rains rakstur\u012bg\u0101 PU materi\u0101la un tai ir ar l\u012bm\u0113tas \u0161uves. Apdare ir viegla ar m\u012bkstu saj\u016btu.<\/p>\r\n<p style=\"text-align: left;\">\u016adensdro\u0161s\r\nV\u0113ja necaurlaid\u012bgs\r\nViegls\r\nVentil\u0101cija<\/p>\r\n<p style=\"text-align: left;\">Mazg\u0101t ve\u013casma\u0161\u012bn\u0101 aukst\u0101 \u016bden\u012b 30\u00b0C\/85\u00b0F.\r\nNebalin\u0101t.\r\nNedr\u012bkst \u017e\u0101v\u0113t ve\u013cas ma\u0161\u012bn\u0101.\r\nNedr\u012bkst gludin\u0101t\r\nNedr\u012bkst \u0137\u012bmiski t\u012br\u012bt.\r\nNeizmantojiet ve\u013cas m\u012bkstin\u0101t\u0101ju.\r\nMazg\u0101t ar l\u012bdz\u012bg\u0101m kr\u0101s\u0101m.<\/p>\r\n<p style=\"text-align: left;\">Komforts: \u016bdensiztur\u012bgs, v\u0113ja necaurlaid\u012bgs, viegls, ventil\u0113jams\r\nMateri\u0101ls: 100% poliesters ar poliuret\u0101na p\u0101rkl\u0101jumu\r\n\u016adens kolonnas spiediens: 4000 mm\r\n\u016adensiztur\u012bbas v\u0113rt\u0113jums: W3 \u2013 \u016adensnecaurlaid\u012bga aizsardz\u012bba pret vieglu lietus\r\nPiem\u0113rots sieviet\u0113m\r\nV\u0113ja necaurlaid\u012bgs: aizsarg\u0101 pret v\u0113ja un aukstumu<\/p>","short_description":"<p style=\"text-align: center;\">Rains interpret\u0101cija par sievie\u0161u \u201cTrench\u201d m\u0113teli. Minim\u0101lais dizains nodro\u0161ina fig\u016brai glaimojo\u0161u A-l\u012bnijas siluetu. Jakai ir savelkama kapuce ar nadzi\u0146u, r\u0101v\u0113jsl\u0113dz\u0113ja aizdare, regul\u0113jamas aproces un pagarin\u0101ta apak\u0161mala. Dizains ir papildin\u0101ts ar div\u0101m priek\u0161\u0113j\u0101m kabat\u0101m.<\/p>","status":"publish","sku":"RAINS-Curve-W-Jacket-Earth","original":169120},"wpml":{"translation_type":1,"has_translations":true,"original":169120,"duplicates":[],"translations":{"lv":169205,"en":169120}},"brands":[{"id":1252,"name":"Rains","slug":"rains-lv"}],"_links":{"self":[{"href":"https:\/\/m50.lv\/lv\/wp-json\/wp\/v2\/product\/169205","targetHints":{"allow":["GET"]}}],"collection":[{"href":"https:\/\/m50.lv\/lv\/wp-json\/wp\/v2\/product"}],"about":[{"href":"https:\/\/m50.lv\/lv\/wp-json\/wp\/v2\/types\/product"}],"version-history":[{"count":0,"href":"https:\/\/m50.lv\/lv\/wp-json\/wp\/v2\/product\/169205\/revisions"}],"wp:featuredmedia":[{"embeddable":true,"href":"https:\/\/m50.lv\/lv\/wp-json\/wp\/v2\/media\/169020"}],"wp:attachment":[{"href":"https:\/\/m50.lv\/lv\/wp-json\/wp\/v2\/media?parent=169205"}],"wp:term":[{"taxonomy":"pwb-brand","embeddable":true,"href":"https:\/\/m50.lv\/lv\/wp-json\/wp\/v2\/pwb-brand?post=169205"},{"taxonomy":"product_cat","embeddable":true,"href":"https:\/\/m50.lv\/lv\/wp-json\/wp\/v2\/product_cat?post=169205"},{"taxonomy":"product_tag","embeddable":true,"href":"https:\/\/m50.lv\/lv\/wp-json\/wp\/v2\/product_tag?post=169205"}],"curies":[{"name":"wp","href":"https:\/\/api.w.org\/{rel}","templated":true}]}}