{"id":169217,"date":"2024-02-22T19:36:23","date_gmt":"2024-02-22T17:36:23","guid":{"rendered":"https:\/\/m50.lv\/product\/rains-lietus-jaka-tumsi-zila\/"},"modified":"2025-06-17T15:23:06","modified_gmt":"2025-06-17T13:23:06","slug":"rains-lietus-jaka-tumsi-zila","status":"publish","type":"product","link":"https:\/\/m50.lv\/lv\/product\/rains-lietus-jaka-tumsi-zila\/","title":{"rendered":"Rains Lietus jaka | Tum\u0161i zila"},"content":{"rendered":"<p style=\"text-align: left;\">Divvirziena, \u016bdensnecaurlaid\u012bgs r\u0101v\u0113jsl\u0113dzis<br \/>\nelast\u012bga piedurk\u0146u mala<br \/>\niestr\u0101d\u0101ta ventil\u0101cija<br \/>\n2 priek\u0161\u0113j\u0101s kabatas<br \/>\napak\u0161mala regul\u0113jama ar atstarojo\u0161iem stri\u0137iem<br \/>\nkapuce ar nadzi\u0146u un regul\u0113jama ar atstarojo\u0161iem stri\u0137iem<\/p>\n","protected":false},"excerpt":{"rendered":"<p style=\"text-align: center;\">Storm Breaker ir sportiska stila \u012bs\u0101 lietusjaka. Modelim ir iestr\u0101d\u0101ts \u016bndensnecaurlaid\u012bgs r\u0101v\u0113jsl\u0113dzis, kapuce ar nadzi\u0146u, kas pasarg\u0101 no lietus, un atstarojo\u0161i stri\u0137\u012b\u0161i. \u0160is dizains ir viegls, sportam piem\u0113rots, ar elast\u012bgu piedurk\u0146u mali\u0146u. garais: \u016adeni atgr\u016bdo\u0161s materi\u0101ls \u2013 4000 mm\/cm2 \u016bdens spiediena iztur\u012bba<\/p>\n","protected":false},"featured_media":169028,"template":"","meta":{"_jet_sm_ready_style":"","_jet_sm_style":"","_jet_sm_controls_values":"","_jet_sm_fonts_collection":"","_jet_sm_fonts_links":""},"pwb-brand":[140],"product_cat":[102,854,853,105,103],"product_tag":[1365,1509],"class_list":{"0":"post-169217","1":"product","2":"type-product","3":"status-publish","4":"has-post-thumbnail","6":"pwb-brand-rains","7":"product_cat-apgerbs","8":"product_cat-lietusmeteli-lv","9":"product_cat-lietusmeteli","10":"product_cat-sievietem","11":"product_cat-viriesiem","12":"product_tag-back-2-school","13":"product_tag-summer-solstice-gift-ideas","15":"first","16":"instock","17":"sale","18":"taxable","19":"shipping-taxable","20":"purchasable","21":"product-type-variable"},"raw_content":{"name":"Rains Lietus jaka | Tum\u0161i zila","description":"<p style=\"text-align: left;\">Divvirziena, \u016bdensnecaurlaid\u012bgs r\u0101v\u0113jsl\u0113dzis\r\nelast\u012bga piedurk\u0146u mala\r\niestr\u0101d\u0101ta ventil\u0101cija\r\n2 priek\u0161\u0113j\u0101s kabatas\r\napak\u0161mala regul\u0113jama ar atstarojo\u0161iem stri\u0137iem\r\nkapuce ar nadzi\u0146u un regul\u0113jama ar atstarojo\u0161iem stri\u0137iem<\/p>","short_description":"<p style=\"text-align: center;\">Storm Breaker ir sportiska stila \u012bs\u0101 lietusjaka. Modelim ir iestr\u0101d\u0101ts \u016bndensnecaurlaid\u012bgs r\u0101v\u0113jsl\u0113dzis, kapuce ar nadzi\u0146u, kas pasarg\u0101 no lietus, un atstarojo\u0161i stri\u0137\u012b\u0161i. \u0160is dizains ir viegls, sportam piem\u0113rots, ar elast\u012bgu piedurk\u0146u mali\u0146u. garais: \u016adeni atgr\u016bdo\u0161s materi\u0101ls \u2013 4000 mm\/cm2 \u016bdens spiediena iztur\u012bba<\/p>","status":"publish","sku":"RAINSStormBreaker-Navy","original":169123},"wpml":{"translation_type":1,"has_translations":true,"original":169123,"duplicates":[],"translations":{"lv":169217,"en":169123}},"brands":[{"id":1252,"name":"Rains","slug":"rains-lv"}],"_links":{"self":[{"href":"https:\/\/m50.lv\/lv\/wp-json\/wp\/v2\/product\/169217","targetHints":{"allow":["GET"]}}],"collection":[{"href":"https:\/\/m50.lv\/lv\/wp-json\/wp\/v2\/product"}],"about":[{"href":"https:\/\/m50.lv\/lv\/wp-json\/wp\/v2\/types\/product"}],"version-history":[{"count":0,"href":"https:\/\/m50.lv\/lv\/wp-json\/wp\/v2\/product\/169217\/revisions"}],"wp:featuredmedia":[{"embeddable":true,"href":"https:\/\/m50.lv\/lv\/wp-json\/wp\/v2\/media\/169028"}],"wp:attachment":[{"href":"https:\/\/m50.lv\/lv\/wp-json\/wp\/v2\/media?parent=169217"}],"wp:term":[{"taxonomy":"pwb-brand","embeddable":true,"href":"https:\/\/m50.lv\/lv\/wp-json\/wp\/v2\/pwb-brand?post=169217"},{"taxonomy":"product_cat","embeddable":true,"href":"https:\/\/m50.lv\/lv\/wp-json\/wp\/v2\/product_cat?post=169217"},{"taxonomy":"product_tag","embeddable":true,"href":"https:\/\/m50.lv\/lv\/wp-json\/wp\/v2\/product_tag?post=169217"}],"curies":[{"name":"wp","href":"https:\/\/api.w.org\/{rel}","templated":true}]}}