{"id":169466,"date":"2024-03-01T09:43:17","date_gmt":"2024-03-01T07:43:17","guid":{"rendered":"https:\/\/m50.lv\/product\/iidziiba-unisex-organiskas-kokvilnas-t-krekls-cooltura\/"},"modified":"2026-04-14T13:44:51","modified_gmt":"2026-04-14T11:44:51","slug":"iidziiba-unisex-organiskas-kokvilnas-t-krekls-cooltura","status":"publish","type":"product","link":"https:\/\/m50.lv\/lv\/product\/iidziiba-unisex-organiskas-kokvilnas-t-krekls-cooltura\/","title":{"rendered":"iidziiba Unisex Organiskas Kokvilnas T Krekls | COOLT\u016aRA"},"content":{"rendered":"<p style=\"text-align: left;\">Krekls ra\u017eots ES, druk\u0101ts R\u012bg\u0101.<\/p>\n<p style=\"text-align: left;\">Ieteicams mazg\u0101t 30C gr\u0101du temperat\u016br\u0101, izgrie\u017eot iek\u0161pusi uz \u0101ru, neizmantot autom\u0101tisko \u017e\u0101v\u0113t\u0101ju.<\/p>\n<p style=\"text-align: left;\">Auduma bl\u012bvums: 180 G\/M\u00b2<br \/>\n<img fetchpriority=\"high\" decoding=\"async\" class=\"alignnone size-full wp-image-169423\" src=\"https:\/\/m50.lv\/wp-content\/uploads\/2024\/03\/M50-standart-unisex-1-2-1.jpg\" alt=\"\" width=\"897\" height=\"702\" srcset=\"https:\/\/m50.lv\/wp-content\/uploads\/2024\/03\/M50-standart-unisex-1-2-1.jpg 897w, https:\/\/m50.lv\/wp-content\/uploads\/2024\/03\/M50-standart-unisex-1-2-1-300x235.jpg 300w, https:\/\/m50.lv\/wp-content\/uploads\/2024\/03\/M50-standart-unisex-1-2-1-768x601.jpg 768w\" sizes=\"(max-width: 897px) 100vw, 897px\" \/><\/p>\n","protected":false},"excerpt":{"rendered":"<p style=\"text-align: center;\">iidziiba ir priv\u0101tdz\u012bves m\u0113ris, kaimi\u0146u sadz\u012bves lietuv\u0113ns un m\u0101jas velns. Melns kokvilnas krekli\u0146\u0161 ar aspr\u0101t\u012bgu un smiekl\u012bgu uzrakstu.<\/p>\n","protected":false},"featured_media":169400,"template":"","meta":{"_jet_sm_ready_style":"","_jet_sm_style":"","_jet_sm_controls_values":"","_jet_sm_fonts_collection":"","_jet_sm_fonts_links":""},"pwb-brand":[1257],"product_cat":[102,193,105,104,107,103],"product_tag":[],"class_list":{"0":"post-169466","1":"product","2":"type-product","3":"status-publish","4":"has-post-thumbnail","6":"pwb-brand-iidziiba-lv","7":"product_cat-apgerbs","8":"product_cat-davanas","9":"product_cat-sievietem","10":"product_cat-t-krekli","11":"product_cat-t-krekli-sievietem","12":"product_cat-viriesiem","14":"first","15":"instock","16":"taxable","17":"shipping-taxable","18":"purchasable","19":"product-type-variable"},"raw_content":{"name":"iidziiba Unisex Organiskas Kokvilnas T Krekls | COOLT\u016aRA","description":"<p style=\"text-align: left;\">Krekls ra\u017eots ES, druk\u0101ts R\u012bg\u0101.<\/p>\r\n<p style=\"text-align: left;\">Ieteicams mazg\u0101t 30C gr\u0101du temperat\u016br\u0101, izgrie\u017eot iek\u0161pusi uz \u0101ru, neizmantot autom\u0101tisko \u017e\u0101v\u0113t\u0101ju.<\/p>\r\n<p style=\"text-align: left;\">Auduma bl\u012bvums: 180 G\/M\u00b2\r\n<img class=\"alignnone size-full wp-image-169423\" src=\"https:\/\/m50.lv\/wp-content\/uploads\/2024\/03\/M50-standart-unisex-1-2-1.jpg\" alt=\"\" width=\"897\" height=\"702\" \/><\/p>","short_description":"<p style=\"text-align: center;\">iidziiba ir priv\u0101tdz\u012bves m\u0113ris, kaimi\u0146u sadz\u012bves lietuv\u0113ns un m\u0101jas velns. Melns kokvilnas krekli\u0146\u0161 ar aspr\u0101t\u012bgu un smiekl\u012bgu uzrakstu.<\/p>","status":"publish","sku":"iidziiba-cooltura-black-unisex","original":169406},"wpml":{"translation_type":1,"has_translations":true,"original":169406,"duplicates":[],"translations":{"lv":169466,"en":169406}},"brands":[{"id":1257,"name":"iidziiba","slug":"iidziiba-lv"}],"_links":{"self":[{"href":"https:\/\/m50.lv\/lv\/wp-json\/wp\/v2\/product\/169466","targetHints":{"allow":["GET"]}}],"collection":[{"href":"https:\/\/m50.lv\/lv\/wp-json\/wp\/v2\/product"}],"about":[{"href":"https:\/\/m50.lv\/lv\/wp-json\/wp\/v2\/types\/product"}],"version-history":[{"count":0,"href":"https:\/\/m50.lv\/lv\/wp-json\/wp\/v2\/product\/169466\/revisions"}],"wp:featuredmedia":[{"embeddable":true,"href":"https:\/\/m50.lv\/lv\/wp-json\/wp\/v2\/media\/169400"}],"wp:attachment":[{"href":"https:\/\/m50.lv\/lv\/wp-json\/wp\/v2\/media?parent=169466"}],"wp:term":[{"taxonomy":"pwb-brand","embeddable":true,"href":"https:\/\/m50.lv\/lv\/wp-json\/wp\/v2\/pwb-brand?post=169466"},{"taxonomy":"product_cat","embeddable":true,"href":"https:\/\/m50.lv\/lv\/wp-json\/wp\/v2\/product_cat?post=169466"},{"taxonomy":"product_tag","embeddable":true,"href":"https:\/\/m50.lv\/lv\/wp-json\/wp\/v2\/product_tag?post=169466"}],"curies":[{"name":"wp","href":"https:\/\/api.w.org\/{rel}","templated":true}]}}