{"id":169810,"date":"2024-03-18T20:35:03","date_gmt":"2024-03-18T18:35:03","guid":{"rendered":"https:\/\/m50.lv\/product\/seik-pasu-aizpildama-davanu-gramata-100-lietas-ko-es-tevi-milu-mamma\/"},"modified":"2024-03-18T20:35:03","modified_gmt":"2024-03-18T18:35:03","slug":"seik-pasu-aizpildama-davanu-gramata-100-lietas-ko-es-tevi-milu-mamma","status":"publish","type":"product","link":"https:\/\/m50.lv\/lv\/product\/seik-pasu-aizpildama-davanu-gramata-100-lietas-ko-es-tevi-milu-mamma\/","title":{"rendered":"SEIK &#8211; pa\u0161u aizpild\u0101ma d\u0101vanu gr\u0101mata &#8220;100 lietas, ko es tev\u012b m\u012blu, mamma&#8221;"},"content":{"rendered":"<p>Apkopojiet \u0161aj\u0101 gr\u0101mat\u0101 100 neaizmirstama\u0304ka\u0304s lietas, ko m\u012blat mamm\u0101 visvair\u0101k. Papildiniet m\u016bsu ies\u0101ktos teikumus un fr\u0101zes ar Jums \u012bpa\u0161\u0101m atmi\u0146\u0101m.<br \/>\nM\u0113s esam p\u0101rliecin\u0101ti \u2013 \u0161\u012b gr\u0101mata savi\u013c\u0146os mammu no sirds dzi\u013cumiem un t\u0101 b\u016bs lieliska d\u0101vana ikvienos sv\u0113tkos \u2013 M\u0101mi\u0146dien\u0101, Dzim\u0161anas dien\u0101, Ziemassv\u0113tkos un pat k\u0101zu dien\u0101, kad v\u0113laties pateikt mammai, cik daudz vi\u0146a Jums noz\u012bm\u0113.<\/p>\n","protected":false},"excerpt":{"rendered":"<p style=\"text-align: center;\">Uzd\u0101viniet mammai \u012bpa\u0161u gr\u0101matu. Pa\u0161u aizpild\u0101mu gr\u0101matu, kas glab\u0101s visus \u012bpa\u0161os iemeslus un atmi\u0146as, k\u0101p\u0113c tik \u013coti vi\u0146u m\u012blat.<\/p>\n","protected":false},"featured_media":169744,"template":"","meta":{"_jet_sm_ready_style":"","_jet_sm_style":"","_jet_sm_controls_values":"","_jet_sm_fonts_collection":"","_jet_sm_fonts_links":""},"pwb-brand":[1266],"product_cat":[193,109],"product_tag":[1579],"class_list":{"0":"post-169810","1":"product","2":"type-product","3":"status-publish","4":"has-post-thumbnail","6":"pwb-brand-seik-lv","7":"product_cat-davanas","8":"product_cat-gramatas","9":"product_tag-davanas-mammai","11":"first","12":"instock","13":"taxable","14":"shipping-taxable","15":"purchasable","16":"product-type-simple"},"raw_content":{"name":"SEIK - pa\u0161u aizpild\u0101ma d\u0101vanu gr\u0101mata \"100 lietas, ko es tev\u012b m\u012blu, mamma\"","description":"<p>Apkopojiet \u0161aj\u0101 gr\u0101mat\u0101 100 neaizmirstama\u0304ka\u0304s lietas, ko m\u012blat mamm\u0101 visvair\u0101k. Papildiniet m\u016bsu ies\u0101ktos teikumus un fr\u0101zes ar Jums \u012bpa\u0161\u0101m atmi\u0146\u0101m.<br \/>\r\nM\u0113s esam p\u0101rliecin\u0101ti \u2013 \u0161\u012b gr\u0101mata savi\u013c\u0146os mammu no sirds dzi\u013cumiem un t\u0101 b\u016bs lieliska d\u0101vana ikvienos sv\u0113tkos \u2013 M\u0101mi\u0146dien\u0101, Dzim\u0161anas dien\u0101, Ziemassv\u0113tkos un pat k\u0101zu dien\u0101, kad v\u0113laties pateikt mammai, cik daudz vi\u0146a Jums noz\u012bm\u0113.<\/p>\r\n","short_description":"<p style=\"text-align: center;\">Uzd\u0101viniet mammai \u012bpa\u0161u gr\u0101matu. Pa\u0161u aizpild\u0101mu gr\u0101matu, kas glab\u0101s visus \u012bpa\u0161os iemeslus un atmi\u0146as, k\u0101p\u0113c tik \u013coti vi\u0146u m\u012blat.<\/p>","status":"publish","sku":"seik-4744716014819","original":169738},"wpml":{"translation_type":1,"has_translations":true,"original":169738,"duplicates":[],"translations":{"lv":169810,"en":169738}},"brands":[{"id":1266,"name":"SEIK","slug":"seik-lv"}],"_links":{"self":[{"href":"https:\/\/m50.lv\/lv\/wp-json\/wp\/v2\/product\/169810","targetHints":{"allow":["GET"]}}],"collection":[{"href":"https:\/\/m50.lv\/lv\/wp-json\/wp\/v2\/product"}],"about":[{"href":"https:\/\/m50.lv\/lv\/wp-json\/wp\/v2\/types\/product"}],"version-history":[{"count":0,"href":"https:\/\/m50.lv\/lv\/wp-json\/wp\/v2\/product\/169810\/revisions"}],"wp:featuredmedia":[{"embeddable":true,"href":"https:\/\/m50.lv\/lv\/wp-json\/wp\/v2\/media\/169744"}],"wp:attachment":[{"href":"https:\/\/m50.lv\/lv\/wp-json\/wp\/v2\/media?parent=169810"}],"wp:term":[{"taxonomy":"pwb-brand","embeddable":true,"href":"https:\/\/m50.lv\/lv\/wp-json\/wp\/v2\/pwb-brand?post=169810"},{"taxonomy":"product_cat","embeddable":true,"href":"https:\/\/m50.lv\/lv\/wp-json\/wp\/v2\/product_cat?post=169810"},{"taxonomy":"product_tag","embeddable":true,"href":"https:\/\/m50.lv\/lv\/wp-json\/wp\/v2\/product_tag?post=169810"}],"curies":[{"name":"wp","href":"https:\/\/api.w.org\/{rel}","templated":true}]}}