{"id":170253,"date":"2024-04-13T10:30:16","date_gmt":"2024-04-13T08:30:16","guid":{"rendered":"https:\/\/m50.lv\/product\/m50-kreklins-ar-garam-piedurknem-tumsi-zils\/"},"modified":"2026-02-23T14:43:44","modified_gmt":"2026-02-23T12:43:44","slug":"m50-kreklins-ar-garam-piedurknem-tumsi-zils","status":"publish","type":"product","link":"https:\/\/m50.lv\/lv\/product\/m50-kreklins-ar-garam-piedurknem-tumsi-zils\/","title":{"rendered":"M50 Krekli\u0146\u0161 ar gar\u0101m piedurkn\u0113m | Tum\u0161i zils"},"content":{"rendered":"<p style=\"text-align: left;\">\u016asi\u0146\u0161 &#8211; modina un sak\u0101rto dabu, norises un cilv\u0113kus. garais: Esam veiku\u0161as p\u0101ris uzlabojumus piegrieztn\u0113 \u2013 piedurk\u0146u gali ir mazliet paplatin\u0101ti, un kakla izgriezums nedaudz samazin\u0101ts \u2013 lai silt\u0101k, \u0113rt\u0101k, diskr\u0113t\u0101k. M50 fejas pa\u0161as valk\u0101 un citiem iesaka! Velc k\u0101 piegulo\u0161u topi\u0146u pie sv\u0101rkiem vai biks\u0113m, un ar\u012b zem p\u016bkain\u0101 d\u017eemper\u012b\u0161a un m\u012b\u013c\u0101k\u0101s kleitas \u2013 saj\u016bta b\u016bs kolos\u0101la!<\/p>\n<p style=\"text-align: left;\">Skaista kr\u0101su gamma, izcili saskan ar legingiem no M50 kolekcijas!<\/p>\n<p style=\"text-align: left;\">Materi\u0101ls: 92% viskoze, 8% elast\u0101ns.<\/p>\n","protected":false},"excerpt":{"rendered":"<p style=\"text-align: center;\">Jaun\u0101 kolekcija Second Skin krekli\u0146iem, ar standartiem atbilsto\u0161iem izm\u0113riem skal\u0101 no S-XL ikdienai un sportam! Der k\u0101 uzliets \u2013 k\u0101 \u201cotr\u0101 \u0101di\u0146a\u201d \u2013 siltumam un skaistumam. Krekli\u0146am neapstr\u0101d\u0101ts laivi\u0146veida kakla izgriezums, pagarin\u0101ts piedurk\u0146u garums, viduk\u013ca l\u012bnija. Nevienas liekas v\u012bl\u012btes.<\/p>\n","protected":false},"featured_media":186955,"template":"","meta":{"_jet_sm_ready_style":"","_jet_sm_style":"","_jet_sm_controls_values":"","_jet_sm_fonts_collection":"","_jet_sm_fonts_links":""},"pwb-brand":[1249],"product_cat":[1306,105,913],"product_tag":[1579,850,1331,1312],"class_list":{"0":"post-170253","1":"product","2":"type-product","3":"status-publish","4":"has-post-thumbnail","6":"pwb-brand-m50-lv","7":"product_cat-second-skin-lv","8":"product_cat-sievietem","9":"product_cat-topi-lv","10":"product_tag-davanas-mammai","11":"product_tag-second-skin-lv","12":"product_tag-sspamatkolekcija","13":"product_tag-secondskin-lv","15":"first","16":"instock","17":"taxable","18":"shipping-taxable","19":"purchasable","20":"product-type-variable"},"raw_content":{"name":"M50 Krekli\u0146\u0161 ar gar\u0101m piedurkn\u0113m | Tum\u0161i zils","description":"<p style=\"text-align: left;\">\u016asi\u0146\u0161 - modina un sak\u0101rto dabu, norises un cilv\u0113kus. garais: Esam veiku\u0161as p\u0101ris uzlabojumus piegrieztn\u0113 \u2013 piedurk\u0146u gali ir mazliet paplatin\u0101ti, un kakla izgriezums nedaudz samazin\u0101ts \u2013 lai silt\u0101k, \u0113rt\u0101k, diskr\u0113t\u0101k. M50 fejas pa\u0161as valk\u0101 un citiem iesaka! Velc k\u0101 piegulo\u0161u topi\u0146u pie sv\u0101rkiem vai biks\u0113m, un ar\u012b zem p\u016bkain\u0101 d\u017eemper\u012b\u0161a un m\u012b\u013c\u0101k\u0101s kleitas \u2013 saj\u016bta b\u016bs kolos\u0101la!<\/p>\r\n<p style=\"text-align: left;\">Skaista kr\u0101su gamma, izcili saskan ar legingiem no M50 kolekcijas!<\/p>\r\n<p style=\"text-align: left;\">Materi\u0101ls: 92% viskoze, 8% elast\u0101ns.<\/p>","short_description":"<p style=\"text-align: center;\">Jaun\u0101 kolekcija Second Skin krekli\u0146iem, ar standartiem atbilsto\u0161iem izm\u0113riem skal\u0101 no S-XL ikdienai un sportam! Der k\u0101 uzliets \u2013 k\u0101 \u201cotr\u0101 \u0101di\u0146a\u201d \u2013 siltumam un skaistumam. Krekli\u0146am neapstr\u0101d\u0101ts laivi\u0146veida kakla izgriezums, pagarin\u0101ts piedurk\u0146u garums, viduk\u013ca l\u012bnija. Nevienas liekas v\u012bl\u012btes.<\/p>","status":"publish","sku":"M50-Long-Sleeve-Navy-24","original":170107},"wpml":{"translation_type":1,"has_translations":true,"original":170107,"duplicates":[],"translations":{"lv":170253,"en":170107}},"brands":[{"id":1249,"name":"M50","slug":"m50-lv"}],"_links":{"self":[{"href":"https:\/\/m50.lv\/lv\/wp-json\/wp\/v2\/product\/170253","targetHints":{"allow":["GET"]}}],"collection":[{"href":"https:\/\/m50.lv\/lv\/wp-json\/wp\/v2\/product"}],"about":[{"href":"https:\/\/m50.lv\/lv\/wp-json\/wp\/v2\/types\/product"}],"version-history":[{"count":0,"href":"https:\/\/m50.lv\/lv\/wp-json\/wp\/v2\/product\/170253\/revisions"}],"wp:featuredmedia":[{"embeddable":true,"href":"https:\/\/m50.lv\/lv\/wp-json\/wp\/v2\/media\/186955"}],"wp:attachment":[{"href":"https:\/\/m50.lv\/lv\/wp-json\/wp\/v2\/media?parent=170253"}],"wp:term":[{"taxonomy":"pwb-brand","embeddable":true,"href":"https:\/\/m50.lv\/lv\/wp-json\/wp\/v2\/pwb-brand?post=170253"},{"taxonomy":"product_cat","embeddable":true,"href":"https:\/\/m50.lv\/lv\/wp-json\/wp\/v2\/product_cat?post=170253"},{"taxonomy":"product_tag","embeddable":true,"href":"https:\/\/m50.lv\/lv\/wp-json\/wp\/v2\/product_tag?post=170253"}],"curies":[{"name":"wp","href":"https:\/\/api.w.org\/{rel}","templated":true}]}}