{"id":170281,"date":"2024-04-13T12:38:07","date_gmt":"2024-04-13T10:38:07","guid":{"rendered":"https:\/\/m50.lv\/product\/m50-organic-catton-t-shirt-numurs-nav-sasniedzams-i-off-white\/"},"modified":"2024-07-23T10:50:00","modified_gmt":"2024-07-23T08:50:00","slug":"m50-organic-catton-t-shirt-numurs-nav-sasniedzams-i-off-white","status":"publish","type":"product","link":"https:\/\/m50.lv\/lv\/product\/m50-organic-catton-t-shirt-numurs-nav-sasniedzams-i-off-white\/","title":{"rendered":"M50 Organic Catton T-shirt NUMURS NAV SASNIEDZAMS I Off white"},"content":{"rendered":"<p>Fotogr\u0101fijas autore: Elizabete Sanda Eze. \u0160is T krekls ra\u017eots no augstas kvalit\u0101tes 100% organiskas un PETA sertific\u0113tas kokvilnas. M\u012bksts un \u0113rts klasiska unisex mode\u013ca T krekls, ra\u017eots ES, druk\u0101ts R\u012bg\u0101.<\/p>\n<p>Ieteicams mazg\u0101t 30C gr\u0101du temperat\u016br\u0101, izgrie\u017eot iek\u0161pusi uz \u0101ru, neizmantot autom\u0101tisko \u017e\u0101v\u0113t\u0101ju.<\/p>\n<p>Auduma bl\u012bvums: 180 G\/M\u00b2<\/p>\n<p><img fetchpriority=\"high\" decoding=\"async\" class=\"alignnone size-medium wp-image-170235\" src=\"https:\/\/m50.lv\/wp-content\/uploads\/2024\/04\/t-krekla-izmeri-2024-300x235.png\" alt=\"\" width=\"300\" height=\"235\" srcset=\"https:\/\/m50.lv\/wp-content\/uploads\/2024\/04\/t-krekla-izmeri-2024-300x235.png 300w, https:\/\/m50.lv\/wp-content\/uploads\/2024\/04\/t-krekla-izmeri-2024-1024x801.png 1024w, https:\/\/m50.lv\/wp-content\/uploads\/2024\/04\/t-krekla-izmeri-2024-768x601.png 768w, https:\/\/m50.lv\/wp-content\/uploads\/2024\/04\/t-krekla-izmeri-2024-897x701.png 897w, https:\/\/m50.lv\/wp-content\/uploads\/2024\/04\/t-krekla-izmeri-2024.png 1381w\" sizes=\"(max-width: 300px) 100vw, 300px\" \/><\/p>\n","protected":false},"excerpt":{"rendered":"<p style=\"text-align: center;\">\u013baujies nesteidz\u012bgam mieram ar m\u016bsu sirsn\u012bgo T kreklu, kur fiks\u0113ta ikdieni\u0161\u0137a pludmales ainava, papildin\u0101ta ar tekstu &#8211; Numurs, uz kuru zvan\u0101t, nav sasniedzams&#8230; \u0160is krekls nav tikai par stilu, tas ir atg\u0101din\u0101jums par patiesu kl\u0101tesam\u012bbu, atsl\u0101bin\u0101\u0161anos un dabas miera baud\u012b\u0161anu. Atp\u016b\u0161oties pie j\u016bras vai sap\u0146ojot par smil\u0161ain\u0101m pludmal\u0113m, lai \u0161is krekls Tev atg\u0101dina par b\u016b\u0161anu \u0161eit un tagad!<\/p>\n","protected":false},"featured_media":170145,"template":"","meta":{"_jet_sm_ready_style":"","_jet_sm_style":"","_jet_sm_controls_values":"","_jet_sm_fonts_collection":"","_jet_sm_fonts_links":""},"pwb-brand":[1249],"product_cat":[104,107,103],"product_tag":[],"class_list":["post-170281","product","type-product","status-publish","has-post-thumbnail","pwb-brand-m50-lv","product_cat-t-krekli","product_cat-t-krekli-sievietem","product_cat-viriesiem","first","instock","taxable","shipping-taxable","purchasable","product-type-variable"],"raw_content":{"name":"M50 Organic Catton T-shirt NUMURS NAV SASNIEDZAMS I Off white","description":"Fotogr\u0101fijas autore: Elizabete Sanda Eze. \u0160is T krekls ra\u017eots no augstas kvalit\u0101tes 100% organiskas un PETA sertific\u0113tas kokvilnas. M\u012bksts un \u0113rts klasiska unisex mode\u013ca T krekls, ra\u017eots ES, druk\u0101ts R\u012bg\u0101.\r\n\r\nIeteicams mazg\u0101t 30C gr\u0101du temperat\u016br\u0101, izgrie\u017eot iek\u0161pusi uz \u0101ru, neizmantot autom\u0101tisko \u017e\u0101v\u0113t\u0101ju.\r\n\r\nAuduma bl\u012bvums: 180 G\/M\u00b2\r\n\r\n<img class=\"alignnone size-medium wp-image-170235\" src=\"https:\/\/m50.lv\/wp-content\/uploads\/2024\/04\/t-krekla-izmeri-2024-300x235.png\" alt=\"\" width=\"300\" height=\"235\" \/>","short_description":"<p style=\"text-align: center;\">\u013baujies nesteidz\u012bgam mieram ar m\u016bsu sirsn\u012bgo T kreklu, kur fiks\u0113ta ikdieni\u0161\u0137a pludmales ainava, papildin\u0101ta ar tekstu - Numurs, uz kuru zvan\u0101t, nav sasniedzams... \u0160is krekls nav tikai par stilu, tas ir atg\u0101din\u0101jums par patiesu kl\u0101tesam\u012bbu, atsl\u0101bin\u0101\u0161anos un dabas miera baud\u012b\u0161anu. Atp\u016b\u0161oties pie j\u016bras vai sap\u0146ojot par smil\u0161ain\u0101m pludmal\u0113m, lai \u0161is krekls Tev atg\u0101dina par b\u016b\u0161anu \u0161eit un tagad!<\/p>","status":"publish","sku":"M50-Organic-catton-T-shirt-NUMURS-NAV-SASNIEDZAMS-Off-white","original":170127},"wpml":{"translation_type":1,"has_translations":true,"original":170127,"duplicates":[],"translations":{"lv":170281,"en":170127}},"brands":[{"id":1249,"name":"M50","slug":"m50-lv"}],"_links":{"self":[{"href":"https:\/\/m50.lv\/lv\/wp-json\/wp\/v2\/product\/170281","targetHints":{"allow":["GET"]}}],"collection":[{"href":"https:\/\/m50.lv\/lv\/wp-json\/wp\/v2\/product"}],"about":[{"href":"https:\/\/m50.lv\/lv\/wp-json\/wp\/v2\/types\/product"}],"version-history":[{"count":0,"href":"https:\/\/m50.lv\/lv\/wp-json\/wp\/v2\/product\/170281\/revisions"}],"wp:featuredmedia":[{"embeddable":true,"href":"https:\/\/m50.lv\/lv\/wp-json\/wp\/v2\/media\/170145"}],"wp:attachment":[{"href":"https:\/\/m50.lv\/lv\/wp-json\/wp\/v2\/media?parent=170281"}],"wp:term":[{"taxonomy":"pwb-brand","embeddable":true,"href":"https:\/\/m50.lv\/lv\/wp-json\/wp\/v2\/pwb-brand?post=170281"},{"taxonomy":"product_cat","embeddable":true,"href":"https:\/\/m50.lv\/lv\/wp-json\/wp\/v2\/product_cat?post=170281"},{"taxonomy":"product_tag","embeddable":true,"href":"https:\/\/m50.lv\/lv\/wp-json\/wp\/v2\/product_tag?post=170281"}],"curies":[{"name":"wp","href":"https:\/\/api.w.org\/{rel}","templated":true}]}}