{"id":170650,"date":"2024-05-16T15:31:28","date_gmt":"2024-05-16T13:31:28","guid":{"rendered":"https:\/\/m50.lv\/product\/vaira-viksne-organiskas-velveta-kepons-magone\/"},"modified":"2025-07-21T15:46:00","modified_gmt":"2025-07-21T13:46:00","slug":"vaira-viksne-organiskas-velveta-kepons-magone","status":"publish","type":"product","link":"https:\/\/m50.lv\/lv\/product\/vaira-viksne-organiskas-velveta-kepons-magone\/","title":{"rendered":"Vaira V\u012bksne velveta kepons MAGONE"},"content":{"rendered":"<p style=\"text-align: center;\">100% kokvilnas velvets 6 pane\u013cu dizains M\u012bksta virspuse Vint\u0101\u017eas stils Kokvilnas iek\u0161\u0113j\u0101 l\u012bnija \u0112rta izm\u0113ra regul\u0113\u0161ana<\/p>\n","protected":false},"excerpt":{"rendered":"<p style=\"text-align: center;\">\u013bauj magones trauslajai zied\u0113\u0161anai atsaukt atmi\u0146\u0101 saulaino dienu maigos v\u0113jus un plauksto\u0161\u0101s vasaras s\u0101kumu.<br \/>\nAtceries, ka katrs mirklis ir gaisto\u0161s.. un skaists..<br \/>\nJaunie velveta keponi ar ko\u0161i sarkano iz\u0161\u016bto magoni priek\u0161pus\u0113.<br \/>\nPieejams tagad gan e-veikal\u0101, gan uz vietas Miera iel\u0101 17.<\/p>\n","protected":false},"featured_media":170326,"template":"","meta":{"_jet_sm_ready_style":"","_jet_sm_style":"","_jet_sm_controls_values":"","_jet_sm_fonts_collection":"","_jet_sm_fonts_links":""},"pwb-brand":[1249,1261],"product_cat":[193,570,1443],"product_tag":[1510,1368],"class_list":{"0":"post-170650","1":"product","2":"type-product","3":"status-publish","4":"has-post-thumbnail","6":"pwb-brand-m50-lv","7":"pwb-brand-vaira-viksne-lv","8":"product_cat-davanas","9":"product_cat-keponi","10":"product_cat-mens-collection-lv","11":"product_tag-janu-ligo-davanu-idejas","12":"product_tag-tevu-diena","14":"first","15":"instock","16":"taxable","17":"shipping-taxable","18":"purchasable","19":"product-type-simple"},"raw_content":{"name":"Vaira V\u012bksne velveta kepons MAGONE","description":"<p style=\"text-align: center;\">100% kokvilnas velvets 6 pane\u013cu dizains M\u012bksta virspuse Vint\u0101\u017eas stils Kokvilnas iek\u0161\u0113j\u0101 l\u012bnija \u0112rta izm\u0113ra regul\u0113\u0161ana<\/p>","short_description":"<p style=\"text-align: center;\">\u013bauj magones trauslajai zied\u0113\u0161anai atsaukt atmi\u0146\u0101 saulaino dienu maigos v\u0113jus un plauksto\u0161\u0101s vasaras s\u0101kumu.\r\nAtceries, ka katrs mirklis ir gaisto\u0161s.. un skaists..\r\nJaunie velveta keponi ar ko\u0161i sarkano iz\u0161\u016bto magoni priek\u0161pus\u0113.\r\nPieejams tagad gan e-veikal\u0101, gan uz vietas Miera iel\u0101 17.\r\n\r\n<\/p>","status":"publish","sku":"1003727","original":170646},"wpml":{"translation_type":1,"has_translations":true,"original":170646,"duplicates":[],"translations":{"lv":170650,"en":170646}},"brands":[{"id":1249,"name":"M50","slug":"m50-lv"},{"id":1261,"name":"Vaira V\u012bksne","slug":"vaira-viksne-lv"}],"_links":{"self":[{"href":"https:\/\/m50.lv\/lv\/wp-json\/wp\/v2\/product\/170650","targetHints":{"allow":["GET"]}}],"collection":[{"href":"https:\/\/m50.lv\/lv\/wp-json\/wp\/v2\/product"}],"about":[{"href":"https:\/\/m50.lv\/lv\/wp-json\/wp\/v2\/types\/product"}],"version-history":[{"count":0,"href":"https:\/\/m50.lv\/lv\/wp-json\/wp\/v2\/product\/170650\/revisions"}],"wp:featuredmedia":[{"embeddable":true,"href":"https:\/\/m50.lv\/lv\/wp-json\/wp\/v2\/media\/170326"}],"wp:attachment":[{"href":"https:\/\/m50.lv\/lv\/wp-json\/wp\/v2\/media?parent=170650"}],"wp:term":[{"taxonomy":"pwb-brand","embeddable":true,"href":"https:\/\/m50.lv\/lv\/wp-json\/wp\/v2\/pwb-brand?post=170650"},{"taxonomy":"product_cat","embeddable":true,"href":"https:\/\/m50.lv\/lv\/wp-json\/wp\/v2\/product_cat?post=170650"},{"taxonomy":"product_tag","embeddable":true,"href":"https:\/\/m50.lv\/lv\/wp-json\/wp\/v2\/product_tag?post=170650"}],"curies":[{"name":"wp","href":"https:\/\/api.w.org\/{rel}","templated":true}]}}