{"id":171065,"date":"2024-07-04T13:43:30","date_gmt":"2024-07-04T11:43:30","guid":{"rendered":"https:\/\/m50.lv\/product\/m50-briva-laika-cepure-saule-jura-zala\/"},"modified":"2024-09-14T19:11:30","modified_gmt":"2024-09-14T17:11:30","slug":"m50-briva-laika-cepure-saule-jura-zala","status":"publish","type":"product","link":"https:\/\/m50.lv\/lv\/product\/m50-briva-laika-cepure-saule-jura-zala\/","title":{"rendered":"M50 Br\u012bv\u0101 laika cepure &#8211; Saule J\u016bra | Za\u013ca"},"content":{"rendered":"<p style=\"text-align: left;\">100% kokvilna &#8211; mazg\u0101ta<br \/>\nAizsardz\u012bba pret saules gaismu &#8211; UPF50+<br \/>\nPlakana galvas da\u013ca<br \/>\nVentil\u0101cijas spraugas ar sieti\u0146u<br \/>\nS\u0101nos spiedpogas<br \/>\nElast\u012bgs auklas izm\u0113ra regul\u0113\u0161anai<br \/>\nViens izm\u0113rs<\/p>\n","protected":false},"excerpt":{"rendered":"<p style=\"text-align: center;\">Lieliska cepure p\u0101rg\u0101jieniem vai dodoties uz vasaras festiv\u0101liem.<\/p>\n","protected":false},"featured_media":170984,"template":"","meta":{"_jet_sm_ready_style":"","_jet_sm_style":"","_jet_sm_controls_values":"","_jet_sm_fonts_collection":"","_jet_sm_fonts_links":""},"pwb-brand":[1249],"product_cat":[101,1192],"product_tag":[],"class_list":{"0":"post-171065","1":"product","2":"type-product","3":"status-publish","4":"has-post-thumbnail","6":"pwb-brand-m50-lv","7":"product_cat-aksesuari","8":"product_cat-cepures-lv","10":"first","11":"outofstock","12":"taxable","13":"shipping-taxable","14":"purchasable","15":"product-type-simple"},"raw_content":{"name":"M50 Br\u012bv\u0101 laika cepure - Saule J\u016bra | Za\u013ca","description":"<p style=\"text-align: left;\">100% kokvilna - mazg\u0101ta\r\nAizsardz\u012bba pret saules gaismu - UPF50+\r\nPlakana galvas da\u013ca\r\nVentil\u0101cijas spraugas ar sieti\u0146u\r\nS\u0101nos spiedpogas\r\nElast\u012bgs auklas izm\u0113ra regul\u0113\u0161anai\r\nViens izm\u0113rs<\/p>","short_description":"<p style=\"text-align: center;\">Lieliska cepure p\u0101rg\u0101jieniem vai dodoties uz vasaras festiv\u0101liem.<\/p>","status":"publish","sku":"M50-hat-green-sun","original":170951},"wpml":{"translation_type":1,"has_translations":true,"original":170951,"duplicates":[],"translations":{"lv":171065,"en":170951}},"brands":[{"id":1249,"name":"M50","slug":"m50-lv"}],"_links":{"self":[{"href":"https:\/\/m50.lv\/lv\/wp-json\/wp\/v2\/product\/171065","targetHints":{"allow":["GET"]}}],"collection":[{"href":"https:\/\/m50.lv\/lv\/wp-json\/wp\/v2\/product"}],"about":[{"href":"https:\/\/m50.lv\/lv\/wp-json\/wp\/v2\/types\/product"}],"version-history":[{"count":0,"href":"https:\/\/m50.lv\/lv\/wp-json\/wp\/v2\/product\/171065\/revisions"}],"wp:featuredmedia":[{"embeddable":true,"href":"https:\/\/m50.lv\/lv\/wp-json\/wp\/v2\/media\/170984"}],"wp:attachment":[{"href":"https:\/\/m50.lv\/lv\/wp-json\/wp\/v2\/media?parent=171065"}],"wp:term":[{"taxonomy":"pwb-brand","embeddable":true,"href":"https:\/\/m50.lv\/lv\/wp-json\/wp\/v2\/pwb-brand?post=171065"},{"taxonomy":"product_cat","embeddable":true,"href":"https:\/\/m50.lv\/lv\/wp-json\/wp\/v2\/product_cat?post=171065"},{"taxonomy":"product_tag","embeddable":true,"href":"https:\/\/m50.lv\/lv\/wp-json\/wp\/v2\/product_tag?post=171065"}],"curies":[{"name":"wp","href":"https:\/\/api.w.org\/{rel}","templated":true}]}}