{"id":171067,"date":"2024-07-04T14:04:34","date_gmt":"2024-07-04T12:04:34","guid":{"rendered":"https:\/\/m50.lv\/product\/vaira-viksne-organiskas-kokvilnas-t-krekls-zenits-krasains\/"},"modified":"2025-01-10T12:45:24","modified_gmt":"2025-01-10T10:45:24","slug":"vaira-viksne-organiskas-kokvilnas-t-krekls-zenits-krasains","status":"publish","type":"product","link":"https:\/\/m50.lv\/lv\/product\/vaira-viksne-organiskas-kokvilnas-t-krekls-zenits-krasains\/","title":{"rendered":"Vaira V\u012bksne Organiskas Kokvilnas T krekls | Zen\u012bts Kr\u0101sains"},"content":{"rendered":"<p style=\"text-align: left;\">T-krekls ra\u017eots no augstas kvalit\u0101tes 100% organiskas un PETA sertific\u0113tas kokvilnas. M\u012bksts un \u0113rts klasiska unisex mode\u013ca T krekls, ra\u017eots ES, sietspiedes tehnik\u0101 druk\u0101ts R\u012bg\u0101.<\/p>\n<p style=\"text-align: left;\">Ieteicams mazg\u0101t 30C gr\u0101du temperat\u016br\u0101, izgrie\u017eot iek\u0161pusi uz \u0101ru, neizmantot autom\u0101tisko \u017e\u0101v\u0113t\u0101ju.<\/p>\n<p style=\"text-align: left;\">Auduma bl\u012bvums: 180 G\/M\u00b2<\/p>\n","protected":false},"excerpt":{"rendered":"<p style=\"text-align: center;\">M\u016bsu jaunais t krekls, kura dizain\u0101 redzama klasisk\u0101 Zenit kamera. Ide\u0101li piem\u0113rots fotogr\u0101fijas entuziastiem un retro cien\u012bt\u0101jiem, \u0161is krekls apvieno nostal\u0123iju ar stilu. Izgatavots no m\u012bkstas, augstas kvalit\u0101tes kokvilnas.<\/p>\n","protected":false},"featured_media":171029,"template":"","meta":{"_jet_sm_ready_style":"","_jet_sm_style":"","_jet_sm_controls_values":"","_jet_sm_fonts_collection":"","_jet_sm_fonts_links":""},"pwb-brand":[1249],"product_cat":[102,105,107,104,103],"product_tag":[],"class_list":{"0":"post-171067","1":"product","2":"type-product","3":"status-publish","4":"has-post-thumbnail","6":"pwb-brand-m50-lv","7":"product_cat-apgerbs","8":"product_cat-sievietem","9":"product_cat-t-krekli-sievietem","10":"product_cat-t-krekli","11":"product_cat-viriesiem","13":"first","14":"outofstock","15":"sale","16":"taxable","17":"shipping-taxable","18":"purchasable","19":"product-type-variable"},"raw_content":{"name":"Vaira V\u012bksne Organiskas Kokvilnas T krekls | Zen\u012bts Kr\u0101sains","description":"<p style=\"text-align: left;\">T-krekls ra\u017eots no augstas kvalit\u0101tes 100% organiskas un PETA sertific\u0113tas kokvilnas. M\u012bksts un \u0113rts klasiska unisex mode\u013ca T krekls, ra\u017eots ES, sietspiedes tehnik\u0101 druk\u0101ts R\u012bg\u0101.<\/p>\r\n<p style=\"text-align: left;\">Ieteicams mazg\u0101t 30C gr\u0101du temperat\u016br\u0101, izgrie\u017eot iek\u0161pusi uz \u0101ru, neizmantot autom\u0101tisko \u017e\u0101v\u0113t\u0101ju.<\/p>\r\n<p style=\"text-align: left;\">Auduma bl\u012bvums: 180 G\/M\u00b2<\/p>","short_description":"<p style=\"text-align: center;\">M\u016bsu jaunais t krekls, kura dizain\u0101 redzama klasisk\u0101 Zenit kamera. Ide\u0101li piem\u0113rots fotogr\u0101fijas entuziastiem un retro cien\u012bt\u0101jiem, \u0161is krekls apvieno nostal\u0123iju ar stilu. Izgatavots no m\u012bkstas, augstas kvalit\u0101tes kokvilnas.<\/p>","status":"publish","sku":"VairaV\u012bksneOrganicCattonT-Shirt-Zenit","original":171035},"wpml":{"translation_type":1,"has_translations":true,"original":171035,"duplicates":[],"translations":{"lv":171067,"en":171035}},"brands":[{"id":1249,"name":"M50","slug":"m50-lv"}],"_links":{"self":[{"href":"https:\/\/m50.lv\/lv\/wp-json\/wp\/v2\/product\/171067","targetHints":{"allow":["GET"]}}],"collection":[{"href":"https:\/\/m50.lv\/lv\/wp-json\/wp\/v2\/product"}],"about":[{"href":"https:\/\/m50.lv\/lv\/wp-json\/wp\/v2\/types\/product"}],"version-history":[{"count":0,"href":"https:\/\/m50.lv\/lv\/wp-json\/wp\/v2\/product\/171067\/revisions"}],"wp:featuredmedia":[{"embeddable":true,"href":"https:\/\/m50.lv\/lv\/wp-json\/wp\/v2\/media\/171029"}],"wp:attachment":[{"href":"https:\/\/m50.lv\/lv\/wp-json\/wp\/v2\/media?parent=171067"}],"wp:term":[{"taxonomy":"pwb-brand","embeddable":true,"href":"https:\/\/m50.lv\/lv\/wp-json\/wp\/v2\/pwb-brand?post=171067"},{"taxonomy":"product_cat","embeddable":true,"href":"https:\/\/m50.lv\/lv\/wp-json\/wp\/v2\/product_cat?post=171067"},{"taxonomy":"product_tag","embeddable":true,"href":"https:\/\/m50.lv\/lv\/wp-json\/wp\/v2\/product_tag?post=171067"}],"curies":[{"name":"wp","href":"https:\/\/api.w.org\/{rel}","templated":true}]}}