{"id":171413,"date":"2024-07-19T07:24:34","date_gmt":"2024-07-19T05:24:34","guid":{"rendered":"https:\/\/m50.lv\/product\/m50-x-zanes-veldres-organiskas-kokvilnas-t-krekls-suni\/"},"modified":"2026-02-23T14:43:45","modified_gmt":"2026-02-23T12:43:45","slug":"m50-x-zanes-veldres-organiskas-kokvilnas-t-krekls-suni","status":"publish","type":"product","link":"https:\/\/m50.lv\/lv\/product\/m50-x-zanes-veldres-organiskas-kokvilnas-t-krekls-suni\/","title":{"rendered":"M50 x ZANES VELDRES Organiskas Kokvilnas T Krekls | SU\u0145I"},"content":{"rendered":"<p style=\"text-align: left;\">\u0160is T krekls ra\u017eots no augstas kvalit\u0101tes 100% organiskas un PETA sertific\u0113tas kokvilnas. M\u012bksts un \u0113rts klasiska unisex mode\u013ca T krekls, ra\u017eots ES, druk\u0101ts R\u012bg\u0101.<\/p>\n<p style=\"text-align: left;\">Ieteicams mazg\u0101t 30C gr\u0101du temperat\u016br\u0101, izgrie\u017eot iek\u0161pusi uz \u0101ru, neizmantot autom\u0101tisko \u017e\u0101v\u0113t\u0101ju<\/p>\n<p style=\"text-align: left;\">Auduma bl\u012bvums: 180 G\/M\u00b2<\/p>\n<p>&nbsp;<\/p>\n","protected":false},"excerpt":{"rendered":"<p style=\"text-align: center;\">Par\u0101di pasaulei savu m\u012blest\u012bbu pret su\u0146iem ar m\u016bsu stil\u012bgo t-kreklu, kas rot\u0101ts ar m\u012bl\u012bgiem su\u0146u z\u012bm\u0113jumiem. Neatkar\u012bgi no t\u0101, vai esat su\u0146a \u012bpa\u0161nieks, dz\u012bvnieku m\u012b\u013cot\u0101js vai vienk\u0101r\u0161i nov\u0113rt\u0113jat m\u012b\u013cus un rado\u0161us dizainus, \u0161is t-krekls b\u016bs lielisks papildin\u0101jums j\u016bsu garderobei.<\/p>\n","protected":false},"featured_media":171456,"template":"","meta":{"_jet_sm_ready_style":"","_jet_sm_style":"","_jet_sm_controls_values":"","_jet_sm_fonts_collection":"","_jet_sm_fonts_links":""},"pwb-brand":[1286],"product_cat":[102,193,105,107,104,103],"product_tag":[1510,1368],"class_list":{"0":"post-171413","1":"product","2":"type-product","3":"status-publish","4":"has-post-thumbnail","6":"pwb-brand-zane-veldre-lv","7":"product_cat-apgerbs","8":"product_cat-davanas","9":"product_cat-sievietem","10":"product_cat-t-krekli-sievietem","11":"product_cat-t-krekli","12":"product_cat-viriesiem","13":"product_tag-janu-ligo-davanu-idejas","14":"product_tag-tevu-diena","16":"first","17":"instock","18":"taxable","19":"shipping-taxable","20":"purchasable","21":"product-type-variable"},"raw_content":{"name":"M50 x ZANES VELDRES Organiskas Kokvilnas T Krekls | SU\u0145I","description":"<p style=\"text-align: left;\">\u0160is T krekls ra\u017eots no augstas kvalit\u0101tes 100% organiskas un PETA sertific\u0113tas kokvilnas. M\u012bksts un \u0113rts klasiska unisex mode\u013ca T krekls, ra\u017eots ES, druk\u0101ts R\u012bg\u0101.<\/p>\r\n<p style=\"text-align: left;\">Ieteicams mazg\u0101t 30C gr\u0101du temperat\u016br\u0101, izgrie\u017eot iek\u0161pusi uz \u0101ru, neizmantot autom\u0101tisko \u017e\u0101v\u0113t\u0101ju<\/p>\r\n<p style=\"text-align: left;\">Auduma bl\u012bvums: 180 G\/M\u00b2<\/p>\r\n&nbsp;","short_description":"<p style=\"text-align: center;\">Par\u0101di pasaulei savu m\u012blest\u012bbu pret su\u0146iem ar m\u016bsu stil\u012bgo t-kreklu, kas rot\u0101ts ar m\u012bl\u012bgiem su\u0146u z\u012bm\u0113jumiem. Neatkar\u012bgi no t\u0101, vai esat su\u0146a \u012bpa\u0161nieks, dz\u012bvnieku m\u012b\u013cot\u0101js vai vienk\u0101r\u0161i nov\u0113rt\u0113jat m\u012b\u013cus un rado\u0161us dizainus, \u0161is t-krekls b\u016bs lielisks papildin\u0101jums j\u016bsu garderobei.<\/p>","status":"publish","sku":"M50-ZaneVeldreUnisex-T-Shirt-Dogs","original":171326},"wpml":{"translation_type":1,"has_translations":true,"original":171326,"duplicates":[],"translations":{"lv":171413,"en":171326}},"brands":[{"id":1286,"name":"Zane Veldre","slug":"zane-veldre-lv"}],"_links":{"self":[{"href":"https:\/\/m50.lv\/lv\/wp-json\/wp\/v2\/product\/171413","targetHints":{"allow":["GET"]}}],"collection":[{"href":"https:\/\/m50.lv\/lv\/wp-json\/wp\/v2\/product"}],"about":[{"href":"https:\/\/m50.lv\/lv\/wp-json\/wp\/v2\/types\/product"}],"version-history":[{"count":0,"href":"https:\/\/m50.lv\/lv\/wp-json\/wp\/v2\/product\/171413\/revisions"}],"wp:featuredmedia":[{"embeddable":true,"href":"https:\/\/m50.lv\/lv\/wp-json\/wp\/v2\/media\/171456"}],"wp:attachment":[{"href":"https:\/\/m50.lv\/lv\/wp-json\/wp\/v2\/media?parent=171413"}],"wp:term":[{"taxonomy":"pwb-brand","embeddable":true,"href":"https:\/\/m50.lv\/lv\/wp-json\/wp\/v2\/pwb-brand?post=171413"},{"taxonomy":"product_cat","embeddable":true,"href":"https:\/\/m50.lv\/lv\/wp-json\/wp\/v2\/product_cat?post=171413"},{"taxonomy":"product_tag","embeddable":true,"href":"https:\/\/m50.lv\/lv\/wp-json\/wp\/v2\/product_tag?post=171413"}],"curies":[{"name":"wp","href":"https:\/\/api.w.org\/{rel}","templated":true}]}}