{"id":171419,"date":"2024-07-19T07:28:19","date_gmt":"2024-07-19T05:28:19","guid":{"rendered":"https:\/\/m50.lv\/product\/m50-x-zanes-veldres-organiskas-kokvilnas-t-krekls-kaki\/"},"modified":"2026-02-23T14:43:45","modified_gmt":"2026-02-23T12:43:45","slug":"m50-x-zanes-veldres-organiskas-kokvilnas-t-krekls-kaki","status":"publish","type":"product","link":"https:\/\/m50.lv\/lv\/product\/m50-x-zanes-veldres-organiskas-kokvilnas-t-krekls-kaki\/","title":{"rendered":"M50 x ZANES VELDRES Organiskas Kokvilnas T Krekls | KA\u0136I"},"content":{"rendered":"<p style=\"text-align: left;\">\u0160is T krekls ra\u017eots no augstas kvalit\u0101tes 100% organiskas un PETA sertific\u0113tas kokvilnas. M\u012bksts un \u0113rts klasiska unisex mode\u013ca T krekls, ra\u017eots ES, druk\u0101ts R\u012bg\u0101.<\/p>\n<p style=\"text-align: left;\">Ieteicams mazg\u0101t 30C gr\u0101du temperat\u016br\u0101, izgrie\u017eot iek\u0161pusi uz \u0101ru, neizmantot autom\u0101tisko \u017e\u0101v\u0113t\u0101ju.<\/p>\n<p style=\"text-align: left;\">Auduma bl\u012bvums: 180 G\/M\u00b2<\/p>\n<p><img fetchpriority=\"high\" decoding=\"async\" class=\"alignnone size-medium wp-image-171345\" src=\"https:\/\/m50.lv\/wp-content\/uploads\/2024\/07\/t-krekla-izmeri-2024-2-300x235.png\" alt=\"\" width=\"300\" height=\"235\" srcset=\"https:\/\/m50.lv\/wp-content\/uploads\/2024\/07\/t-krekla-izmeri-2024-2-300x235.png 300w, https:\/\/m50.lv\/wp-content\/uploads\/2024\/07\/t-krekla-izmeri-2024-2-1024x801.png 1024w, https:\/\/m50.lv\/wp-content\/uploads\/2024\/07\/t-krekla-izmeri-2024-2-768x601.png 768w, https:\/\/m50.lv\/wp-content\/uploads\/2024\/07\/t-krekla-izmeri-2024-2-897x701.png 897w, https:\/\/m50.lv\/wp-content\/uploads\/2024\/07\/t-krekla-izmeri-2024-2.png 1381w\" sizes=\"(max-width: 300px) 100vw, 300px\" \/><\/p>\n","protected":false},"excerpt":{"rendered":"<p style=\"text-align: center;\">Par\u0101di savu m\u012blest\u012bbu pret ka\u0137iem ar \u0161o stil\u012bgo t-kreklu. Paredz\u0113ts ka\u0137u m\u012b\u013cot\u0101jiem un unik\u0101la m\u0101kslas cien\u012bt\u0101jiem, \u0161is krekls pie\u0161\u0137ir jautru un rado\u0161u piesk\u0101rienu j\u016bsu ikdienas gardarobei.<\/p>\n","protected":false},"featured_media":171454,"template":"","meta":{"_jet_sm_ready_style":"","_jet_sm_style":"","_jet_sm_controls_values":"","_jet_sm_fonts_collection":"","_jet_sm_fonts_links":""},"pwb-brand":[1286],"product_cat":[102,193,105,107,104,103],"product_tag":[1510,1368],"class_list":{"0":"post-171419","1":"product","2":"type-product","3":"status-publish","4":"has-post-thumbnail","6":"pwb-brand-zane-veldre-lv","7":"product_cat-apgerbs","8":"product_cat-davanas","9":"product_cat-sievietem","10":"product_cat-t-krekli-sievietem","11":"product_cat-t-krekli","12":"product_cat-viriesiem","13":"product_tag-janu-ligo-davanu-idejas","14":"product_tag-tevu-diena","16":"first","17":"instock","18":"taxable","19":"shipping-taxable","20":"purchasable","21":"product-type-variable"},"raw_content":{"name":"M50 x ZANES VELDRES Organiskas Kokvilnas T Krekls | KA\u0136I","description":"<p style=\"text-align: left;\">\u0160is T krekls ra\u017eots no augstas kvalit\u0101tes 100% organiskas un PETA sertific\u0113tas kokvilnas. M\u012bksts un \u0113rts klasiska unisex mode\u013ca T krekls, ra\u017eots ES, druk\u0101ts R\u012bg\u0101.<\/p>\r\n<p style=\"text-align: left;\">Ieteicams mazg\u0101t 30C gr\u0101du temperat\u016br\u0101, izgrie\u017eot iek\u0161pusi uz \u0101ru, neizmantot autom\u0101tisko \u017e\u0101v\u0113t\u0101ju.<\/p>\r\n<p style=\"text-align: left;\">Auduma bl\u012bvums: 180 G\/M\u00b2<\/p>\r\n<img class=\"alignnone size-medium wp-image-171345\" src=\"https:\/\/m50.lv\/wp-content\/uploads\/2024\/07\/t-krekla-izmeri-2024-2-300x235.png\" alt=\"\" width=\"300\" height=\"235\" \/>","short_description":"<p style=\"text-align: center;\">Par\u0101di savu m\u012blest\u012bbu pret ka\u0137iem ar \u0161o stil\u012bgo t-kreklu. Paredz\u0113ts ka\u0137u m\u012b\u013cot\u0101jiem un unik\u0101la m\u0101kslas cien\u012bt\u0101jiem, \u0161is krekls pie\u0161\u0137ir jautru un rado\u0161u piesk\u0101rienu j\u016bsu ikdienas gardarobei.<\/p>","status":"publish","sku":"M50-ZaneVeldreUnisex-T-Shirt-Cats","original":171327},"wpml":{"translation_type":1,"has_translations":true,"original":171327,"duplicates":[],"translations":{"lv":171419,"en":171327}},"brands":[{"id":1286,"name":"Zane Veldre","slug":"zane-veldre-lv"}],"_links":{"self":[{"href":"https:\/\/m50.lv\/lv\/wp-json\/wp\/v2\/product\/171419","targetHints":{"allow":["GET"]}}],"collection":[{"href":"https:\/\/m50.lv\/lv\/wp-json\/wp\/v2\/product"}],"about":[{"href":"https:\/\/m50.lv\/lv\/wp-json\/wp\/v2\/types\/product"}],"version-history":[{"count":0,"href":"https:\/\/m50.lv\/lv\/wp-json\/wp\/v2\/product\/171419\/revisions"}],"wp:featuredmedia":[{"embeddable":true,"href":"https:\/\/m50.lv\/lv\/wp-json\/wp\/v2\/media\/171454"}],"wp:attachment":[{"href":"https:\/\/m50.lv\/lv\/wp-json\/wp\/v2\/media?parent=171419"}],"wp:term":[{"taxonomy":"pwb-brand","embeddable":true,"href":"https:\/\/m50.lv\/lv\/wp-json\/wp\/v2\/pwb-brand?post=171419"},{"taxonomy":"product_cat","embeddable":true,"href":"https:\/\/m50.lv\/lv\/wp-json\/wp\/v2\/product_cat?post=171419"},{"taxonomy":"product_tag","embeddable":true,"href":"https:\/\/m50.lv\/lv\/wp-json\/wp\/v2\/product_tag?post=171419"}],"curies":[{"name":"wp","href":"https:\/\/api.w.org\/{rel}","templated":true}]}}