{"id":171431,"date":"2024-07-19T07:48:49","date_gmt":"2024-07-19T05:48:49","guid":{"rendered":"https:\/\/m50.lv\/product\/m50-organiskas-kokvilnas-kreklins-saule-jura-roza\/"},"modified":"2025-12-16T23:19:08","modified_gmt":"2025-12-16T21:19:08","slug":"m50-organiskas-kokvilnas-kreklins-saule-jura-roza","status":"publish","type":"product","link":"https:\/\/m50.lv\/lv\/product\/m50-organiskas-kokvilnas-kreklins-saule-jura-roza\/","title":{"rendered":"M50 Organiskas Kokvilnas Krekli\u0146\u0161 | Saule &#8211; J\u016bra | Roz\u0101"},"content":{"rendered":"<p style=\"text-align: left;\">Tops ra\u017eots no augstas kvalit\u0101tes 100% organiskas un PETA sertific\u0113tas kokvilnas. M\u012bksts un \u0113rts, ra\u017eots ES, iz\u0161\u016bts R\u012bg\u0101.<\/p>\n<p style=\"text-align: left;\">Ieteicams mazg\u0101t 30C gr\u0101du temperat\u016br\u0101, izgrie\u017eot iek\u0161pusi uz \u0101ru, neizmantot autom\u0101tisko \u017e\u0101v\u0113t\u0101ju.<\/p>\n<p style=\"text-align: left;\">Auduma bl\u012bvums: 155 G\/M\u00b2<\/p>\n<p><img fetchpriority=\"high\" decoding=\"async\" class=\"alignnone size-medium wp-image-171357\" src=\"https:\/\/m50.lv\/wp-content\/uploads\/2024\/07\/m50-tank-top-300x170.jpg\" alt=\"\" width=\"300\" height=\"170\" srcset=\"https:\/\/m50.lv\/wp-content\/uploads\/2024\/07\/m50-tank-top-300x170.jpg 300w, https:\/\/m50.lv\/wp-content\/uploads\/2024\/07\/m50-tank-top.jpg 645w\" sizes=\"(max-width: 300px) 100vw, 300px\" \/><\/p>\n","protected":false},"excerpt":{"rendered":"<p style=\"text-align: center;\">\u013bauj v\u0113ja p\u016bsmai un saules za\u0137\u012b\u0161u maigajam piesk\u0101rienam sevi sam\u012b\u013cot! M50 jaunais vasaras t krekls ar iz\u0161\u016bto saules un j\u016bras mot\u012bvu ir ide\u0101ls komforta un elegances apvienojums \u2013 saulain\u0101m dien\u0101m un v\u0113jainiem vakariem pludmal\u0113 vai pils\u0113tas d\u017eung\u013cos.<\/p>\n","protected":false},"featured_media":171384,"template":"","meta":{"_jet_sm_ready_style":"","_jet_sm_style":"","_jet_sm_controls_values":"","_jet_sm_fonts_collection":"","_jet_sm_fonts_links":""},"pwb-brand":[1249],"product_cat":[105,913],"product_tag":[1510],"class_list":{"0":"post-171431","1":"product","2":"type-product","3":"status-publish","4":"has-post-thumbnail","6":"pwb-brand-m50-lv","7":"product_cat-sievietem","8":"product_cat-topi-lv","9":"product_tag-janu-ligo-davanu-idejas","11":"first","12":"outofstock","13":"taxable","14":"shipping-taxable","15":"product-type-variable"},"raw_content":{"name":"M50 Organiskas Kokvilnas Krekli\u0146\u0161 | Saule - J\u016bra | Roz\u0101","description":"<p style=\"text-align: left;\">Tops ra\u017eots no augstas kvalit\u0101tes 100% organiskas un PETA sertific\u0113tas kokvilnas. M\u012bksts un \u0113rts, ra\u017eots ES, iz\u0161\u016bts R\u012bg\u0101.<\/p>\r\n<p style=\"text-align: left;\">Ieteicams mazg\u0101t 30C gr\u0101du temperat\u016br\u0101, izgrie\u017eot iek\u0161pusi uz \u0101ru, neizmantot autom\u0101tisko \u017e\u0101v\u0113t\u0101ju.<\/p>\r\n<p style=\"text-align: left;\">Auduma bl\u012bvums: 155 G\/M\u00b2<\/p>\r\n<img class=\"alignnone size-medium wp-image-171357\" src=\"https:\/\/m50.lv\/wp-content\/uploads\/2024\/07\/m50-tank-top-300x170.jpg\" alt=\"\" width=\"300\" height=\"170\" \/>","short_description":"<p style=\"text-align: center;\">\u013bauj v\u0113ja p\u016bsmai un saules za\u0137\u012b\u0161u maigajam piesk\u0101rienam sevi sam\u012b\u013cot! M50 jaunais vasaras t krekls ar iz\u0161\u016bto saules un j\u016bras mot\u012bvu ir ide\u0101ls komforta un elegances apvienojums \u2013 saulain\u0101m dien\u0101m un v\u0113jainiem vakariem pludmal\u0113 vai pils\u0113tas d\u017eung\u013cos.<\/p>","status":"publish","sku":"M50-Tank-Top-SunAndSea-Orchid","original":171330},"wpml":{"translation_type":1,"has_translations":true,"original":171330,"duplicates":[],"translations":{"lv":171431,"en":171330}},"brands":[{"id":1249,"name":"M50","slug":"m50-lv"}],"_links":{"self":[{"href":"https:\/\/m50.lv\/lv\/wp-json\/wp\/v2\/product\/171431","targetHints":{"allow":["GET"]}}],"collection":[{"href":"https:\/\/m50.lv\/lv\/wp-json\/wp\/v2\/product"}],"about":[{"href":"https:\/\/m50.lv\/lv\/wp-json\/wp\/v2\/types\/product"}],"version-history":[{"count":0,"href":"https:\/\/m50.lv\/lv\/wp-json\/wp\/v2\/product\/171431\/revisions"}],"wp:featuredmedia":[{"embeddable":true,"href":"https:\/\/m50.lv\/lv\/wp-json\/wp\/v2\/media\/171384"}],"wp:attachment":[{"href":"https:\/\/m50.lv\/lv\/wp-json\/wp\/v2\/media?parent=171431"}],"wp:term":[{"taxonomy":"pwb-brand","embeddable":true,"href":"https:\/\/m50.lv\/lv\/wp-json\/wp\/v2\/pwb-brand?post=171431"},{"taxonomy":"product_cat","embeddable":true,"href":"https:\/\/m50.lv\/lv\/wp-json\/wp\/v2\/product_cat?post=171431"},{"taxonomy":"product_tag","embeddable":true,"href":"https:\/\/m50.lv\/lv\/wp-json\/wp\/v2\/product_tag?post=171431"}],"curies":[{"name":"wp","href":"https:\/\/api.w.org\/{rel}","templated":true}]}}