{"id":171736,"date":"2024-07-28T19:40:34","date_gmt":"2024-07-28T17:40:34","guid":{"rendered":"https:\/\/m50.lv\/product\/rains-mugursoma-ar-norullejamu-aizdari-gaisi-zala\/"},"modified":"2024-07-28T19:40:34","modified_gmt":"2024-07-28T17:40:34","slug":"rains-mugursoma-ar-norullejamu-aizdari-gaisi-zala","status":"publish","type":"product","link":"https:\/\/m50.lv\/lv\/product\/rains-mugursoma-ar-norullejamu-aizdari-gaisi-zala\/","title":{"rendered":"Rains Mugursoma Ar Norull\u0113jamu Aizdari | Gai\u0161i za\u013ca"},"content":{"rendered":"<p style=\"text-align: left;\">Norull\u0113jama aizdare ar regul\u0113jamu siksnu<br \/>\nPriek\u0161\u0113j\u0101 kabata ar r\u0101v\u0113jsl\u0113dz\u0113ju<br \/>\nViens galvenais nodal\u012bjums<br \/>\nS\u0101nu piek\u013cuves 16 collu kl\u0113pjdatora kabata<\/p>\n<p style=\"text-align: left;\">Izm\u0113ri: 48 x 32 x 11cm<br \/>\nTilpums: 13 litri<br \/>\n100% poliesters ar poliuret\u0101na p\u0101rkl\u0101jumu<\/p>\n<p style=\"text-align: left;\">\u016adeni atgr\u016bdo\u0161s r\u0101v\u0113jsl\u0113dz\u0113js<br \/>\nPolster\u0113ta aizmugure<br \/>\nPiel\u0101gojamas plecu un kr\u016b\u0161u siksnas<\/p>\n","protected":false},"excerpt":{"rendered":"<p style=\"text-align: center;\">Rains Rolltop mugursoma tiek d\u0113v\u0113ta par velosip\u0113distu mugursomu. \u0160\u012b funkcion\u0101l\u0101 mugursoma izgatavota no Rains rakstur\u012bg\u0101 \u016bdensnecaurlaid\u012bg\u0101 materi\u0101la, ar norull\u0113jamu aizdari un regul\u0113jamu siksnu. Rolltop mugursomai ir liels galvenais nodal\u012bjums, viena priek\u0161\u0113j\u0101 kabata un kl\u0113pjdatora nodal\u012bjums ar s\u0101nu piek\u013cuvi. Polster\u0113ta aizmugures da\u013ca, regul\u0113jamas plecu siksnas, kr\u016b\u0161u siksna un ori\u0123in\u0101l\u0101 Rains furnit\u016bra.<\/p>\n","protected":false},"featured_media":171622,"template":"","meta":{"_jet_sm_ready_style":"","_jet_sm_style":"","_jet_sm_controls_values":"","_jet_sm_fonts_collection":"","_jet_sm_fonts_links":""},"pwb-brand":[1252],"product_cat":[101,195],"product_tag":[1366],"class_list":{"0":"post-171736","1":"product","2":"type-product","3":"status-publish","4":"has-post-thumbnail","6":"pwb-brand-rains-lv","7":"product_cat-aksesuari","8":"product_cat-somas","9":"product_tag-back-2-school-lv","11":"first","12":"outofstock","13":"taxable","14":"shipping-taxable","15":"purchasable","16":"product-type-simple"},"raw_content":{"name":"Rains Mugursoma Ar Norull\u0113jamu Aizdari | Gai\u0161i za\u013ca","description":"<p style=\"text-align: left;\">Norull\u0113jama aizdare ar regul\u0113jamu siksnu\r\nPriek\u0161\u0113j\u0101 kabata ar r\u0101v\u0113jsl\u0113dz\u0113ju\r\nViens galvenais nodal\u012bjums\r\nS\u0101nu piek\u013cuves 16 collu kl\u0113pjdatora kabata<\/p>\r\n<p style=\"text-align: left;\">Izm\u0113ri: 48 x 32 x 11cm\r\nTilpums: 13 litri\r\n100% poliesters ar poliuret\u0101na p\u0101rkl\u0101jumu<\/p>\r\n<p style=\"text-align: left;\">\u016adeni atgr\u016bdo\u0161s r\u0101v\u0113jsl\u0113dz\u0113js\r\nPolster\u0113ta aizmugure\r\nPiel\u0101gojamas plecu un kr\u016b\u0161u siksnas<\/p>","short_description":"<p style=\"text-align: center;\">Rains Rolltop mugursoma tiek d\u0113v\u0113ta par velosip\u0113distu mugursomu. \u0160\u012b funkcion\u0101l\u0101 mugursoma izgatavota no Rains rakstur\u012bg\u0101 \u016bdensnecaurlaid\u012bg\u0101 materi\u0101la, ar norull\u0113jamu aizdari un regul\u0113jamu siksnu. Rolltop mugursomai ir liels galvenais nodal\u012bjums, viena priek\u0161\u0113j\u0101 kabata un kl\u0113pjdatora nodal\u012bjums ar s\u0101nu piek\u013cuvi. Polster\u0113ta aizmugures da\u013ca, regul\u0113jamas plecu siksnas, kr\u016b\u0161u siksna un ori\u0123in\u0101l\u0101 Rains furnit\u016bra.<\/p>","status":"publish","sku":"rains-13320-khaki","original":171530},"wpml":{"translation_type":1,"has_translations":true,"original":171530,"duplicates":[],"translations":{"lv":171736,"en":171530}},"brands":[{"id":1252,"name":"Rains","slug":"rains-lv"}],"_links":{"self":[{"href":"https:\/\/m50.lv\/lv\/wp-json\/wp\/v2\/product\/171736","targetHints":{"allow":["GET"]}}],"collection":[{"href":"https:\/\/m50.lv\/lv\/wp-json\/wp\/v2\/product"}],"about":[{"href":"https:\/\/m50.lv\/lv\/wp-json\/wp\/v2\/types\/product"}],"version-history":[{"count":0,"href":"https:\/\/m50.lv\/lv\/wp-json\/wp\/v2\/product\/171736\/revisions"}],"wp:featuredmedia":[{"embeddable":true,"href":"https:\/\/m50.lv\/lv\/wp-json\/wp\/v2\/media\/171622"}],"wp:attachment":[{"href":"https:\/\/m50.lv\/lv\/wp-json\/wp\/v2\/media?parent=171736"}],"wp:term":[{"taxonomy":"pwb-brand","embeddable":true,"href":"https:\/\/m50.lv\/lv\/wp-json\/wp\/v2\/pwb-brand?post=171736"},{"taxonomy":"product_cat","embeddable":true,"href":"https:\/\/m50.lv\/lv\/wp-json\/wp\/v2\/product_cat?post=171736"},{"taxonomy":"product_tag","embeddable":true,"href":"https:\/\/m50.lv\/lv\/wp-json\/wp\/v2\/product_tag?post=171736"}],"curies":[{"name":"wp","href":"https:\/\/api.w.org\/{rel}","templated":true}]}}