{"id":171740,"date":"2024-07-28T19:45:20","date_gmt":"2024-07-28T17:45:20","guid":{"rendered":"https:\/\/m50.lv\/product\/rains-ikdienas-mugursoma-melna\/"},"modified":"2024-07-28T19:45:20","modified_gmt":"2024-07-28T17:45:20","slug":"rains-ikdienas-mugursoma-melna","status":"publish","type":"product","link":"https:\/\/m50.lv\/lv\/product\/rains-ikdienas-mugursoma-melna\/","title":{"rendered":"Rains Ikdienas Mugursoma | Melna"},"content":{"rendered":"<p style=\"text-align: left;\">Soma ir izgatavots no Rains rakstur\u012bg\u0101 \u016bdensnecaurlaid\u012bga PU materi\u0101la, kas izstr\u0101d\u0101ts t\u0101, lai tas b\u016btu stiprs, iztur\u012bgs un vienm\u0113r\u012bgs.<\/p>\n<p style=\"text-align: left;\">Materi\u0101ls: 100% poliesters ar poliuret\u0101na p\u0101rkl\u0101jumu<br \/>\nOdere: 100% poliesters<br \/>\n\u016adensiztur\u012bbas v\u0113rt\u0113jums: W3 \u2013 \u016adensnecaurlaid\u012bga aizsardz\u012bba pret vieglu lietus<br \/>\n\u016adens kolonnas spiediens: 8000 mm<br \/>\nM\u0113r\u012bjumi: A40 x 27 x 10 cm<br \/>\nApjoms: 10,8 litri \/ 2,9 galoni<br \/>\nSvars: 750 g \/ 26,45 unces.<\/p>\n","protected":false},"excerpt":{"rendered":"<p style=\"text-align: center;\">\u016adensnecaurlaid\u012bga soma, kas pied\u0101v\u0101 minim\u0101lu siluetu. Dizainu raksturo izliekta aug\u0161da\u013ca, asa pamatne un liela priek\u0161\u0113j\u0101 kabata ar r\u0101v\u0113jsl\u0113dz\u0113ju. Atverot galveno r\u0101v\u0113jsl\u0113dz\u0113ju, tiek atkl\u0101ts ietilp\u012bgs galvenais nodal\u012bjums, kur\u0101 ietilpst polster\u0113ta kl\u0113pjdatora kabata ier\u012bc\u0113m l\u012bdz 15 coll\u0101m. Somai ir ar\u012b p\u0101rn\u0113s\u0101\u0161anas rokturis un polster\u0113ta aizmugure.<\/p>\n","protected":false},"featured_media":171558,"template":"","meta":{"_jet_sm_ready_style":"","_jet_sm_style":"","_jet_sm_controls_values":"","_jet_sm_fonts_collection":"","_jet_sm_fonts_links":""},"pwb-brand":[1252],"product_cat":[101,195],"product_tag":[1366,1368],"class_list":{"0":"post-171740","1":"product","2":"type-product","3":"status-publish","4":"has-post-thumbnail","6":"pwb-brand-rains-lv","7":"product_cat-aksesuari","8":"product_cat-somas","9":"product_tag-back-2-school-lv","10":"product_tag-tevu-diena","12":"first","13":"outofstock","14":"taxable","15":"shipping-taxable","16":"purchasable","17":"product-type-simple"},"raw_content":{"name":"Rains Ikdienas Mugursoma | Melna","description":"<p style=\"text-align: left;\">Soma ir izgatavots no Rains rakstur\u012bg\u0101 \u016bdensnecaurlaid\u012bga PU materi\u0101la, kas izstr\u0101d\u0101ts t\u0101, lai tas b\u016btu stiprs, iztur\u012bgs un vienm\u0113r\u012bgs.<\/p>\r\n<p style=\"text-align: left;\">Materi\u0101ls: 100% poliesters ar poliuret\u0101na p\u0101rkl\u0101jumu\r\nOdere: 100% poliesters\r\n\u016adensiztur\u012bbas v\u0113rt\u0113jums: W3 \u2013 \u016adensnecaurlaid\u012bga aizsardz\u012bba pret vieglu lietus\r\n\u016adens kolonnas spiediens: 8000 mm\r\nM\u0113r\u012bjumi: A40 x 27 x 10 cm\r\nApjoms: 10,8 litri \/ 2,9 galoni\r\nSvars: 750 g \/ 26,45 unces.<\/p>","short_description":"<p style=\"text-align: center;\">\u016adensnecaurlaid\u012bga soma, kas pied\u0101v\u0101 minim\u0101lu siluetu. Dizainu raksturo izliekta aug\u0161da\u013ca, asa pamatne un liela priek\u0161\u0113j\u0101 kabata ar r\u0101v\u0113jsl\u0113dz\u0113ju. Atverot galveno r\u0101v\u0113jsl\u0113dz\u0113ju, tiek atkl\u0101ts ietilp\u012bgs galvenais nodal\u012bjums, kur\u0101 ietilpst polster\u0113ta kl\u0113pjdatora kabata ier\u012bc\u0113m l\u012bdz 15 coll\u0101m. Somai ir ar\u012b p\u0101rn\u0113s\u0101\u0161anas rokturis un polster\u0113ta aizmugure.<\/p>","status":"publish","sku":"rains-13260-black","original":171535},"wpml":{"translation_type":1,"has_translations":true,"original":171535,"duplicates":[],"translations":{"lv":171740,"en":171535}},"brands":[{"id":1252,"name":"Rains","slug":"rains-lv"}],"_links":{"self":[{"href":"https:\/\/m50.lv\/lv\/wp-json\/wp\/v2\/product\/171740","targetHints":{"allow":["GET"]}}],"collection":[{"href":"https:\/\/m50.lv\/lv\/wp-json\/wp\/v2\/product"}],"about":[{"href":"https:\/\/m50.lv\/lv\/wp-json\/wp\/v2\/types\/product"}],"version-history":[{"count":0,"href":"https:\/\/m50.lv\/lv\/wp-json\/wp\/v2\/product\/171740\/revisions"}],"wp:featuredmedia":[{"embeddable":true,"href":"https:\/\/m50.lv\/lv\/wp-json\/wp\/v2\/media\/171558"}],"wp:attachment":[{"href":"https:\/\/m50.lv\/lv\/wp-json\/wp\/v2\/media?parent=171740"}],"wp:term":[{"taxonomy":"pwb-brand","embeddable":true,"href":"https:\/\/m50.lv\/lv\/wp-json\/wp\/v2\/pwb-brand?post=171740"},{"taxonomy":"product_cat","embeddable":true,"href":"https:\/\/m50.lv\/lv\/wp-json\/wp\/v2\/product_cat?post=171740"},{"taxonomy":"product_tag","embeddable":true,"href":"https:\/\/m50.lv\/lv\/wp-json\/wp\/v2\/product_tag?post=171740"}],"curies":[{"name":"wp","href":"https:\/\/api.w.org\/{rel}","templated":true}]}}