{"id":171751,"date":"2024-07-28T20:05:56","date_gmt":"2024-07-28T18:05:56","guid":{"rendered":"https:\/\/m50.lv\/product\/rains-cargo-lietusmetelis-zals\/"},"modified":"2024-07-28T20:05:56","modified_gmt":"2024-07-28T18:05:56","slug":"rains-cargo-lietusmetelis-zals","status":"publish","type":"product","link":"https:\/\/m50.lv\/lv\/product\/rains-cargo-lietusmetelis-zals\/","title":{"rendered":"Rains Cargo Lietusm\u0113telis | Za\u013c\u0161"},"content":{"rendered":"<p style=\"text-align: left;\">Produkta inform\u0101cija<\/p>\n<p style=\"text-align: left;\">Lietusm\u0113telis ir izgriezts no \u016bdensiztur\u012bga PU p\u0101rkl\u0101juma materi\u0101la, kas ir viegls, elpojo\u0161s un elast\u012bgs.<\/p>\n<p style=\"text-align: left;\">Cargo jakai ir regul\u0113jama kapuce, priek\u0161\u0113j\u0101s kabatas ar r\u0101v\u0113jsl\u0113dz\u0113ju un elast\u012bgi piedurk\u0146u gali.<\/p>\n<p style=\"text-align: left;\">Kop\u0161anas instrukcijas:<br \/>\nMazg\u0101t ve\u013casma\u0161\u012bn\u0101 aukst\u0101 \u016bden\u012b 30\u00b0C\/85\u00b0F.<br \/>\nNebalin\u0101t.<br \/>\nNedr\u012bkst \u017e\u0101v\u0113t ve\u013cas ma\u0161\u012bn\u0101.<br \/>\nNav gludin\u0101\u0161anas.<br \/>\nNedr\u012bkst \u0137\u012bmiski t\u012br\u012bt.<br \/>\nNeizmantojiet ve\u013cas m\u012bkstin\u0101t\u0101ju.<br \/>\nNeizmantojiet hidroizol\u0101cijas piedevas.<br \/>\nMazg\u0101t ar l\u012bdz\u012bg\u0101m kr\u0101s\u0101m.<\/p>\n","protected":false},"excerpt":{"rendered":"<p style=\"text-align: center;\">Cargo lietusm\u0113telis atbilst pils\u0113tas dz\u012bves pras\u012bb\u0101m.<\/p>\n","protected":false},"featured_media":171700,"template":"","meta":{"_jet_sm_ready_style":"","_jet_sm_style":"","_jet_sm_controls_values":"","_jet_sm_fonts_collection":"","_jet_sm_fonts_links":""},"pwb-brand":[1252],"product_cat":[102,853,854,105,103],"product_tag":[1366],"class_list":{"0":"post-171751","1":"product","2":"type-product","3":"status-publish","4":"has-post-thumbnail","6":"pwb-brand-rains-lv","7":"product_cat-apgerbs","8":"product_cat-lietusmeteli","9":"product_cat-lietusmeteli-lv","10":"product_cat-sievietem","11":"product_cat-viriesiem","12":"product_tag-back-2-school-lv","14":"first","15":"instock","16":"sale","17":"taxable","18":"shipping-taxable","19":"purchasable","20":"product-type-variable"},"raw_content":{"name":"Rains Cargo Lietusm\u0113telis | Za\u013c\u0161","description":"<p style=\"text-align: left;\">Produkta inform\u0101cija<\/p>\r\n<p style=\"text-align: left;\">Lietusm\u0113telis ir izgriezts no \u016bdensiztur\u012bga PU p\u0101rkl\u0101juma materi\u0101la, kas ir viegls, elpojo\u0161s un elast\u012bgs.<\/p>\r\n<p style=\"text-align: left;\">Cargo jakai ir regul\u0113jama kapuce, priek\u0161\u0113j\u0101s kabatas ar r\u0101v\u0113jsl\u0113dz\u0113ju un elast\u012bgi piedurk\u0146u gali.<\/p>\r\n<p style=\"text-align: left;\">Kop\u0161anas instrukcijas:\r\nMazg\u0101t ve\u013casma\u0161\u012bn\u0101 aukst\u0101 \u016bden\u012b 30\u00b0C\/85\u00b0F.\r\nNebalin\u0101t.\r\nNedr\u012bkst \u017e\u0101v\u0113t ve\u013cas ma\u0161\u012bn\u0101.\r\nNav gludin\u0101\u0161anas.\r\nNedr\u012bkst \u0137\u012bmiski t\u012br\u012bt.\r\nNeizmantojiet ve\u013cas m\u012bkstin\u0101t\u0101ju.\r\nNeizmantojiet hidroizol\u0101cijas piedevas.\r\nMazg\u0101t ar l\u012bdz\u012bg\u0101m kr\u0101s\u0101m.<\/p>","short_description":"<p style=\"text-align: center;\">Cargo lietusm\u0113telis atbilst pils\u0113tas dz\u012bves pras\u012bb\u0101m.<\/p>","status":"publish","sku":"RAINS-Cargo-Long-Jacket-Green","original":171701},"wpml":{"translation_type":1,"has_translations":true,"original":171701,"duplicates":[],"translations":{"lv":171751,"en":171701}},"brands":[{"id":1252,"name":"Rains","slug":"rains-lv"}],"_links":{"self":[{"href":"https:\/\/m50.lv\/lv\/wp-json\/wp\/v2\/product\/171751","targetHints":{"allow":["GET"]}}],"collection":[{"href":"https:\/\/m50.lv\/lv\/wp-json\/wp\/v2\/product"}],"about":[{"href":"https:\/\/m50.lv\/lv\/wp-json\/wp\/v2\/types\/product"}],"version-history":[{"count":0,"href":"https:\/\/m50.lv\/lv\/wp-json\/wp\/v2\/product\/171751\/revisions"}],"wp:featuredmedia":[{"embeddable":true,"href":"https:\/\/m50.lv\/lv\/wp-json\/wp\/v2\/media\/171700"}],"wp:attachment":[{"href":"https:\/\/m50.lv\/lv\/wp-json\/wp\/v2\/media?parent=171751"}],"wp:term":[{"taxonomy":"pwb-brand","embeddable":true,"href":"https:\/\/m50.lv\/lv\/wp-json\/wp\/v2\/pwb-brand?post=171751"},{"taxonomy":"product_cat","embeddable":true,"href":"https:\/\/m50.lv\/lv\/wp-json\/wp\/v2\/product_cat?post=171751"},{"taxonomy":"product_tag","embeddable":true,"href":"https:\/\/m50.lv\/lv\/wp-json\/wp\/v2\/product_tag?post=171751"}],"curies":[{"name":"wp","href":"https:\/\/api.w.org\/{rel}","templated":true}]}}