{"id":171826,"date":"2024-08-15T14:53:22","date_gmt":"2024-08-15T12:53:22","guid":{"rendered":"https:\/\/m50.lv\/product\/vaira-viksne-x-vitafruit-organiskas-kokvilnas-t-krekls-haips\/"},"modified":"2025-07-15T18:23:48","modified_gmt":"2025-07-15T16:23:48","slug":"vaira-viksne-x-vitafruit-organiskas-kokvilnas-t-krekls-haips","status":"publish","type":"product","link":"https:\/\/m50.lv\/lv\/product\/vaira-viksne-x-vitafruit-organiskas-kokvilnas-t-krekls-haips\/","title":{"rendered":"Vaira V\u012bksne x VitaFruit Organiskas Kokvilnas T krekls | Haips"},"content":{"rendered":"<p style=\"text-align: left;\">Ra\u017eots no 100% organisk\u0101s kokvilnas, \u0161is T krekls ne tikai izce\u013c br\u012bni\u0161\u0137\u012bgo dizainu, bet ar\u012b veicina ilgtsp\u0113j\u012bgu n\u0101kotni. Maig\u0101 un elpojo\u0161\u0101 auduma tekst\u016bra nodro\u0161ina pat\u012bkamu komfortu, padarot to par ide\u0101lu ap\u0123\u0113rba gabalu ikdienas lieto\u0161anai un atp\u016btai.<\/p>\n<p style=\"text-align: left;\">Krekls druk\u0101ts R\u012bg\u0101.<br \/>\nIeteicams mazg\u0101t 30C gr\u0101du temperat\u016br\u0101, izgrie\u017eot iek\u0161pusi uz \u0101ru, neizmantot autom\u0101tisko \u017e\u0101v\u0113t\u0101ju<br \/>\nAuduma bl\u012bvums: 180 G\/M\u00b2\u201d<\/p>\n","protected":false},"excerpt":{"rendered":"<p style=\"text-align: center;\">Esat izsl\u0101pu\u0161i p\u0113c jauna Vairas V\u012bksnes dizaina krekla? Sadarb\u012bb\u0101 ar Manga\u013ci VitaFruit, tapis br\u012bnumains dizains ar gar\u0161u un haipu.<br \/>\nNeturi savas sl\u0101pes r\u0101m\u012b, lai \u016bdens pl\u016bst p\u0101ri mal\u0101m un veldz\u0113 Tavas gar\u0161as k\u0101rpi\u0146as! Lieto labu mantu &#8211; labu \u016bdeni un labus organisk\u0101s kokvilnas T kreklus!<\/p>\n","protected":false},"featured_media":171810,"template":"","meta":{"_jet_sm_ready_style":"","_jet_sm_style":"","_jet_sm_controls_values":"","_jet_sm_fonts_collection":"","_jet_sm_fonts_links":""},"pwb-brand":[1261],"product_cat":[102,105,107,104],"product_tag":[1366],"class_list":{"0":"post-171826","1":"product","2":"type-product","3":"status-publish","4":"has-post-thumbnail","6":"pwb-brand-vaira-viksne-lv","7":"product_cat-apgerbs","8":"product_cat-sievietem","9":"product_cat-t-krekli-sievietem","10":"product_cat-t-krekli","11":"product_tag-back-2-school-lv","13":"first","14":"instock","15":"sale","16":"taxable","17":"shipping-taxable","18":"purchasable","19":"product-type-variable"},"raw_content":{"name":"Vaira V\u012bksne x VitaFruit Organiskas Kokvilnas T krekls | Haips","description":"<p style=\"text-align: left;\">Ra\u017eots no 100% organisk\u0101s kokvilnas, \u0161is T krekls ne tikai izce\u013c br\u012bni\u0161\u0137\u012bgo dizainu, bet ar\u012b veicina ilgtsp\u0113j\u012bgu n\u0101kotni. Maig\u0101 un elpojo\u0161\u0101 auduma tekst\u016bra nodro\u0161ina pat\u012bkamu komfortu, padarot to par ide\u0101lu ap\u0123\u0113rba gabalu ikdienas lieto\u0161anai un atp\u016btai.<\/p>\r\n<p style=\"text-align: left;\">Krekls druk\u0101ts R\u012bg\u0101.\r\nIeteicams mazg\u0101t 30C gr\u0101du temperat\u016br\u0101, izgrie\u017eot iek\u0161pusi uz \u0101ru, neizmantot autom\u0101tisko \u017e\u0101v\u0113t\u0101ju\r\nAuduma bl\u012bvums: 180 G\/M\u00b2\u201d<\/p>","short_description":"<p style=\"text-align: center;\">Esat izsl\u0101pu\u0161i p\u0113c jauna Vairas V\u012bksnes dizaina krekla? Sadarb\u012bb\u0101 ar Manga\u013ci VitaFruit, tapis br\u012bnumains dizains ar gar\u0161u un haipu.\r\nNeturi savas sl\u0101pes r\u0101m\u012b, lai \u016bdens pl\u016bst p\u0101ri mal\u0101m un veldz\u0113 Tavas gar\u0161as k\u0101rpi\u0146as! Lieto labu mantu - labu \u016bdeni un labus organisk\u0101s kokvilnas T kreklus!<\/p>","status":"publish","sku":"Vaira-V\u012bksnexVitaFruit","original":171799},"wpml":{"translation_type":1,"has_translations":true,"original":171799,"duplicates":[],"translations":{"lv":171826,"en":171799}},"brands":[{"id":1261,"name":"Vaira V\u012bksne","slug":"vaira-viksne-lv"}],"_links":{"self":[{"href":"https:\/\/m50.lv\/lv\/wp-json\/wp\/v2\/product\/171826","targetHints":{"allow":["GET"]}}],"collection":[{"href":"https:\/\/m50.lv\/lv\/wp-json\/wp\/v2\/product"}],"about":[{"href":"https:\/\/m50.lv\/lv\/wp-json\/wp\/v2\/types\/product"}],"version-history":[{"count":0,"href":"https:\/\/m50.lv\/lv\/wp-json\/wp\/v2\/product\/171826\/revisions"}],"wp:featuredmedia":[{"embeddable":true,"href":"https:\/\/m50.lv\/lv\/wp-json\/wp\/v2\/media\/171810"}],"wp:attachment":[{"href":"https:\/\/m50.lv\/lv\/wp-json\/wp\/v2\/media?parent=171826"}],"wp:term":[{"taxonomy":"pwb-brand","embeddable":true,"href":"https:\/\/m50.lv\/lv\/wp-json\/wp\/v2\/pwb-brand?post=171826"},{"taxonomy":"product_cat","embeddable":true,"href":"https:\/\/m50.lv\/lv\/wp-json\/wp\/v2\/product_cat?post=171826"},{"taxonomy":"product_tag","embeddable":true,"href":"https:\/\/m50.lv\/lv\/wp-json\/wp\/v2\/product_tag?post=171826"}],"curies":[{"name":"wp","href":"https:\/\/api.w.org\/{rel}","templated":true}]}}