{"id":172145,"date":"2024-08-24T23:13:47","date_gmt":"2024-08-24T21:13:47","guid":{"rendered":"https:\/\/m50.lv\/product\/seik-laimigie-markieri-izkrasojiet-piedzivojumus-ar-pastelkrasas-markieriem-6-gab\/"},"modified":"2024-08-24T23:13:47","modified_gmt":"2024-08-24T21:13:47","slug":"seik-laimigie-markieri-izkrasojiet-piedzivojumus-ar-pastelkrasas-markieriem-6-gab","status":"publish","type":"product","link":"https:\/\/m50.lv\/lv\/product\/seik-laimigie-markieri-izkrasojiet-piedzivojumus-ar-pastelkrasas-markieriem-6-gab\/","title":{"rendered":"Seik Laim\u012bgie mar\u0137ieri &#8211; izkr\u0101sojiet piedz\u012bvojumus ar paste\u013ckr\u0101sas mar\u0137ieriem (6 gab)"},"content":{"rendered":"<p style=\"text-align: left;\">Ikdienas iedvesmas deva ar m\u016bsu Laim\u012bgajiem mar\u0137ieriem.<\/p>\n","protected":false},"excerpt":{"rendered":"<p style=\"text-align: center;\">\u0160ie mar\u0137ieri ir kas vair\u0101k k\u0101 tikai mar\u0137ieri, tie ir J\u016bsu person\u012bgie uzmundrin\u0101t\u0101ji. Se\u0161as paste\u013ckr\u0101sas, no kur\u0101m varat izv\u0113l\u0113ties un izcelt savas piez\u012bmes vai padar\u012bt m\u0101c\u012b\u0161anos un darbu pl\u0101no\u0161anu nedaudz jautr\u0101ku. Bet, pagaidiet, ir v\u0113l kas! Katram mar\u0137ierim ir m\u012bl\u012bgs un iedvesmojo\u0161s uzraksts kas uzlabos J\u016bsu dienu un atg\u0101din\u0101s, ka varat paveikt jebko. Tie iedvesmos gan skol\u0101 un darb\u0101, gan iepriecin\u0101s J\u016bsu sirdi ar savu lielisko dizainu.<\/p>\n","protected":false},"featured_media":171951,"template":"","meta":{"_jet_sm_ready_style":"","_jet_sm_style":"","_jet_sm_controls_values":"","_jet_sm_fonts_collection":"","_jet_sm_fonts_links":""},"pwb-brand":[1266],"product_cat":[193],"product_tag":[1366],"class_list":{"0":"post-172145","1":"product","2":"type-product","3":"status-publish","4":"has-post-thumbnail","6":"pwb-brand-seik-lv","7":"product_cat-davanas","8":"product_tag-back-2-school-lv","10":"first","11":"outofstock","12":"taxable","13":"shipping-taxable","14":"purchasable","15":"product-type-simple"},"raw_content":{"name":"Seik Laim\u012bgie mar\u0137ieri - izkr\u0101sojiet piedz\u012bvojumus ar paste\u013ckr\u0101sas mar\u0137ieriem (6 gab)","description":"<p style=\"text-align: left;\">Ikdienas iedvesmas deva ar m\u016bsu Laim\u012bgajiem mar\u0137ieriem.<\/p>","short_description":"<p style=\"text-align: center;\">\u0160ie mar\u0137ieri ir kas vair\u0101k k\u0101 tikai mar\u0137ieri, tie ir J\u016bsu person\u012bgie uzmundrin\u0101t\u0101ji. Se\u0161as paste\u013ckr\u0101sas, no kur\u0101m varat izv\u0113l\u0113ties un izcelt savas piez\u012bmes vai padar\u012bt m\u0101c\u012b\u0161anos un darbu pl\u0101no\u0161anu nedaudz jautr\u0101ku. Bet, pagaidiet, ir v\u0113l kas! Katram mar\u0137ierim ir m\u012bl\u012bgs un iedvesmojo\u0161s uzraksts kas uzlabos J\u016bsu dienu un atg\u0101din\u0101s, ka varat paveikt jebko. Tie iedvesmos gan skol\u0101 un darb\u0101, gan iepriecin\u0101s J\u016bsu sirdi ar savu lielisko dizainu.<\/p>","status":"publish","sku":"seik-4744716014376","original":171933},"wpml":{"translation_type":1,"has_translations":true,"original":171933,"duplicates":[],"translations":{"lv":172145,"en":171933}},"brands":[{"id":1266,"name":"SEIK","slug":"seik-lv"}],"_links":{"self":[{"href":"https:\/\/m50.lv\/lv\/wp-json\/wp\/v2\/product\/172145","targetHints":{"allow":["GET"]}}],"collection":[{"href":"https:\/\/m50.lv\/lv\/wp-json\/wp\/v2\/product"}],"about":[{"href":"https:\/\/m50.lv\/lv\/wp-json\/wp\/v2\/types\/product"}],"version-history":[{"count":0,"href":"https:\/\/m50.lv\/lv\/wp-json\/wp\/v2\/product\/172145\/revisions"}],"wp:featuredmedia":[{"embeddable":true,"href":"https:\/\/m50.lv\/lv\/wp-json\/wp\/v2\/media\/171951"}],"wp:attachment":[{"href":"https:\/\/m50.lv\/lv\/wp-json\/wp\/v2\/media?parent=172145"}],"wp:term":[{"taxonomy":"pwb-brand","embeddable":true,"href":"https:\/\/m50.lv\/lv\/wp-json\/wp\/v2\/pwb-brand?post=172145"},{"taxonomy":"product_cat","embeddable":true,"href":"https:\/\/m50.lv\/lv\/wp-json\/wp\/v2\/product_cat?post=172145"},{"taxonomy":"product_tag","embeddable":true,"href":"https:\/\/m50.lv\/lv\/wp-json\/wp\/v2\/product_tag?post=172145"}],"curies":[{"name":"wp","href":"https:\/\/api.w.org\/{rel}","templated":true}]}}