{"id":172245,"date":"2024-09-01T08:13:21","date_gmt":"2024-09-01T06:13:21","guid":{"rendered":"https:\/\/m50.lv\/product\/m50-x-zane-veldre-organiskas-kokvilnas-t-krekls-latvijas-garsa\/"},"modified":"2026-02-23T14:43:45","modified_gmt":"2026-02-23T12:43:45","slug":"m50-x-zane-veldre-organiskas-kokvilnas-t-krekls-latvijas-garsa","status":"publish","type":"product","link":"https:\/\/m50.lv\/lv\/product\/m50-x-zane-veldre-organiskas-kokvilnas-t-krekls-latvijas-garsa\/","title":{"rendered":"M50 x Zane Veldre Organiskas kokvilnas t krekls LATVIJAS GAR\u0160A"},"content":{"rendered":"<p>\u0160is T krekls ra\u017eots no augstas kvalit\u0101tes 100% organiskas un PETA sertific\u0113tas kokvilnas. M\u012bksts un \u0113rts klasiska unisex mode\u013ca T krekls, ra\u017eots ES, druk\u0101ts R\u012bg\u0101.<\/p>\n<p>Ieteicams mazg\u0101t 30C gr\u0101du temperat\u016br\u0101, izgrie\u017eot iek\u0161pusi uz \u0101ru, neizmantot autom\u0101tisko \u017e\u0101v\u0113t\u0101ju.<\/p>\n<p>Auduma bl\u012bvums: 180 G\/M\u00b2<\/p>\n<p>&nbsp;<\/p>\n<p><img fetchpriority=\"high\" decoding=\"async\" class=\"alignnone wp-image-172207 size-large\" src=\"https:\/\/m50.lv\/wp-content\/uploads\/2024\/09\/t-krekla-izmeri-2024-3-1024x801.png\" alt=\"\" width=\"1024\" height=\"801\" srcset=\"https:\/\/m50.lv\/wp-content\/uploads\/2024\/09\/t-krekla-izmeri-2024-3-1024x801.png 1024w, https:\/\/m50.lv\/wp-content\/uploads\/2024\/09\/t-krekla-izmeri-2024-3-300x235.png 300w, https:\/\/m50.lv\/wp-content\/uploads\/2024\/09\/t-krekla-izmeri-2024-3-768x601.png 768w, https:\/\/m50.lv\/wp-content\/uploads\/2024\/09\/t-krekla-izmeri-2024-3-897x701.png 897w, https:\/\/m50.lv\/wp-content\/uploads\/2024\/09\/t-krekla-izmeri-2024-3.png 1381w\" sizes=\"(max-width: 1024px) 100vw, 1024px\" \/><\/p>\n","protected":false},"excerpt":{"rendered":"<p style=\"text-align: center;\">Iepaz\u012bstin\u0101m ar m\u016bsu &#8220;Latvijas gar\u0161a&#8221; T kreklu, kas izce\u013c ikoniskos Latvijas \u0113dienus. Dizain\u0101 att\u0113loti iecien\u012bti kulin\u0101rijas d\u0101rgumi, piem\u0113ram, aukst\u0101 bie\u0161u zupa, rupjmaize, dilles un \u0137iploki, skaisti izk\u0101rtoti ko\u0161\u0101 un pievilc\u012bg\u0101 kompoz\u012bcij\u0101. Izgatavots no augstas kvalit\u0101tes kokvilnas, \u0161is T krekls pied\u0101v\u0101 komfortu \u0113dienu m\u012b\u013cot\u0101jiem un tiem, kas ciena Latvijas bag\u0101t\u012bgo kulin\u0101rijas mantojumu. Valk\u0101jiet Latvijas gar\u0161as saj\u016btu jebkur\u0101 viet\u0101!<\/p>\n","protected":false},"featured_media":172204,"template":"","meta":{"_jet_sm_ready_style":"","_jet_sm_style":"","_jet_sm_controls_values":"","_jet_sm_fonts_collection":"","_jet_sm_fonts_links":""},"pwb-brand":[1249,1286],"product_cat":[102,193,105,104,107,103],"product_tag":[1366,1510,1368,1545],"class_list":{"0":"post-172245","1":"product","2":"type-product","3":"status-publish","4":"has-post-thumbnail","6":"pwb-brand-m50-lv","7":"pwb-brand-zane-veldre-lv","8":"product_cat-apgerbs","9":"product_cat-davanas","10":"product_cat-sievietem","11":"product_cat-t-krekli","12":"product_cat-t-krekli-sievietem","13":"product_cat-viriesiem","14":"product_tag-back-2-school-lv","15":"product_tag-janu-ligo-davanu-idejas","16":"product_tag-tevu-diena","17":"product_tag-ziemassvetku-davanas","19":"first","20":"instock","21":"taxable","22":"shipping-taxable","23":"purchasable","24":"product-type-variable"},"raw_content":{"name":"M50 x Zane Veldre Organiskas kokvilnas t krekls LATVIJAS GAR\u0160A","description":"\u0160is T krekls ra\u017eots no augstas kvalit\u0101tes 100% organiskas un PETA sertific\u0113tas kokvilnas. M\u012bksts un \u0113rts klasiska unisex mode\u013ca T krekls, ra\u017eots ES, druk\u0101ts R\u012bg\u0101.\r\n\r\nIeteicams mazg\u0101t 30C gr\u0101du temperat\u016br\u0101, izgrie\u017eot iek\u0161pusi uz \u0101ru, neizmantot autom\u0101tisko \u017e\u0101v\u0113t\u0101ju.\r\n\r\nAuduma bl\u012bvums: 180 G\/M\u00b2\r\n\r\n&nbsp;\r\n\r\n<img class=\"alignnone wp-image-172207 size-large\" src=\"https:\/\/m50.lv\/wp-content\/uploads\/2024\/09\/t-krekla-izmeri-2024-3-1024x801.png\" alt=\"\" width=\"1024\" height=\"801\" \/>","short_description":"<p style=\"text-align: center;\">Iepaz\u012bstin\u0101m ar m\u016bsu \"Latvijas gar\u0161a\" T kreklu, kas izce\u013c ikoniskos Latvijas \u0113dienus. Dizain\u0101 att\u0113loti iecien\u012bti kulin\u0101rijas d\u0101rgumi, piem\u0113ram, aukst\u0101 bie\u0161u zupa, rupjmaize, dilles un \u0137iploki, skaisti izk\u0101rtoti ko\u0161\u0101 un pievilc\u012bg\u0101 kompoz\u012bcij\u0101. Izgatavots no augstas kvalit\u0101tes kokvilnas, \u0161is T krekls pied\u0101v\u0101 komfortu \u0113dienu m\u012b\u013cot\u0101jiem un tiem, kas ciena Latvijas bag\u0101t\u012bgo kulin\u0101rijas mantojumu. Valk\u0101jiet Latvijas gar\u0161as saj\u016btu jebkur\u0101 viet\u0101!<\/p>","status":"publish","sku":"M50xZaneVeldreT-Shirt-Taste of Latvia","original":172174},"wpml":{"translation_type":1,"has_translations":true,"original":172174,"duplicates":[],"translations":{"lv":172245,"en":172174}},"brands":[{"id":1249,"name":"M50","slug":"m50-lv"},{"id":1286,"name":"Zane Veldre","slug":"zane-veldre-lv"}],"_links":{"self":[{"href":"https:\/\/m50.lv\/lv\/wp-json\/wp\/v2\/product\/172245","targetHints":{"allow":["GET"]}}],"collection":[{"href":"https:\/\/m50.lv\/lv\/wp-json\/wp\/v2\/product"}],"about":[{"href":"https:\/\/m50.lv\/lv\/wp-json\/wp\/v2\/types\/product"}],"version-history":[{"count":0,"href":"https:\/\/m50.lv\/lv\/wp-json\/wp\/v2\/product\/172245\/revisions"}],"wp:featuredmedia":[{"embeddable":true,"href":"https:\/\/m50.lv\/lv\/wp-json\/wp\/v2\/media\/172204"}],"wp:attachment":[{"href":"https:\/\/m50.lv\/lv\/wp-json\/wp\/v2\/media?parent=172245"}],"wp:term":[{"taxonomy":"pwb-brand","embeddable":true,"href":"https:\/\/m50.lv\/lv\/wp-json\/wp\/v2\/pwb-brand?post=172245"},{"taxonomy":"product_cat","embeddable":true,"href":"https:\/\/m50.lv\/lv\/wp-json\/wp\/v2\/product_cat?post=172245"},{"taxonomy":"product_tag","embeddable":true,"href":"https:\/\/m50.lv\/lv\/wp-json\/wp\/v2\/product_tag?post=172245"}],"curies":[{"name":"wp","href":"https:\/\/api.w.org\/{rel}","templated":true}]}}