{"id":172251,"date":"2024-09-03T09:12:50","date_gmt":"2024-09-03T07:12:50","guid":{"rendered":"https:\/\/m50.lv\/product\/filma-straume-unisex-t-krekls\/"},"modified":"2025-12-26T09:19:59","modified_gmt":"2025-12-26T07:19:59","slug":"filma-straume-unisex-t-krekls","status":"publish","type":"product","link":"https:\/\/m50.lv\/lv\/product\/filma-straume-unisex-t-krekls\/","title":{"rendered":"Ofici\u0101lais T-krekls godalgotajai anim\u0101cijas filmai STRAUME \/ FLOW | Balts | Ka\u0137is uz muguras"},"content":{"rendered":"<p style=\"text-align: left;\">Materi\u0101ls: 100% organisk\u0101 kokvilna<br \/>\nPiegriezums: Unisex<br \/>\nIlgtsp\u0113j\u012bgs, videi draudz\u012bgs audums<br \/>\nPerfekts gan ikdienai, gan k\u0101 stil\u012bgs aksesu\u0101rs \u012bstiem filmas cien\u012bt\u0101jiem! \ud83c\udf3f\ud83d\udc3e<\/p>\n<p style=\"text-align: left;\">Ieteicams mazg\u0101t 30C gr\u0101du temperat\u016br\u0101, izgrie\u017eot iek\u0161pusi uz \u0101ru, neizmantot autom\u0101tisko \u017e\u0101v\u0113t\u0101ju.<\/p>\n<p>Lai izv\u0113l\u0113tos pareizo izm\u0113ru, skatiet pievienoto tabulu<\/p>\n<p>Druk\u0101ts R\u012bg\u0101, Latvij\u0101<\/p>\n<p>\u00a9 FLOW\u2122 2024, Dream Well Studio, Sacrebleu Productions, Take Five. Visas ties\u012bbas aizsarg\u0101tas.<\/p>\n<p><span class=\"gmail-Y2IQFc\" lang=\"lv\">Ginta Zilbalo\u017ea filma Straume \/\u00a0<em>Flow<\/em>\u00a0ir vizu\u0101li satrieco\u0161s un v\u0113st\u012bjuma zi\u0146\u0101 sp\u0113c\u012bgs \u0161edevrs, kas apvieno ma\u0123isku atmosf\u0113ru ar dzi\u013cu, p\u0101rdomas rosino\u0161u st\u0101stu.\u00a0<\/span>Vair\u0101k par filmu un t\u0101s tap\u0161anas st\u0101stu lasi \u0161eit &#8211; m\u016bsu<a href=\"https:\/\/m50.lv\/lv\/2025\/02\/17\/flow-movie-continues-its-triumphant-journey\/\">\u00a0bloga ierakst\u0101.<\/a><\/p>\n<p><img fetchpriority=\"high\" decoding=\"async\" class=\"alignnone size-large wp-image-175864\" src=\"https:\/\/m50.lv\/wp-content\/uploads\/2025\/01\/t-krekla-izmeri-2024-LV-1024x801.jpg\" alt=\"\" width=\"800\" height=\"626\" srcset=\"https:\/\/m50.lv\/wp-content\/uploads\/2025\/01\/t-krekla-izmeri-2024-LV-1024x801.jpg 1024w, https:\/\/m50.lv\/wp-content\/uploads\/2025\/01\/t-krekla-izmeri-2024-LV-300x235.jpg 300w, https:\/\/m50.lv\/wp-content\/uploads\/2025\/01\/t-krekla-izmeri-2024-LV-768x601.jpg 768w, https:\/\/m50.lv\/wp-content\/uploads\/2025\/01\/t-krekla-izmeri-2024-LV-897x701.jpg 897w, https:\/\/m50.lv\/wp-content\/uploads\/2025\/01\/t-krekla-izmeri-2024-LV.jpg 1381w\" sizes=\"(max-width: 800px) 100vw, 800px\" \/><\/p>\n","protected":false},"excerpt":{"rendered":"<p style=\"text-align: center;\">T krekls ir ide\u0101ls veids, k\u0101 izr\u0101d\u012bt savu m\u012blest\u012bbu godalgotajai anim\u0101cijas filmai &#8220;FLOW&#8221;\/&#8221;Straume&#8221;. Mugurpus\u0113 att\u0113lots ka\u0137\u012btis \u2013 filmas galvenais t\u0113ls, priek\u0161pus\u0113 neliels uzraksts &#8220;Flow&#8221;.<\/p>\n<p style=\"text-align: center;\">Ofici\u0101lais suven\u012brs 2025. gada Zelta Globusa un Oskara balvu ieguvu\u0161ajai lab\u0101kajai anim\u0101cijas filmai.<\/p>\n","protected":false},"featured_media":177047,"template":"","meta":{"_jet_sm_ready_style":"","_jet_sm_style":"","_jet_sm_controls_values":"","_jet_sm_fonts_collection":"","_jet_sm_fonts_links":""},"pwb-brand":[1458],"product_cat":[102,193,105,107,104,103],"product_tag":[1487,1485,1502,1545],"class_list":["post-172251","product","type-product","status-publish","has-post-thumbnail","pwb-brand-filma-straume","product_cat-apgerbs","product_cat-davanas","product_cat-sievietem","product_cat-t-krekli-sievietem","product_cat-t-krekli","product_cat-viriesiem","product_tag-backorder-lv","product_tag-straume","product_tag-straume-lv","product_tag-ziemassvetku-davanas","first","instock","taxable","shipping-taxable","purchasable","product-type-variable"],"raw_content":{"name":"Ofici\u0101lais T-krekls godalgotajai anim\u0101cijas filmai STRAUME \/ FLOW | Balts | Ka\u0137is uz muguras","description":"<p style=\"text-align: left;\">Materi\u0101ls: 100% organisk\u0101 kokvilna\r\nPiegriezums: Unisex\r\nIlgtsp\u0113j\u012bgs, videi draudz\u012bgs audums\r\nPerfekts gan ikdienai, gan k\u0101 stil\u012bgs aksesu\u0101rs \u012bstiem filmas cien\u012bt\u0101jiem! \ud83c\udf3f\ud83d\udc3e<\/p>\r\n<p style=\"text-align: left;\">Ieteicams mazg\u0101t 30C gr\u0101du temperat\u016br\u0101, izgrie\u017eot iek\u0161pusi uz \u0101ru, neizmantot autom\u0101tisko \u017e\u0101v\u0113t\u0101ju.\r\n\r\nLai izv\u0113l\u0113tos pareizo izm\u0113ru, skatiet pievienoto tabulu<\/p>\r\nDruk\u0101ts R\u012bg\u0101, Latvij\u0101\r\n\r\n\u00a9 FLOW\u2122 2024, Dream Well Studio, Sacrebleu Productions, Take Five. Visas ties\u012bbas aizsarg\u0101tas.\r\n\r\n<span class=\"gmail-Y2IQFc\" lang=\"lv\">Ginta Zilbalo\u017ea filma Straume \/\u00a0<em>Flow<\/em>\u00a0ir vizu\u0101li satrieco\u0161s un v\u0113st\u012bjuma zi\u0146\u0101 sp\u0113c\u012bgs \u0161edevrs, kas apvieno ma\u0123isku atmosf\u0113ru ar dzi\u013cu, p\u0101rdomas rosino\u0161u st\u0101stu.\u00a0<\/span>Vair\u0101k par filmu un t\u0101s tap\u0161anas st\u0101stu lasi \u0161eit - m\u016bsu<a href=\"https:\/\/m50.lv\/lv\/2025\/02\/17\/flow-movie-continues-its-triumphant-journey\/\">\u00a0bloga ierakst\u0101.<\/a>\r\n\r\n<img class=\"alignnone size-large wp-image-175864\" src=\"https:\/\/m50.lv\/wp-content\/uploads\/2025\/01\/t-krekla-izmeri-2024-LV-1024x801.jpg\" alt=\"\" width=\"800\" height=\"626\" \/>","short_description":"<p style=\"text-align: center;\">T krekls ir ide\u0101ls veids, k\u0101 izr\u0101d\u012bt savu m\u012blest\u012bbu godalgotajai anim\u0101cijas filmai \"FLOW\"\/\"Straume\". Mugurpus\u0113 att\u0113lots ka\u0137\u012btis \u2013 filmas galvenais t\u0113ls, priek\u0161pus\u0113 neliels uzraksts \"Flow\".<\/p>\r\n<p style=\"text-align: center;\">Ofici\u0101lais suven\u012brs 2025. gada Zelta Globusa un Oskara balvu ieguvu\u0161ajai lab\u0101kajai anim\u0101cijas filmai.<\/p>","status":"publish","sku":"Filma-Straume-Cat","original":172189},"wpml":{"translation_type":1,"has_translations":true,"original":172189,"duplicates":[],"translations":{"lv":172251,"en":172189}},"brands":[{"id":1458,"name":"Filma Straume","slug":"filma-straume"}],"_links":{"self":[{"href":"https:\/\/m50.lv\/lv\/wp-json\/wp\/v2\/product\/172251","targetHints":{"allow":["GET"]}}],"collection":[{"href":"https:\/\/m50.lv\/lv\/wp-json\/wp\/v2\/product"}],"about":[{"href":"https:\/\/m50.lv\/lv\/wp-json\/wp\/v2\/types\/product"}],"version-history":[{"count":0,"href":"https:\/\/m50.lv\/lv\/wp-json\/wp\/v2\/product\/172251\/revisions"}],"wp:featuredmedia":[{"embeddable":true,"href":"https:\/\/m50.lv\/lv\/wp-json\/wp\/v2\/media\/177047"}],"wp:attachment":[{"href":"https:\/\/m50.lv\/lv\/wp-json\/wp\/v2\/media?parent=172251"}],"wp:term":[{"taxonomy":"pwb-brand","embeddable":true,"href":"https:\/\/m50.lv\/lv\/wp-json\/wp\/v2\/pwb-brand?post=172251"},{"taxonomy":"product_cat","embeddable":true,"href":"https:\/\/m50.lv\/lv\/wp-json\/wp\/v2\/product_cat?post=172251"},{"taxonomy":"product_tag","embeddable":true,"href":"https:\/\/m50.lv\/lv\/wp-json\/wp\/v2\/product_tag?post=172251"}],"curies":[{"name":"wp","href":"https:\/\/api.w.org\/{rel}","templated":true}]}}