{"id":172259,"date":"2024-09-03T09:14:08","date_gmt":"2024-09-03T07:14:08","guid":{"rendered":"https:\/\/m50.lv\/product\/rigas-metro-kepons-melns\/"},"modified":"2025-06-17T15:22:03","modified_gmt":"2025-06-17T13:22:03","slug":"rigas-metro-kepons-melns","status":"publish","type":"product","link":"https:\/\/m50.lv\/lv\/product\/rigas-metro-kepons-melns\/","title":{"rendered":"R\u012bgas Metro kepons | Melns"},"content":{"rendered":"<p style=\"text-align: left;\">100% kokvilnas velvets,<br \/>\n6 pane\u013cu dizains,<br \/>\nm\u012bksta virspuse,<br \/>\nvint\u0101\u017eas stils,<br \/>\nkokvilnas iek\u0161\u0113j\u0101 l\u012bnija,<br \/>\n\u0113rta izm\u0113ra regul\u0113\u0161ana<\/p>\n","protected":false},"excerpt":{"rendered":"<p style=\"text-align: center;\">Veidoju\u0161i ap\u0123\u0113rbu l\u012bniju darbiniekiem, kas dienu no dienas paral\u0113laj\u0101 R\u012bg\u0101 pal\u012bdz cilv\u0113kiem nok\u013c\u016bt galam\u0113r\u0137\u012b. Ar \u0161o projektu m\u0113s grib\u0113tu aicin\u0101t ne tikai izt\u0113loties cit\u0101d\u0101ku R\u012bgu, bet ar\u012b m\u0113\u0123in\u0101t izprast un nov\u0113rt\u0113t k\u0101da t\u0101 ir \u0161odienas realit\u0101t\u0113. Pils\u0113ta, kas p\u0101rdz\u012bvojusi daudz, bet ir nelok\u0101ma sav\u0101 izaugsmes ce\u013c\u0101.<\/p>\n","protected":false},"featured_media":172212,"template":"","meta":{"_jet_sm_ready_style":"","_jet_sm_style":"","_jet_sm_controls_values":"","_jet_sm_fonts_collection":"","_jet_sm_fonts_links":""},"pwb-brand":[1456],"product_cat":[101,193,570],"product_tag":[1577,1510,1368],"class_list":{"0":"post-172259","1":"product","2":"type-product","3":"status-publish","4":"has-post-thumbnail","6":"pwb-brand-rigas-metro-lv","7":"product_cat-aksesuari","8":"product_cat-davanas","9":"product_cat-keponi","10":"product_tag-latvija","11":"product_tag-janu-ligo-davanu-idejas","12":"product_tag-tevu-diena","14":"first","15":"instock","16":"taxable","17":"shipping-taxable","18":"purchasable","19":"product-type-simple"},"raw_content":{"name":"R\u012bgas Metro kepons | Melns","description":"<p style=\"text-align: left;\">100% kokvilnas velvets,\r\n6 pane\u013cu dizains,\r\nm\u012bksta virspuse,\r\nvint\u0101\u017eas stils,\r\nkokvilnas iek\u0161\u0113j\u0101 l\u012bnija,\r\n\u0113rta izm\u0113ra regul\u0113\u0161ana<\/p>","short_description":"<p style=\"text-align: center;\">Veidoju\u0161i ap\u0123\u0113rbu l\u012bniju darbiniekiem, kas dienu no dienas paral\u0113laj\u0101 R\u012bg\u0101 pal\u012bdz cilv\u0113kiem nok\u013c\u016bt galam\u0113r\u0137\u012b. Ar \u0161o projektu m\u0113s grib\u0113tu aicin\u0101t ne tikai izt\u0113loties cit\u0101d\u0101ku R\u012bgu, bet ar\u012b m\u0113\u0123in\u0101t izprast un nov\u0113rt\u0113t k\u0101da t\u0101 ir \u0161odienas realit\u0101t\u0113. Pils\u0113ta, kas p\u0101rdz\u012bvojusi daudz, bet ir nelok\u0101ma sav\u0101 izaugsmes ce\u013c\u0101.<\/p>","status":"publish","sku":"rigas-metro-cap-blk","original":172191},"wpml":{"translation_type":1,"has_translations":true,"original":172191,"duplicates":[],"translations":{"lv":172259,"en":172191}},"brands":[{"id":1456,"name":"R\u012bgas Metro","slug":"rigas-metro-lv"}],"_links":{"self":[{"href":"https:\/\/m50.lv\/lv\/wp-json\/wp\/v2\/product\/172259","targetHints":{"allow":["GET"]}}],"collection":[{"href":"https:\/\/m50.lv\/lv\/wp-json\/wp\/v2\/product"}],"about":[{"href":"https:\/\/m50.lv\/lv\/wp-json\/wp\/v2\/types\/product"}],"version-history":[{"count":0,"href":"https:\/\/m50.lv\/lv\/wp-json\/wp\/v2\/product\/172259\/revisions"}],"wp:featuredmedia":[{"embeddable":true,"href":"https:\/\/m50.lv\/lv\/wp-json\/wp\/v2\/media\/172212"}],"wp:attachment":[{"href":"https:\/\/m50.lv\/lv\/wp-json\/wp\/v2\/media?parent=172259"}],"wp:term":[{"taxonomy":"pwb-brand","embeddable":true,"href":"https:\/\/m50.lv\/lv\/wp-json\/wp\/v2\/pwb-brand?post=172259"},{"taxonomy":"product_cat","embeddable":true,"href":"https:\/\/m50.lv\/lv\/wp-json\/wp\/v2\/product_cat?post=172259"},{"taxonomy":"product_tag","embeddable":true,"href":"https:\/\/m50.lv\/lv\/wp-json\/wp\/v2\/product_tag?post=172259"}],"curies":[{"name":"wp","href":"https:\/\/api.w.org\/{rel}","templated":true}]}}