{"id":172527,"date":"2024-09-21T09:08:24","date_gmt":"2024-09-21T07:08:24","guid":{"rendered":"https:\/\/m50.lv\/product\/m50-kleita-noktirne-lina-zila\/"},"modified":"2025-09-29T01:49:37","modified_gmt":"2025-09-28T23:49:37","slug":"m50-kleita-noktirne-lina-zila","status":"publish","type":"product","link":"https:\/\/m50.lv\/lv\/product\/m50-kleita-noktirne-lina-zila\/","title":{"rendered":"M50 Kleita Noktirne Lina | Zila"},"content":{"rendered":"<p style=\"text-align: left;\">Sast\u0101vs: 100% lins.<\/p>\n<p style=\"text-align: left;\">Mazg\u0101t ar iek\u0161pusi uz \u0101ru, 30 gr\u0101dos, gludin\u0101t iesak\u0101m ar tvaika gludekli<\/p>\n","protected":false},"excerpt":{"rendered":"<p style=\"text-align: center;\">\u0112rta, praktiska, universa\u0304la, ar liela\u0304m kabata\u0304m. Kleita izskata\u0304s lieliski ar\u012b ar jostin\u0327u un daz\u030ca\u0304diem aksesua\u0304riem, pa\u0304ri uzvelkot jacin\u0327u, vai apak\u0161\u0101 pavelkot \u201cb\u012btlen\u012bti\u201d.<\/p>\n","protected":false},"featured_media":172432,"template":"","meta":{"_jet_sm_ready_style":"","_jet_sm_style":"","_jet_sm_controls_values":"","_jet_sm_fonts_collection":"","_jet_sm_fonts_links":""},"pwb-brand":[1249],"product_cat":[106,105],"product_tag":[1508,1510],"class_list":{"0":"post-172527","1":"product","2":"type-product","3":"status-publish","4":"has-post-thumbnail","6":"pwb-brand-m50-lv","7":"product_cat-kleitas","8":"product_cat-sievietem","9":"product_tag-ipasais-piedavajums","10":"product_tag-janu-ligo-davanu-idejas","12":"first","13":"instock","14":"taxable","15":"shipping-taxable","16":"purchasable","17":"product-type-variable"},"raw_content":{"name":"M50 Kleita Noktirne Lina | Zila","description":"<p style=\"text-align: left;\">Sast\u0101vs: 100% lins.<\/p>\r\n<p style=\"text-align: left;\">Mazg\u0101t ar iek\u0161pusi uz \u0101ru, 30 gr\u0101dos, gludin\u0101t iesak\u0101m ar tvaika gludekli<\/p>","short_description":"<p style=\"text-align: center;\">\u0112rta, praktiska, universa\u0304la, ar liela\u0304m kabata\u0304m. Kleita izskata\u0304s lieliski ar\u012b ar jostin\u0327u un daz\u030ca\u0304diem aksesua\u0304riem, pa\u0304ri uzvelkot jacin\u0327u, vai apak\u0161\u0101 pavelkot \u201cb\u012btlen\u012bti\u201d.<\/p>","status":"publish","sku":"M50-Linen-Dress-Nocturne-Blue","original":172420},"wpml":{"translation_type":1,"has_translations":true,"original":172420,"duplicates":[],"translations":{"lv":172527,"en":172420}},"brands":[{"id":1249,"name":"M50","slug":"m50-lv"}],"_links":{"self":[{"href":"https:\/\/m50.lv\/lv\/wp-json\/wp\/v2\/product\/172527","targetHints":{"allow":["GET"]}}],"collection":[{"href":"https:\/\/m50.lv\/lv\/wp-json\/wp\/v2\/product"}],"about":[{"href":"https:\/\/m50.lv\/lv\/wp-json\/wp\/v2\/types\/product"}],"version-history":[{"count":0,"href":"https:\/\/m50.lv\/lv\/wp-json\/wp\/v2\/product\/172527\/revisions"}],"wp:featuredmedia":[{"embeddable":true,"href":"https:\/\/m50.lv\/lv\/wp-json\/wp\/v2\/media\/172432"}],"wp:attachment":[{"href":"https:\/\/m50.lv\/lv\/wp-json\/wp\/v2\/media?parent=172527"}],"wp:term":[{"taxonomy":"pwb-brand","embeddable":true,"href":"https:\/\/m50.lv\/lv\/wp-json\/wp\/v2\/pwb-brand?post=172527"},{"taxonomy":"product_cat","embeddable":true,"href":"https:\/\/m50.lv\/lv\/wp-json\/wp\/v2\/product_cat?post=172527"},{"taxonomy":"product_tag","embeddable":true,"href":"https:\/\/m50.lv\/lv\/wp-json\/wp\/v2\/product_tag?post=172527"}],"curies":[{"name":"wp","href":"https:\/\/api.w.org\/{rel}","templated":true}]}}