{"id":172942,"date":"2024-09-30T16:48:16","date_gmt":"2024-09-30T14:48:16","guid":{"rendered":"https:\/\/m50.lv\/product\/m50-organiskas-kokvilnas-sieviesu-t-krekls-riga\/"},"modified":"2024-09-30T16:48:16","modified_gmt":"2024-09-30T14:48:16","slug":"m50-organiskas-kokvilnas-sieviesu-t-krekls-riga","status":"publish","type":"product","link":"https:\/\/m50.lv\/lv\/product\/m50-organiskas-kokvilnas-sieviesu-t-krekls-riga\/","title":{"rendered":"M50 Organiskas Kokvilnas Sievie\u0161u T krekls | R\u012bga"},"content":{"rendered":"","protected":false},"excerpt":{"rendered":"","protected":false},"featured_media":172775,"template":"","meta":{"_jet_sm_ready_style":"","_jet_sm_style":"","_jet_sm_controls_values":"","_jet_sm_fonts_collection":"","_jet_sm_fonts_links":""},"pwb-brand":[1249],"product_cat":[102,193,105,104,107,103],"product_tag":[1577],"class_list":["post-172942","product","type-product","status-publish","has-post-thumbnail","pwb-brand-m50-lv","product_cat-apgerbs","product_cat-davanas","product_cat-sievietem","product_cat-t-krekli","product_cat-t-krekli-sievietem","product_cat-viriesiem","product_tag-latvija","first","instock","taxable","shipping-taxable","purchasable","product-type-variable"],"raw_content":{"name":"M50 Organiskas Kokvilnas Sievie\u0161u T krekls | R\u012bga","description":"","short_description":"","status":"publish","sku":"M50-Women-T-Shirt-r\u012bga","original":172685},"wpml":{"translation_type":1,"has_translations":true,"original":172685,"duplicates":[],"translations":{"lv":172942,"en":172685}},"brands":[{"id":1249,"name":"M50","slug":"m50-lv"}],"_links":{"self":[{"href":"https:\/\/m50.lv\/lv\/wp-json\/wp\/v2\/product\/172942","targetHints":{"allow":["GET"]}}],"collection":[{"href":"https:\/\/m50.lv\/lv\/wp-json\/wp\/v2\/product"}],"about":[{"href":"https:\/\/m50.lv\/lv\/wp-json\/wp\/v2\/types\/product"}],"version-history":[{"count":0,"href":"https:\/\/m50.lv\/lv\/wp-json\/wp\/v2\/product\/172942\/revisions"}],"wp:featuredmedia":[{"embeddable":true,"href":"https:\/\/m50.lv\/lv\/wp-json\/wp\/v2\/media\/172775"}],"wp:attachment":[{"href":"https:\/\/m50.lv\/lv\/wp-json\/wp\/v2\/media?parent=172942"}],"wp:term":[{"taxonomy":"pwb-brand","embeddable":true,"href":"https:\/\/m50.lv\/lv\/wp-json\/wp\/v2\/pwb-brand?post=172942"},{"taxonomy":"product_cat","embeddable":true,"href":"https:\/\/m50.lv\/lv\/wp-json\/wp\/v2\/product_cat?post=172942"},{"taxonomy":"product_tag","embeddable":true,"href":"https:\/\/m50.lv\/lv\/wp-json\/wp\/v2\/product_tag?post=172942"}],"curies":[{"name":"wp","href":"https:\/\/api.w.org\/{rel}","templated":true}]}}