{"id":172948,"date":"2024-09-30T16:59:58","date_gmt":"2024-09-30T14:59:58","guid":{"rendered":"https:\/\/m50.lv\/product\/m50-kreklins-sokolade\/"},"modified":"2026-02-23T14:43:47","modified_gmt":"2026-02-23T12:43:47","slug":"m50-kreklins-sokolade","status":"publish","type":"product","link":"https:\/\/m50.lv\/lv\/product\/m50-kreklins-sokolade\/","title":{"rendered":"M50 Krekli\u0146\u0161 | \u0160okol\u0101de"},"content":{"rendered":"<p style=\"text-align: left;\">M50 fejas pa\u0161as valk\u0101 un citiem iesaka! Skaista kr\u0101su gamma, izcili saskan ar legingiem no M50 kolekcijas!<\/p>\n<p style=\"text-align: left;\">Materi\u0101ls: 92% vikoze, 8% elast\u0101ns.<\/p>\n","protected":false},"excerpt":{"rendered":"<p style=\"text-align: center;\">Kolekcija \u201cSecond Skin\u201d ikdienai un sportam! Der k\u0101 uzliets \u2013 k\u0101 \u201cotr\u0101 \u0101di\u0146a\u201d. Krekli\u0146am ir apstr\u0101d\u0101ts kakla izgriezums, rokri\u0146\u0137i un apak\u0161mala.<\/p>\n","protected":false},"featured_media":172735,"template":"","meta":{"_jet_sm_ready_style":"","_jet_sm_style":"","_jet_sm_controls_values":"","_jet_sm_fonts_collection":"","_jet_sm_fonts_links":""},"pwb-brand":[1249],"product_cat":[102,733,1306,105,913],"product_tag":[850,1331,1312],"class_list":{"0":"post-172948","1":"product","2":"type-product","3":"status-publish","4":"has-post-thumbnail","6":"pwb-brand-m50-lv","7":"product_cat-apgerbs","8":"product_cat-m50","9":"product_cat-second-skin-lv","10":"product_cat-sievietem","11":"product_cat-topi-lv","12":"product_tag-second-skin-lv","13":"product_tag-sspamatkolekcija","14":"product_tag-secondskin-lv","16":"first","17":"instock","18":"taxable","19":"shipping-taxable","20":"purchasable","21":"product-type-variable"},"raw_content":{"name":"M50 Krekli\u0146\u0161 | \u0160okol\u0101de","description":"<p style=\"text-align: left;\">M50 fejas pa\u0161as valk\u0101 un citiem iesaka! Skaista kr\u0101su gamma, izcili saskan ar legingiem no M50 kolekcijas!<\/p>\r\n<p style=\"text-align: left;\">Materi\u0101ls: 92% vikoze, 8% elast\u0101ns.<\/p>","short_description":"<p style=\"text-align: center;\">Kolekcija \u201cSecond Skin\u201d ikdienai un sportam! Der k\u0101 uzliets \u2013 k\u0101 \u201cotr\u0101 \u0101di\u0146a\u201d. Krekli\u0146am ir apstr\u0101d\u0101ts kakla izgriezums, rokri\u0146\u0137i un apak\u0161mala.<\/p>","status":"publish","sku":"M50-Basic-Top-Chocolate","original":172864},"wpml":{"translation_type":1,"has_translations":true,"original":172864,"duplicates":[],"translations":{"lv":172948,"en":172864}},"brands":[{"id":1249,"name":"M50","slug":"m50-lv"}],"_links":{"self":[{"href":"https:\/\/m50.lv\/lv\/wp-json\/wp\/v2\/product\/172948","targetHints":{"allow":["GET"]}}],"collection":[{"href":"https:\/\/m50.lv\/lv\/wp-json\/wp\/v2\/product"}],"about":[{"href":"https:\/\/m50.lv\/lv\/wp-json\/wp\/v2\/types\/product"}],"version-history":[{"count":0,"href":"https:\/\/m50.lv\/lv\/wp-json\/wp\/v2\/product\/172948\/revisions"}],"wp:featuredmedia":[{"embeddable":true,"href":"https:\/\/m50.lv\/lv\/wp-json\/wp\/v2\/media\/172735"}],"wp:attachment":[{"href":"https:\/\/m50.lv\/lv\/wp-json\/wp\/v2\/media?parent=172948"}],"wp:term":[{"taxonomy":"pwb-brand","embeddable":true,"href":"https:\/\/m50.lv\/lv\/wp-json\/wp\/v2\/pwb-brand?post=172948"},{"taxonomy":"product_cat","embeddable":true,"href":"https:\/\/m50.lv\/lv\/wp-json\/wp\/v2\/product_cat?post=172948"},{"taxonomy":"product_tag","embeddable":true,"href":"https:\/\/m50.lv\/lv\/wp-json\/wp\/v2\/product_tag?post=172948"}],"curies":[{"name":"wp","href":"https:\/\/api.w.org\/{rel}","templated":true}]}}