{"id":172968,"date":"2024-09-30T17:38:16","date_gmt":"2024-09-30T15:38:16","guid":{"rendered":"https:\/\/m50.lv\/product\/m50-dzinsa-svarki-kleo\/"},"modified":"2026-02-23T14:43:47","modified_gmt":"2026-02-23T12:43:47","slug":"m50-dzinsa-svarki-kleo","status":"publish","type":"product","link":"https:\/\/m50.lv\/lv\/product\/m50-dzinsa-svarki-kleo\/","title":{"rendered":"M50 D\u017einsa Sv\u0101rki Kleo"},"content":{"rendered":"<p style=\"text-align: left;\">Sast\u0101vs &#8211; 65% kokvilna, 33% poliesters, 2% elast\u0101ns. Elegantai ikdienai kombin\u0113 sv\u0101rci\u0146us ar garo piedurk\u0146u topi\u0146iem no SECOND SKIN kolekcijas un z\u0101bakiem &#8211; \u0113rti un gaum\u012bgi.<\/p>\n<p style=\"text-align: left;\">Sv\u0101rki pieejami neliel\u0101 skait\u0101!<\/p>\n","protected":false},"excerpt":{"rendered":"<p style=\"text-align: center;\">Apburo\u0161o Kleo sv\u0101rci\u0146u gar\u0101ka versija, kas piem\u0113rota n\u0113s\u0101\u0161anai visa gada garum\u0101. Viegli vari\u0113jami izm\u0113ri, jo sv\u0101rki ir p\u0101rliekami \/ sasienami.<\/p>\n","protected":false},"featured_media":172794,"template":"","meta":{"_jet_sm_ready_style":"","_jet_sm_style":"","_jet_sm_controls_values":"","_jet_sm_fonts_collection":"","_jet_sm_fonts_links":""},"pwb-brand":[1249],"product_cat":[733,105,594],"product_tag":[],"class_list":{"0":"post-172968","1":"product","2":"type-product","3":"status-publish","4":"has-post-thumbnail","6":"pwb-brand-m50-lv","7":"product_cat-m50","8":"product_cat-sievietem","9":"product_cat-svarki","11":"first","12":"instock","13":"taxable","14":"shipping-taxable","15":"purchasable","16":"product-type-variable"},"raw_content":{"name":"M50 D\u017einsa Sv\u0101rki Kleo","description":"<p style=\"text-align: left;\">Sast\u0101vs - 65% kokvilna, 33% poliesters, 2% elast\u0101ns. Elegantai ikdienai kombin\u0113 sv\u0101rci\u0146us ar garo piedurk\u0146u topi\u0146iem no SECOND SKIN kolekcijas un z\u0101bakiem - \u0113rti un gaum\u012bgi.<\/p>\r\n<p style=\"text-align: left;\">Sv\u0101rki pieejami neliel\u0101 skait\u0101!<\/p>","short_description":"<p style=\"text-align: center;\">Apburo\u0161o Kleo sv\u0101rci\u0146u gar\u0101ka versija, kas piem\u0113rota n\u0113s\u0101\u0161anai visa gada garum\u0101. Viegli vari\u0113jami izm\u0113ri, jo sv\u0101rki ir p\u0101rliekami \/ sasienami.<\/p>","status":"publish","sku":"M50-Denim-Skirt-Kleo","original":172905},"wpml":{"translation_type":1,"has_translations":true,"original":172905,"duplicates":[],"translations":{"lv":172968,"en":172905}},"brands":[{"id":1249,"name":"M50","slug":"m50-lv"}],"_links":{"self":[{"href":"https:\/\/m50.lv\/lv\/wp-json\/wp\/v2\/product\/172968","targetHints":{"allow":["GET"]}}],"collection":[{"href":"https:\/\/m50.lv\/lv\/wp-json\/wp\/v2\/product"}],"about":[{"href":"https:\/\/m50.lv\/lv\/wp-json\/wp\/v2\/types\/product"}],"version-history":[{"count":0,"href":"https:\/\/m50.lv\/lv\/wp-json\/wp\/v2\/product\/172968\/revisions"}],"wp:featuredmedia":[{"embeddable":true,"href":"https:\/\/m50.lv\/lv\/wp-json\/wp\/v2\/media\/172794"}],"wp:attachment":[{"href":"https:\/\/m50.lv\/lv\/wp-json\/wp\/v2\/media?parent=172968"}],"wp:term":[{"taxonomy":"pwb-brand","embeddable":true,"href":"https:\/\/m50.lv\/lv\/wp-json\/wp\/v2\/pwb-brand?post=172968"},{"taxonomy":"product_cat","embeddable":true,"href":"https:\/\/m50.lv\/lv\/wp-json\/wp\/v2\/product_cat?post=172968"},{"taxonomy":"product_tag","embeddable":true,"href":"https:\/\/m50.lv\/lv\/wp-json\/wp\/v2\/product_tag?post=172968"}],"curies":[{"name":"wp","href":"https:\/\/api.w.org\/{rel}","templated":true}]}}