{"id":173253,"date":"2024-10-17T18:28:43","date_gmt":"2024-10-17T16:28:43","guid":{"rendered":"https:\/\/m50.lv\/product\/rains-biezi-flisa-cimdi-melni\/"},"modified":"2024-12-03T13:47:00","modified_gmt":"2024-12-03T11:47:00","slug":"rains-biezi-flisa-cimdi-melni","status":"publish","type":"product","link":"https:\/\/m50.lv\/lv\/product\/rains-biezi-flisa-cimdi-melni\/","title":{"rendered":"RAINS d\u016brai\u0146i | Melni"},"content":{"rendered":"<p style=\"text-align: left;\">Sast\u0101vs: 100% poliesters<br \/>\nOdere: 100% poliesters<br \/>\nP\u0101rkl\u0101jums: 100% poliuret\u0101ns<br \/>\n\u016adensnecaurlaid\u012bbas nov\u0113rt\u0113jums: aizsardz\u012bba pret periodisku vieglu lietu<br \/>\nTemperat\u016bras nov\u0113rt\u0113jums: ziemai gatava aizsardz\u012bba pret aukstu klimatu<br \/>\n\u016adens kolonnas spiediens: 5000 mm<br \/>\nV\u0113ja necaurlaid\u012bba: aizsardz\u012bba pret v\u0113ja aukstumu<\/p>\n","protected":false},"excerpt":{"rendered":"<p style=\"text-align: center;\">D\u016brai\u0146i ar fl\u012bsa atloku un silto iek\u0161i\u0146u.<\/p>\n","protected":false},"featured_media":173133,"template":"","meta":{"_jet_sm_ready_style":"","_jet_sm_style":"","_jet_sm_controls_values":"","_jet_sm_fonts_collection":"","_jet_sm_fonts_links":""},"pwb-brand":[1252],"product_cat":[101,650,193],"product_tag":[1468,1545],"class_list":{"0":"post-173253","1":"product","2":"type-product","3":"status-publish","4":"has-post-thumbnail","6":"pwb-brand-rains-lv","7":"product_cat-aksesuari","8":"product_cat-cimdi","9":"product_cat-davanas","10":"product_tag-bf-rainscimdi","11":"product_tag-ziemassvetku-davanas","13":"first","14":"instock","15":"sale","16":"taxable","17":"shipping-taxable","18":"purchasable","19":"product-type-variable"},"raw_content":{"name":"RAINS d\u016brai\u0146i | Melni","description":"<p style=\"text-align: left;\">Sast\u0101vs: 100% poliesters\r\nOdere: 100% poliesters\r\nP\u0101rkl\u0101jums: 100% poliuret\u0101ns\r\n\u016adensnecaurlaid\u012bbas nov\u0113rt\u0113jums: aizsardz\u012bba pret periodisku vieglu lietu\r\nTemperat\u016bras nov\u0113rt\u0113jums: ziemai gatava aizsardz\u012bba pret aukstu klimatu\r\n\u016adens kolonnas spiediens: 5000 mm\r\nV\u0113ja necaurlaid\u012bba: aizsardz\u012bba pret v\u0113ja aukstumu<\/p>","short_description":"<p style=\"text-align: center;\">D\u016brai\u0146i ar fl\u012bsa atloku un silto iek\u0161i\u0146u.<\/p>","status":"publish","sku":"RAINS-Puffer-Fleece-Mittens-Black","original":173171},"wpml":{"translation_type":1,"has_translations":true,"original":173171,"duplicates":[],"translations":{"lv":173253,"en":173171}},"brands":[{"id":1252,"name":"Rains","slug":"rains-lv"}],"_links":{"self":[{"href":"https:\/\/m50.lv\/lv\/wp-json\/wp\/v2\/product\/173253","targetHints":{"allow":["GET"]}}],"collection":[{"href":"https:\/\/m50.lv\/lv\/wp-json\/wp\/v2\/product"}],"about":[{"href":"https:\/\/m50.lv\/lv\/wp-json\/wp\/v2\/types\/product"}],"version-history":[{"count":0,"href":"https:\/\/m50.lv\/lv\/wp-json\/wp\/v2\/product\/173253\/revisions"}],"wp:featuredmedia":[{"embeddable":true,"href":"https:\/\/m50.lv\/lv\/wp-json\/wp\/v2\/media\/173133"}],"wp:attachment":[{"href":"https:\/\/m50.lv\/lv\/wp-json\/wp\/v2\/media?parent=173253"}],"wp:term":[{"taxonomy":"pwb-brand","embeddable":true,"href":"https:\/\/m50.lv\/lv\/wp-json\/wp\/v2\/pwb-brand?post=173253"},{"taxonomy":"product_cat","embeddable":true,"href":"https:\/\/m50.lv\/lv\/wp-json\/wp\/v2\/product_cat?post=173253"},{"taxonomy":"product_tag","embeddable":true,"href":"https:\/\/m50.lv\/lv\/wp-json\/wp\/v2\/product_tag?post=173253"}],"curies":[{"name":"wp","href":"https:\/\/api.w.org\/{rel}","templated":true}]}}