{"id":173271,"date":"2024-10-17T18:34:40","date_gmt":"2024-10-17T16:34:40","guid":{"rendered":"https:\/\/m50.lv\/product\/rains-lohja-duraini-smilskrasas\/"},"modified":"2024-12-03T13:47:01","modified_gmt":"2024-12-03T11:47:01","slug":"rains-lohja-duraini-smilskrasas","status":"publish","type":"product","link":"https:\/\/m50.lv\/lv\/product\/rains-lohja-duraini-smilskrasas\/","title":{"rendered":"RAINS Lohja d\u016brai\u0146i | Smil\u0161kr\u0101sas"},"content":{"rendered":"<p style=\"text-align: left;\">Sast\u0101vs: 100% poliesters<br \/>\nPild\u012bjums: 100% poliesters<br \/>\nOdere: 100% poliesters<br \/>\nP\u0101rkl\u0101jums: 100% poliuret\u0101ns<br \/>\n\u016adensiztur\u012bbas nov\u0113rt\u0113jums: Ikdienas aizsardz\u012bba pret vieglu mitrumu<br \/>\nTemperat\u016bras nov\u0113rt\u0113jums: Ikdienas aizsardz\u012bba pret m\u0113ren\u0101m temperat\u016br\u0101m<br \/>\n\u016adens kolonnas spiediens: 5000 mm<br \/>\nV\u0113ja necaurlaid\u012bba: Aizsardz\u012bba pret v\u0113ja aukstumu<\/p>\n","protected":false},"excerpt":{"rendered":"<p style=\"text-align: center;\">Lohja d\u016brai\u0146i ir viegls ziemas aksesu\u0101rs.<\/p>\n","protected":false},"featured_media":173119,"template":"","meta":{"_jet_sm_ready_style":"","_jet_sm_style":"","_jet_sm_controls_values":"","_jet_sm_fonts_collection":"","_jet_sm_fonts_links":""},"pwb-brand":[1252],"product_cat":[101,650],"product_tag":[1468],"class_list":{"0":"post-173271","1":"product","2":"type-product","3":"status-publish","4":"has-post-thumbnail","6":"pwb-brand-rains-lv","7":"product_cat-aksesuari","8":"product_cat-cimdi","9":"product_tag-bf-rainscimdi","11":"first","12":"instock","13":"sale","14":"taxable","15":"shipping-taxable","16":"purchasable","17":"product-type-variable"},"raw_content":{"name":"RAINS Lohja d\u016brai\u0146i | Smil\u0161kr\u0101sas","description":"<p style=\"text-align: left;\">Sast\u0101vs: 100% poliesters\r\nPild\u012bjums: 100% poliesters\r\nOdere: 100% poliesters\r\nP\u0101rkl\u0101jums: 100% poliuret\u0101ns\r\n\u016adensiztur\u012bbas nov\u0113rt\u0113jums: Ikdienas aizsardz\u012bba pret vieglu mitrumu\r\nTemperat\u016bras nov\u0113rt\u0113jums: Ikdienas aizsardz\u012bba pret m\u0113ren\u0101m temperat\u016br\u0101m\r\n\u016adens kolonnas spiediens: 5000 mm\r\nV\u0113ja necaurlaid\u012bba: Aizsardz\u012bba pret v\u0113ja aukstumu<\/p>","short_description":"<p style=\"text-align: center;\">Lohja d\u016brai\u0146i ir viegls ziemas aksesu\u0101rs.<\/p>","status":"publish","sku":"RAINS-Lohja-Puffer-Mittens-Sand","original":173175},"wpml":{"translation_type":1,"has_translations":true,"original":173175,"duplicates":[],"translations":{"lv":173271,"en":173175}},"brands":[{"id":1252,"name":"Rains","slug":"rains-lv"}],"_links":{"self":[{"href":"https:\/\/m50.lv\/lv\/wp-json\/wp\/v2\/product\/173271","targetHints":{"allow":["GET"]}}],"collection":[{"href":"https:\/\/m50.lv\/lv\/wp-json\/wp\/v2\/product"}],"about":[{"href":"https:\/\/m50.lv\/lv\/wp-json\/wp\/v2\/types\/product"}],"version-history":[{"count":0,"href":"https:\/\/m50.lv\/lv\/wp-json\/wp\/v2\/product\/173271\/revisions"}],"wp:featuredmedia":[{"embeddable":true,"href":"https:\/\/m50.lv\/lv\/wp-json\/wp\/v2\/media\/173119"}],"wp:attachment":[{"href":"https:\/\/m50.lv\/lv\/wp-json\/wp\/v2\/media?parent=173271"}],"wp:term":[{"taxonomy":"pwb-brand","embeddable":true,"href":"https:\/\/m50.lv\/lv\/wp-json\/wp\/v2\/pwb-brand?post=173271"},{"taxonomy":"product_cat","embeddable":true,"href":"https:\/\/m50.lv\/lv\/wp-json\/wp\/v2\/product_cat?post=173271"},{"taxonomy":"product_tag","embeddable":true,"href":"https:\/\/m50.lv\/lv\/wp-json\/wp\/v2\/product_tag?post=173271"}],"curies":[{"name":"wp","href":"https:\/\/api.w.org\/{rel}","templated":true}]}}