{"id":173499,"date":"2024-11-07T08:01:35","date_gmt":"2024-11-07T06:01:35","guid":{"rendered":"https:\/\/m50.lv\/product\/m50-organiskas-kokvilnas-unisex-dzemperis-this-is-my-riga\/"},"modified":"2026-05-10T18:39:08","modified_gmt":"2026-05-10T16:39:08","slug":"m50-organiskas-kokvilnas-unisex-dzemperis-this-is-my-riga","status":"publish","type":"product","link":"https:\/\/m50.lv\/lv\/product\/m50-organiskas-kokvilnas-unisex-dzemperis-this-is-my-riga\/","title":{"rendered":"M50 Organiskas Kokvilnas Unisex D\u017eemperis | This is my Riga Sweatshirt"},"content":{"rendered":"<p style=\"text-align: left;\">Sast\u0101vs: 100% kokvilna, audums mazg\u0101ts, 350 GSM<\/p>\n<p style=\"text-align: left;\">Kop\u0161anas instrukcijas:<br \/>\nMazg\u0101jiet l\u012bdz\u012bg\u0101s kr\u0101s\u0101s kop\u0101, bez gludin\u0101\u0161anas uz iz\u0161uvuma, mazg\u0101jiet un gludiniet ar \u0101rpusi uz iek\u0161u.<\/p>\n<p><img fetchpriority=\"high\" decoding=\"async\" class=\"alignnone size-full wp-image-173485\" src=\"https:\/\/m50.lv\/wp-content\/uploads\/2024\/11\/changer-2.0-izmeru-tabula.jpg\" alt=\"\" width=\"570\" height=\"374\" srcset=\"https:\/\/m50.lv\/wp-content\/uploads\/2024\/11\/changer-2.0-izmeru-tabula.jpg 570w, https:\/\/m50.lv\/wp-content\/uploads\/2024\/11\/changer-2.0-izmeru-tabula-300x197.jpg 300w\" sizes=\"(max-width: 570px) 100vw, 570px\" \/><\/p>\n<p style=\"text-align: left;\">Mazg\u0101\u0161ana \u2013 30\u00b0 \u2013 ne\u017e\u0101v\u0113t ve\u013cas \u017e\u0101v\u0113t\u0101j\u0101<\/p>\n","protected":false},"excerpt":{"rendered":"<p style=\"text-align: center;\">Iepaz\u012bstin\u0101m ar m\u016bsu jauno d\u017eemperi, kas ir drosm\u012bgs m\u012blest\u012bbas apliecin\u0101jumu R\u012bgai \u2013 Latvijas dinamiskajai galvaspils\u0113tai.<\/p>\n<p style=\"text-align: center;\">Neatkar\u012bgi no t\u0101, vai esi viet\u0113jais, kas lepojas ar savu pils\u0113tu, vai R\u012bgas skaistuma saj\u016bsmin\u0101ts viesis, \u0161is d\u017eemperis ir oblig\u0101ts j\u016bsu garderobes papildin\u0101jums. Aptveriet R\u012bgas ener\u0123iju un vitalit\u0101ti ar m\u016bsu \u201cThis is my Riga sweatshirt\u201d \u2013 jo da\u017eas pils\u0113tas vienk\u0101r\u0161i atst\u0101j neizdz\u0113\u0161amas p\u0113das tav\u0101 sird\u012b.<\/p>\n","protected":false},"featured_media":173392,"template":"","meta":{"_jet_sm_ready_style":"","_jet_sm_style":"","_jet_sm_controls_values":"","_jet_sm_fonts_collection":"","_jet_sm_fonts_links":""},"pwb-brand":[1249],"product_cat":[102,193,199,201,733,105,103],"product_tag":[],"class_list":["post-173499","product","type-product","status-publish","has-post-thumbnail","pwb-brand-m50-lv","product_cat-apgerbs","product_cat-davanas","product_cat-dzemperi","product_cat-dzemperi-lv","product_cat-m50","product_cat-sievietem","product_cat-viriesiem","first","instock","taxable","shipping-taxable","purchasable","product-type-variable"],"raw_content":{"name":"M50 Organiskas Kokvilnas Unisex D\u017eemperis | This is my Riga Sweatshirt","description":"<p style=\"text-align: left;\">Sast\u0101vs: 100% kokvilna, audums mazg\u0101ts, 350 GSM<\/p>\r\n<p style=\"text-align: left;\">Kop\u0161anas instrukcijas:\r\nMazg\u0101jiet l\u012bdz\u012bg\u0101s kr\u0101s\u0101s kop\u0101, bez gludin\u0101\u0161anas uz iz\u0161uvuma, mazg\u0101jiet un gludiniet ar \u0101rpusi uz iek\u0161u.<\/p>\r\n<img class=\"alignnone size-full wp-image-173485\" src=\"https:\/\/m50.lv\/wp-content\/uploads\/2024\/11\/changer-2.0-izmeru-tabula.jpg\" alt=\"\" width=\"570\" height=\"374\" \/>\r\n<p style=\"text-align: left;\">Mazg\u0101\u0161ana \u2013 30\u00b0 \u2013 ne\u017e\u0101v\u0113t ve\u013cas \u017e\u0101v\u0113t\u0101j\u0101<\/p>","short_description":"<p style=\"text-align: center;\">Iepaz\u012bstin\u0101m ar m\u016bsu jauno d\u017eemperi, kas ir drosm\u012bgs m\u012blest\u012bbas apliecin\u0101jumu R\u012bgai \u2013 Latvijas dinamiskajai galvaspils\u0113tai.<\/p>\r\n<p style=\"text-align: center;\">Neatkar\u012bgi no t\u0101, vai esi viet\u0113jais, kas lepojas ar savu pils\u0113tu, vai R\u012bgas skaistuma saj\u016bsmin\u0101ts viesis, \u0161is d\u017eemperis ir oblig\u0101ts j\u016bsu garderobes papildin\u0101jums. Aptveriet R\u012bgas ener\u0123iju un vitalit\u0101ti ar m\u016bsu \u201cThis is my Riga sweatshirt\u201d \u2013 jo da\u017eas pils\u0113tas vienk\u0101r\u0161i atst\u0101j neizdz\u0113\u0161amas p\u0113das tav\u0101 sird\u012b.<\/p>","status":"publish","sku":"M50-Unisex-Sweatshirt-this-is-my-Riga-Sweatshirt","original":173383},"wpml":{"translation_type":1,"has_translations":true,"original":173383,"duplicates":[],"translations":{"lv":173499,"en":173383}},"brands":[{"id":1249,"name":"M50","slug":"m50-lv"}],"_links":{"self":[{"href":"https:\/\/m50.lv\/lv\/wp-json\/wp\/v2\/product\/173499","targetHints":{"allow":["GET"]}}],"collection":[{"href":"https:\/\/m50.lv\/lv\/wp-json\/wp\/v2\/product"}],"about":[{"href":"https:\/\/m50.lv\/lv\/wp-json\/wp\/v2\/types\/product"}],"version-history":[{"count":0,"href":"https:\/\/m50.lv\/lv\/wp-json\/wp\/v2\/product\/173499\/revisions"}],"wp:featuredmedia":[{"embeddable":true,"href":"https:\/\/m50.lv\/lv\/wp-json\/wp\/v2\/media\/173392"}],"wp:attachment":[{"href":"https:\/\/m50.lv\/lv\/wp-json\/wp\/v2\/media?parent=173499"}],"wp:term":[{"taxonomy":"pwb-brand","embeddable":true,"href":"https:\/\/m50.lv\/lv\/wp-json\/wp\/v2\/pwb-brand?post=173499"},{"taxonomy":"product_cat","embeddable":true,"href":"https:\/\/m50.lv\/lv\/wp-json\/wp\/v2\/product_cat?post=173499"},{"taxonomy":"product_tag","embeddable":true,"href":"https:\/\/m50.lv\/lv\/wp-json\/wp\/v2\/product_tag?post=173499"}],"curies":[{"name":"wp","href":"https:\/\/api.w.org\/{rel}","templated":true}]}}