{"id":173509,"date":"2024-11-07T08:13:20","date_gmt":"2024-11-07T06:13:20","guid":{"rendered":"https:\/\/m50.lv\/product\/m50-kepons-dievins-2\/"},"modified":"2025-10-31T16:59:50","modified_gmt":"2025-10-31T14:59:50","slug":"m50-kepons-dievins-2","status":"publish","type":"product","link":"https:\/\/m50.lv\/lv\/product\/m50-kepons-dievins-2\/","title":{"rendered":"M50 Kepons | Dievi\u0146\u0161"},"content":{"rendered":"<p style=\"text-align: left;\">100% mazg\u0101ta kokvilna<br \/>\nVint\u0101\u017eas stils<br \/>\nZema profila 5 pane\u013cu dizains<br \/>\nM\u012bksta virspuse<br \/>\nKokvilnas iek\u0161\u0113j\u0101 l\u012bnija<br \/>\n\u0112rti regul\u0113jams izm\u0113rs ar misi\u0146a spr\u0101dzi<br \/>\nVentil\u0101cijas caurumi\u0146i<\/p>\n","protected":false},"excerpt":{"rendered":"<p style=\"text-align: center;\">Cepure rad\u012bta, apvienojot m\u016bsdien\u012bgu eleganci un \u0161armu. Uz t\u0101s priek\u0161\u0113j\u0101 da\u013c\u0101 iz\u0161\u016bta rakstu z\u012bme, kas stiprina saikni ar m\u016bsu zemes autentisko b\u016bt\u012bbu un sp\u0113ku. \u0160\u012b gai\u0161i br\u016bn\u0101s kr\u0101sas na\u0123ene pie\u0161\u0137irs Tavam vasaras t\u0113lam vieglumu un pal\u012bdz\u0113s \u013cau\u017eu p\u016bl\u012b atrast sav\u0113jos.<\/p>\n<p style=\"text-align: center;\">Dieva z\u012bme \u2013 simboliz\u0113 gaismu, tiek\u0161anos uz piln\u012bbu, att\u012bst\u012bbu, pal\u012bdz rast lab\u0101kos risin\u0101jumus<\/p>\n","protected":false},"featured_media":185310,"template":"","meta":{"_jet_sm_ready_style":"","_jet_sm_style":"","_jet_sm_controls_values":"","_jet_sm_fonts_collection":"","_jet_sm_fonts_links":""},"pwb-brand":[1249],"product_cat":[101,1192,193,570,733,105,103],"product_tag":[1366,925],"class_list":{"0":"post-173509","1":"product","2":"type-product","3":"status-publish","4":"has-post-thumbnail","6":"pwb-brand-m50-lv","7":"product_cat-aksesuari","8":"product_cat-cepures-lv","9":"product_cat-davanas","10":"product_cat-keponi","11":"product_cat-m50","12":"product_cat-sievietem","13":"product_cat-viriesiem","14":"product_tag-back-2-school-lv","15":"product_tag-kepons-lv","17":"first","18":"instock","19":"taxable","20":"shipping-taxable","21":"purchasable","22":"product-type-simple"},"raw_content":{"name":"M50 Kepons | Dievi\u0146\u0161","description":"<p style=\"text-align: left;\">100% mazg\u0101ta kokvilna\r\nVint\u0101\u017eas stils\r\nZema profila 5 pane\u013cu dizains\r\nM\u012bksta virspuse\r\nKokvilnas iek\u0161\u0113j\u0101 l\u012bnija\r\n\u0112rti regul\u0113jams izm\u0113rs ar misi\u0146a spr\u0101dzi\r\nVentil\u0101cijas caurumi\u0146i<\/p>","short_description":"<p style=\"text-align: center;\">Cepure rad\u012bta, apvienojot m\u016bsdien\u012bgu eleganci un \u0161armu. Uz t\u0101s priek\u0161\u0113j\u0101 da\u013c\u0101 iz\u0161\u016bta rakstu z\u012bme, kas stiprina saikni ar m\u016bsu zemes autentisko b\u016bt\u012bbu un sp\u0113ku. \u0160\u012b gai\u0161i br\u016bn\u0101s kr\u0101sas na\u0123ene pie\u0161\u0137irs Tavam vasaras t\u0113lam vieglumu un pal\u012bdz\u0113s \u013cau\u017eu p\u016bl\u012b atrast sav\u0113jos.<\/p>\r\n<p style=\"text-align: center;\">Dieva z\u012bme \u2013 simboliz\u0113 gaismu, tiek\u0161anos uz piln\u012bbu, att\u012bst\u012bbu, pal\u012bdz rast lab\u0101kos risin\u0101jumus<\/p>","status":"publish","sku":"M50-kepons-dievs-brw","original":173385},"wpml":{"translation_type":1,"has_translations":true,"original":173385,"duplicates":[],"translations":{"lv":173509,"en":173385}},"brands":[{"id":1249,"name":"M50","slug":"m50-lv"}],"_links":{"self":[{"href":"https:\/\/m50.lv\/lv\/wp-json\/wp\/v2\/product\/173509","targetHints":{"allow":["GET"]}}],"collection":[{"href":"https:\/\/m50.lv\/lv\/wp-json\/wp\/v2\/product"}],"about":[{"href":"https:\/\/m50.lv\/lv\/wp-json\/wp\/v2\/types\/product"}],"version-history":[{"count":0,"href":"https:\/\/m50.lv\/lv\/wp-json\/wp\/v2\/product\/173509\/revisions"}],"wp:featuredmedia":[{"embeddable":true,"href":"https:\/\/m50.lv\/lv\/wp-json\/wp\/v2\/media\/185310"}],"wp:attachment":[{"href":"https:\/\/m50.lv\/lv\/wp-json\/wp\/v2\/media?parent=173509"}],"wp:term":[{"taxonomy":"pwb-brand","embeddable":true,"href":"https:\/\/m50.lv\/lv\/wp-json\/wp\/v2\/pwb-brand?post=173509"},{"taxonomy":"product_cat","embeddable":true,"href":"https:\/\/m50.lv\/lv\/wp-json\/wp\/v2\/product_cat?post=173509"},{"taxonomy":"product_tag","embeddable":true,"href":"https:\/\/m50.lv\/lv\/wp-json\/wp\/v2\/product_tag?post=173509"}],"curies":[{"name":"wp","href":"https:\/\/api.w.org\/{rel}","templated":true}]}}