{"id":173510,"date":"2024-11-07T08:15:43","date_gmt":"2024-11-07T06:15:43","guid":{"rendered":"https:\/\/m50.lv\/product\/m50-x-vaira-viksne-velveta-kepons-zieds-bruns\/"},"modified":"2025-06-17T15:21:46","modified_gmt":"2025-06-17T13:21:46","slug":"m50-x-vaira-viksne-velveta-kepons-zieds-bruns","status":"publish","type":"product","link":"https:\/\/m50.lv\/lv\/product\/m50-x-vaira-viksne-velveta-kepons-zieds-bruns\/","title":{"rendered":"M50 X Vaira V\u012bksne Velveta Kepons ZIEDS | Br\u016bns"},"content":{"rendered":"<p style=\"text-align: left;\">Galvenais audums: 100% p\u0101rstr\u0101d\u0101ts poliesters.<br \/>\nStruktur\u0113ta 6 pane\u013cu beisbola cepure no p\u0101rstr\u0101d\u0101ta poliestera velveta, 8 velvet\u0113m ar izliektu nagu un aizdari ar \u0101\u0137i un cilpu aizmigu\u0113.<br \/>\nVintage izskats un silta saj\u016bta rok\u0101.<\/p>\n","protected":false},"excerpt":{"rendered":"<p style=\"text-align: center;\">Papildini savu stilu ar elegances piesk\u0101rienu! Kepons ar smalki iz\u0161\u016btu, stiliz\u0113tu ziedu, kas apvieno modi un m\u0101kslu.<\/p>\n","protected":false},"featured_media":173434,"template":"","meta":{"_jet_sm_ready_style":"","_jet_sm_style":"","_jet_sm_controls_values":"","_jet_sm_fonts_collection":"","_jet_sm_fonts_links":""},"pwb-brand":[1261],"product_cat":[569,1154,179,60,61],"product_tag":[1366,1510],"class_list":{"0":"post-173510","1":"product","2":"type-product","3":"status-publish","4":"has-post-thumbnail","6":"pwb-brand-vaira-viksne-lv","7":"product_cat-caps","8":"product_cat-hats","9":"product_cat-gifts","10":"product_cat-womens","11":"product_cat-mens","12":"product_tag-back-2-school-lv","13":"product_tag-janu-ligo-davanu-idejas","15":"first","16":"outofstock","17":"taxable","18":"shipping-taxable","19":"purchasable","20":"product-type-simple"},"raw_content":{"name":"M50 X Vaira V\u012bksne Velveta Kepons ZIEDS | Br\u016bns","description":"<p style=\"text-align: left;\">Galvenais audums: 100% p\u0101rstr\u0101d\u0101ts poliesters.\r\nStruktur\u0113ta 6 pane\u013cu beisbola cepure no p\u0101rstr\u0101d\u0101ta poliestera velveta, 8 velvet\u0113m ar izliektu nagu un aizdari ar \u0101\u0137i un cilpu aizmigu\u0113.\r\nVintage izskats un silta saj\u016bta rok\u0101.<\/p>","short_description":"<p style=\"text-align: center;\">Papildini savu stilu ar elegances piesk\u0101rienu! Kepons ar smalki iz\u0161\u016btu, stiliz\u0113tu ziedu, kas apvieno modi un m\u0101kslu.<\/p>","status":"publish","sku":"M50xVV-cap-brown","original":173386},"wpml":{"translation_type":1,"has_translations":true,"original":173386,"duplicates":[],"translations":{"lv":173510,"en":173386}},"brands":[{"id":1261,"name":"Vaira V\u012bksne","slug":"vaira-viksne-lv"}],"_links":{"self":[{"href":"https:\/\/m50.lv\/lv\/wp-json\/wp\/v2\/product\/173510","targetHints":{"allow":["GET"]}}],"collection":[{"href":"https:\/\/m50.lv\/lv\/wp-json\/wp\/v2\/product"}],"about":[{"href":"https:\/\/m50.lv\/lv\/wp-json\/wp\/v2\/types\/product"}],"version-history":[{"count":0,"href":"https:\/\/m50.lv\/lv\/wp-json\/wp\/v2\/product\/173510\/revisions"}],"wp:featuredmedia":[{"embeddable":true,"href":"https:\/\/m50.lv\/lv\/wp-json\/wp\/v2\/media\/173434"}],"wp:attachment":[{"href":"https:\/\/m50.lv\/lv\/wp-json\/wp\/v2\/media?parent=173510"}],"wp:term":[{"taxonomy":"pwb-brand","embeddable":true,"href":"https:\/\/m50.lv\/lv\/wp-json\/wp\/v2\/pwb-brand?post=173510"},{"taxonomy":"product_cat","embeddable":true,"href":"https:\/\/m50.lv\/lv\/wp-json\/wp\/v2\/product_cat?post=173510"},{"taxonomy":"product_tag","embeddable":true,"href":"https:\/\/m50.lv\/lv\/wp-json\/wp\/v2\/product_tag?post=173510"}],"curies":[{"name":"wp","href":"https:\/\/api.w.org\/{rel}","templated":true}]}}