{"id":173618,"date":"2024-11-11T17:54:04","date_gmt":"2024-11-11T15:54:04","guid":{"rendered":"https:\/\/m50.lv\/product\/m50-organiskas-kokvilnas-maisins-this-is-my-riga-bag-tumsi-zils\/"},"modified":"2026-05-01T17:22:47","modified_gmt":"2026-05-01T15:22:47","slug":"m50-organiskas-kokvilnas-maisins-this-is-my-riga-bag-tumsi-zils","status":"publish","type":"product","link":"https:\/\/m50.lv\/lv\/product\/m50-organiskas-kokvilnas-maisins-this-is-my-riga-bag-tumsi-zils\/","title":{"rendered":"M50 Organiskas Kokvilnas MAISI\u0145\u0160 \u201cTHIS IS MY RIGA BAG\u201d | Tum\u0161i zils"},"content":{"rendered":"<p style=\"text-align: left;\">SAST\u0100VS: Audekls,<br \/>\n80% KOKVILNA \u2013 P\u0100RSTR\u0100D\u0100TA,<br \/>\n20% POLIESTERS \u2013 P\u0100RSTR\u0100DE, 300 G\/M\u00b2<\/p>\n","protected":false},"excerpt":{"rendered":"<p style=\"text-align: center;\">Iepaz\u012bstin\u0101m ar M50 jauno ta\u0161i\u0146u, kas dz\u012bvespriec\u012bgi apliecina m\u016bsu m\u012blest\u012bbu pret R\u012bgu \u2013 Latvijas dinamisko galvaspils\u0113tu. Uz maisi\u0146a uzdruk\u0101ts kr\u0101sains teksts, kas lepni v\u0113st\u012b \u201c\u0160is ir mans R\u012bgas maisi\u0146\u0161\u201d. \u0160is maisi\u0146\u0161 ir ne tikai aksesu\u0101rs, tas ir pazi\u0146ojums par person\u012bgo saikni ar pils\u0113tas \u0161armu un garu.<\/p>\n<p style=\"text-align: center;\">Vai tu esi viet\u0113jais, kur\u0161 lepojas ar savu pils\u0113tu, vai ciemi\u0146\u0161, kuru apb\u016bris R\u012bgas skaistums \u2013 \u0161is maisi\u0146\u0161 ir oblig\u0101ta Tavas garderobes sast\u0101vda\u013ca! Izbaudi R\u012bgas ener\u0123iju un vitalit\u0101ti, jo da\u017eas pils\u0113tas vienk\u0101r\u0161i atst\u0101j palieko\u0161\u0101ku iespaidu Tav\u0101 sird\u012b \ud83d\ude42<\/p>\n","protected":false},"featured_media":173582,"template":"","meta":{"_jet_sm_ready_style":"","_jet_sm_style":"","_jet_sm_controls_values":"","_jet_sm_fonts_collection":"","_jet_sm_fonts_links":""},"pwb-brand":[1249],"product_cat":[101,205,733],"product_tag":[1577],"class_list":{"0":"post-173618","1":"product","2":"type-product","3":"status-publish","4":"has-post-thumbnail","6":"pwb-brand-m50-lv","7":"product_cat-aksesuari","8":"product_cat-auduma-maisini","9":"product_cat-m50","10":"product_tag-latvija","12":"first","13":"instock","14":"taxable","15":"shipping-taxable","16":"purchasable","17":"product-type-simple"},"raw_content":{"name":"M50 Organiskas Kokvilnas MAISI\u0145\u0160 \u201cTHIS IS MY RIGA BAG\u201d | Tum\u0161i zils","description":"<p style=\"text-align: left;\">SAST\u0100VS: Audekls,\r\n80% KOKVILNA \u2013 P\u0100RSTR\u0100D\u0100TA,\r\n20% POLIESTERS \u2013 P\u0100RSTR\u0100DE, 300 G\/M\u00b2<\/p>","short_description":"<p style=\"text-align: center;\">Iepaz\u012bstin\u0101m ar M50 jauno ta\u0161i\u0146u, kas dz\u012bvespriec\u012bgi apliecina m\u016bsu m\u012blest\u012bbu pret R\u012bgu \u2013 Latvijas dinamisko galvaspils\u0113tu. Uz maisi\u0146a uzdruk\u0101ts kr\u0101sains teksts, kas lepni v\u0113st\u012b \u201c\u0160is ir mans R\u012bgas maisi\u0146\u0161\u201d. \u0160is maisi\u0146\u0161 ir ne tikai aksesu\u0101rs, tas ir pazi\u0146ojums par person\u012bgo saikni ar pils\u0113tas \u0161armu un garu.<\/p>\r\n<p style=\"text-align: center;\">Vai tu esi viet\u0113jais, kur\u0161 lepojas ar savu pils\u0113tu, vai ciemi\u0146\u0161, kuru apb\u016bris R\u012bgas skaistums \u2013 \u0161is maisi\u0146\u0161 ir oblig\u0101ta Tavas garderobes sast\u0101vda\u013ca! Izbaudi R\u012bgas ener\u0123iju un vitalit\u0101ti, jo da\u017eas pils\u0113tas vienk\u0101r\u0161i atst\u0101j palieko\u0161\u0101ku iespaidu Tav\u0101 sird\u012b \ud83d\ude42<\/p>","status":"publish","sku":"1004099","original":173554},"wpml":{"translation_type":1,"has_translations":true,"original":173554,"duplicates":[],"translations":{"lv":173618,"en":173554}},"brands":[{"id":1249,"name":"M50","slug":"m50-lv"}],"_links":{"self":[{"href":"https:\/\/m50.lv\/lv\/wp-json\/wp\/v2\/product\/173618","targetHints":{"allow":["GET"]}}],"collection":[{"href":"https:\/\/m50.lv\/lv\/wp-json\/wp\/v2\/product"}],"about":[{"href":"https:\/\/m50.lv\/lv\/wp-json\/wp\/v2\/types\/product"}],"version-history":[{"count":0,"href":"https:\/\/m50.lv\/lv\/wp-json\/wp\/v2\/product\/173618\/revisions"}],"wp:featuredmedia":[{"embeddable":true,"href":"https:\/\/m50.lv\/lv\/wp-json\/wp\/v2\/media\/173582"}],"wp:attachment":[{"href":"https:\/\/m50.lv\/lv\/wp-json\/wp\/v2\/media?parent=173618"}],"wp:term":[{"taxonomy":"pwb-brand","embeddable":true,"href":"https:\/\/m50.lv\/lv\/wp-json\/wp\/v2\/pwb-brand?post=173618"},{"taxonomy":"product_cat","embeddable":true,"href":"https:\/\/m50.lv\/lv\/wp-json\/wp\/v2\/product_cat?post=173618"},{"taxonomy":"product_tag","embeddable":true,"href":"https:\/\/m50.lv\/lv\/wp-json\/wp\/v2\/product_tag?post=173618"}],"curies":[{"name":"wp","href":"https:\/\/api.w.org\/{rel}","templated":true}]}}