{"id":173619,"date":"2024-11-11T18:05:00","date_gmt":"2024-11-11T16:05:00","guid":{"rendered":"https:\/\/m50.lv\/product\/tavi-draugi-piespraudite-rokasspiediens\/"},"modified":"2025-12-20T00:29:17","modified_gmt":"2025-12-19T22:29:17","slug":"tavi-draugi-piespraudite-rokasspiediens","status":"publish","type":"product","link":"https:\/\/m50.lv\/lv\/product\/tavi-draugi-piespraudite-rokasspiediens\/","title":{"rendered":"TAVI DRAUGI Piespraud\u012bte &#8220;Rokasspiediens&#8221;"},"content":{"rendered":"","protected":false},"excerpt":{"rendered":"<p style=\"text-align: center;\">Piespraud\u012bte \u201cRokasspiediens\u201d<br \/>\nPe\u013c\u0146a tiek novirz\u012bta labdar\u012bbai \ud83d\udc99\ud83d\udc9b<\/p>\n","protected":false},"featured_media":173604,"template":"","meta":{"_jet_sm_ready_style":"","_jet_sm_style":"","_jet_sm_controls_values":"","_jet_sm_fonts_collection":"","_jet_sm_fonts_links":""},"pwb-brand":[1303],"product_cat":[101],"product_tag":[],"class_list":{"0":"post-173619","1":"product","2":"type-product","3":"status-publish","4":"has-post-thumbnail","6":"pwb-brand-tavi-draugi-lv","7":"product_cat-aksesuari","9":"first","10":"instock","11":"taxable","12":"shipping-taxable","13":"purchasable","14":"product-type-simple"},"raw_content":{"name":"TAVI DRAUGI Piespraud\u012bte \"Rokasspiediens\"","description":"","short_description":"<p style=\"text-align: center;\">Piespraud\u012bte \u201cRokasspiediens\u201d\r\nPe\u013c\u0146a tiek novirz\u012bta labdar\u012bbai \ud83d\udc99\ud83d\udc9b<\/p>","status":"publish","sku":"tavi-draugi-rokasspi","original":173556},"wpml":{"translation_type":1,"has_translations":true,"original":173556,"duplicates":[],"translations":{"lv":173619,"en":173556}},"brands":[{"id":1303,"name":"Tavi Draugi","slug":"tavi-draugi-lv"}],"_links":{"self":[{"href":"https:\/\/m50.lv\/lv\/wp-json\/wp\/v2\/product\/173619","targetHints":{"allow":["GET"]}}],"collection":[{"href":"https:\/\/m50.lv\/lv\/wp-json\/wp\/v2\/product"}],"about":[{"href":"https:\/\/m50.lv\/lv\/wp-json\/wp\/v2\/types\/product"}],"version-history":[{"count":0,"href":"https:\/\/m50.lv\/lv\/wp-json\/wp\/v2\/product\/173619\/revisions"}],"wp:featuredmedia":[{"embeddable":true,"href":"https:\/\/m50.lv\/lv\/wp-json\/wp\/v2\/media\/173604"}],"wp:attachment":[{"href":"https:\/\/m50.lv\/lv\/wp-json\/wp\/v2\/media?parent=173619"}],"wp:term":[{"taxonomy":"pwb-brand","embeddable":true,"href":"https:\/\/m50.lv\/lv\/wp-json\/wp\/v2\/pwb-brand?post=173619"},{"taxonomy":"product_cat","embeddable":true,"href":"https:\/\/m50.lv\/lv\/wp-json\/wp\/v2\/product_cat?post=173619"},{"taxonomy":"product_tag","embeddable":true,"href":"https:\/\/m50.lv\/lv\/wp-json\/wp\/v2\/product_tag?post=173619"}],"curies":[{"name":"wp","href":"https:\/\/api.w.org\/{rel}","templated":true}]}}