{"id":173621,"date":"2024-11-11T18:16:34","date_gmt":"2024-11-11T16:16:34","guid":{"rendered":"https:\/\/m50.lv\/product\/tavi-draugi-piespraudite-magnets-auseklis\/"},"modified":"2026-04-23T14:54:13","modified_gmt":"2026-04-23T12:54:13","slug":"tavi-draugi-piespraudite-magnets-auseklis","status":"publish","type":"product","link":"https:\/\/m50.lv\/lv\/product\/tavi-draugi-piespraudite-magnets-auseklis\/","title":{"rendered":"TAVI DRAUGI Piespraud\u012bte \/ Magn\u0113ts &#8220;Auseklis&#8221;"},"content":{"rendered":"","protected":false},"excerpt":{"rendered":"<p style=\"text-align: center;\">Piespraud\u012bte \u201cAuseklis\u201d<br \/>\nPe\u013c\u0146a tiek novirz\u012bta labdar\u012bbai \ud83d\udc99\ud83d\udc9b<\/p>\n","protected":false},"featured_media":173586,"template":"","meta":{"_jet_sm_ready_style":"","_jet_sm_style":"","_jet_sm_controls_values":"","_jet_sm_fonts_collection":"","_jet_sm_fonts_links":""},"pwb-brand":[1303],"product_cat":[101],"product_tag":[1577,1545],"class_list":{"0":"post-173621","1":"product","2":"type-product","3":"status-publish","4":"has-post-thumbnail","6":"pwb-brand-tavi-draugi-lv","7":"product_cat-aksesuari","8":"product_tag-latvija","9":"product_tag-ziemassvetku-davanas","11":"first","12":"instock","13":"taxable","14":"shipping-taxable","15":"purchasable","16":"product-type-simple"},"raw_content":{"name":"TAVI DRAUGI Piespraud\u012bte \/ Magn\u0113ts \"Auseklis\"","description":"","short_description":"<p style=\"text-align: center;\">Piespraud\u012bte \u201cAuseklis\u201d\r\nPe\u013c\u0146a tiek novirz\u012bta labdar\u012bbai \ud83d\udc99\ud83d\udc9b<\/p>","status":"publish","sku":"tavi-draugi-auseklis","original":173559},"wpml":{"translation_type":1,"has_translations":true,"original":173559,"duplicates":[],"translations":{"lv":173621,"en":173559}},"brands":[{"id":1303,"name":"Tavi Draugi","slug":"tavi-draugi-lv"}],"_links":{"self":[{"href":"https:\/\/m50.lv\/lv\/wp-json\/wp\/v2\/product\/173621","targetHints":{"allow":["GET"]}}],"collection":[{"href":"https:\/\/m50.lv\/lv\/wp-json\/wp\/v2\/product"}],"about":[{"href":"https:\/\/m50.lv\/lv\/wp-json\/wp\/v2\/types\/product"}],"version-history":[{"count":1,"href":"https:\/\/m50.lv\/lv\/wp-json\/wp\/v2\/product\/173621\/revisions"}],"predecessor-version":[{"id":189567,"href":"https:\/\/m50.lv\/lv\/wp-json\/wp\/v2\/product\/173621\/revisions\/189567"}],"wp:featuredmedia":[{"embeddable":true,"href":"https:\/\/m50.lv\/lv\/wp-json\/wp\/v2\/media\/173586"}],"wp:attachment":[{"href":"https:\/\/m50.lv\/lv\/wp-json\/wp\/v2\/media?parent=173621"}],"wp:term":[{"taxonomy":"pwb-brand","embeddable":true,"href":"https:\/\/m50.lv\/lv\/wp-json\/wp\/v2\/pwb-brand?post=173621"},{"taxonomy":"product_cat","embeddable":true,"href":"https:\/\/m50.lv\/lv\/wp-json\/wp\/v2\/product_cat?post=173621"},{"taxonomy":"product_tag","embeddable":true,"href":"https:\/\/m50.lv\/lv\/wp-json\/wp\/v2\/product_tag?post=173621"}],"curies":[{"name":"wp","href":"https:\/\/api.w.org\/{rel}","templated":true}]}}