{"id":173623,"date":"2024-11-11T17:58:12","date_gmt":"2024-11-11T15:58:12","guid":{"rendered":"https:\/\/m50.lv\/product\/m50-kalendars-2025-gadam-ieskaties-dzilak\/"},"modified":"2025-01-23T12:21:21","modified_gmt":"2025-01-23T10:21:21","slug":"m50-kalendars-2025-gadam-ieskaties-dzilak","status":"publish","type":"product","link":"https:\/\/m50.lv\/lv\/product\/m50-kalendars-2025-gadam-ieskaties-dzilak\/","title":{"rendered":"M50 kalend\u0101rs 2025. gadam &#8211; Ieskaties dzi\u013c\u0101k!"},"content":{"rendered":"<p>Sienas kalend\u0101rs &#8211; A3 form\u0101ts, kalend\u0101ra 14 lapas satur klasiska, balta met\u0101la spir\u0101le ar cilpi\u0146u, iepakots caursp\u012bd\u012bg\u0101 pl\u0113v\u0113.<\/p>\n<p style=\"text-align: left;\">Dizains: Alvils Ronalds Bijons X M50<\/p>\n","protected":false},"excerpt":{"rendered":"<p>\u0160ogad m\u016bsu kalend\u0101rs aicina atkl\u0101t pasauli tuvpl\u0101n\u0101 &#8211; sul\u012bgi makrofoto mudina nov\u0113rt\u0113t mirk\u013ca skaistumu &#8211; Latvijas dabas bag\u0101t\u012bbas, ledus kafiju karst\u0101 vasaras dien\u0101, \u016bdens pilienus uz \u0101das p\u0113c peldes. Kalend\u0101r\u0101 atz\u012bm\u0113tas v\u0101rda dienas un m\u0113ness f\u0101zes.<\/p>\n<p>Druk\u0101ts uz 200g Gallerie Art Matt ofseta druk\u0101, \u012bpa\u0161i dzidr\u0101s un sul\u012bg\u0101s kr\u0101s\u0101s.<\/p>\n<p>Ori\u0123in\u0101lfoto autors Alvils Ronalds Bijons.<\/p>\n","protected":false},"featured_media":173566,"template":"","meta":{"_jet_sm_ready_style":"","_jet_sm_style":"","_jet_sm_controls_values":"","_jet_sm_fonts_collection":"","_jet_sm_fonts_links":""},"pwb-brand":[1249],"product_cat":[193,733,779],"product_tag":[1483],"class_list":{"0":"post-173623","1":"product","2":"type-product","3":"status-publish","4":"has-post-thumbnail","6":"pwb-brand-m50-lv","7":"product_cat-davanas","8":"product_cat-m50","9":"product_cat-planotaji","10":"product_tag-kalendars-2025","12":"first","13":"instock","14":"sale","15":"taxable","16":"shipping-taxable","17":"purchasable","18":"product-type-simple"},"raw_content":{"name":"M50 kalend\u0101rs 2025. gadam - Ieskaties dzi\u013c\u0101k!","description":"Sienas kalend\u0101rs - A3 form\u0101ts, kalend\u0101ra 14 lapas satur klasiska, balta met\u0101la spir\u0101le ar cilpi\u0146u, iepakots caursp\u012bd\u012bg\u0101 pl\u0113v\u0113.\r\n<p style=\"text-align: left;\">Dizains: Alvils Ronalds Bijons X M50<\/p>","short_description":"\u0160ogad m\u016bsu kalend\u0101rs aicina atkl\u0101t pasauli tuvpl\u0101n\u0101 - sul\u012bgi makrofoto mudina nov\u0113rt\u0113t mirk\u013ca skaistumu - Latvijas dabas bag\u0101t\u012bbas, ledus kafiju karst\u0101 vasaras dien\u0101, \u016bdens pilienus uz \u0101das p\u0113c peldes. Kalend\u0101r\u0101 atz\u012bm\u0113tas v\u0101rda dienas un m\u0113ness f\u0101zes.\r\n\r\nDruk\u0101ts uz 200g Gallerie Art Matt ofseta druk\u0101, \u012bpa\u0161i dzidr\u0101s un sul\u012bg\u0101s kr\u0101s\u0101s.\r\n\r\nOri\u0123in\u0101lfoto autors Alvils Ronalds Bijons.","status":"publish","sku":"M50-kalendars-2025","original":173555},"wpml":{"translation_type":1,"has_translations":true,"original":173555,"duplicates":[],"translations":{"lv":173623,"en":173555}},"brands":[{"id":1249,"name":"M50","slug":"m50-lv"}],"_links":{"self":[{"href":"https:\/\/m50.lv\/lv\/wp-json\/wp\/v2\/product\/173623","targetHints":{"allow":["GET"]}}],"collection":[{"href":"https:\/\/m50.lv\/lv\/wp-json\/wp\/v2\/product"}],"about":[{"href":"https:\/\/m50.lv\/lv\/wp-json\/wp\/v2\/types\/product"}],"version-history":[{"count":0,"href":"https:\/\/m50.lv\/lv\/wp-json\/wp\/v2\/product\/173623\/revisions"}],"wp:featuredmedia":[{"embeddable":true,"href":"https:\/\/m50.lv\/lv\/wp-json\/wp\/v2\/media\/173566"}],"wp:attachment":[{"href":"https:\/\/m50.lv\/lv\/wp-json\/wp\/v2\/media?parent=173623"}],"wp:term":[{"taxonomy":"pwb-brand","embeddable":true,"href":"https:\/\/m50.lv\/lv\/wp-json\/wp\/v2\/pwb-brand?post=173623"},{"taxonomy":"product_cat","embeddable":true,"href":"https:\/\/m50.lv\/lv\/wp-json\/wp\/v2\/product_cat?post=173623"},{"taxonomy":"product_tag","embeddable":true,"href":"https:\/\/m50.lv\/lv\/wp-json\/wp\/v2\/product_tag?post=173623"}],"curies":[{"name":"wp","href":"https:\/\/api.w.org\/{rel}","templated":true}]}}