{"id":173625,"date":"2024-11-11T18:15:41","date_gmt":"2024-11-11T16:15:41","guid":{"rendered":"https:\/\/m50.lv\/product\/tavi-draugi-piespraudite-magnets-latvija\/"},"modified":"2025-12-08T14:55:46","modified_gmt":"2025-12-08T12:55:46","slug":"tavi-draugi-piespraudite-magnets-latvija","status":"publish","type":"product","link":"https:\/\/m50.lv\/lv\/product\/tavi-draugi-piespraudite-magnets-latvija\/","title":{"rendered":"TAVI DRAUGI Piespraud\u012bte \/ Magn\u0113ts &#8220;Latvija&#8221;"},"content":{"rendered":"","protected":false},"excerpt":{"rendered":"<p style=\"text-align: center;\">Piespraud\u012bte \u201cLatvija\u201d<br \/>\nPe\u013c\u0146a tiek novirz\u012bta labdar\u012bbai \ud83d\udc99\ud83d\udc9b<\/p>\n","protected":false},"featured_media":173588,"template":"","meta":{"_jet_sm_ready_style":"","_jet_sm_style":"","_jet_sm_controls_values":"","_jet_sm_fonts_collection":"","_jet_sm_fonts_links":""},"pwb-brand":[1303],"product_cat":[101],"product_tag":[1545],"class_list":{"0":"post-173625","1":"product","2":"type-product","3":"status-publish","4":"has-post-thumbnail","6":"pwb-brand-tavi-draugi-lv","7":"product_cat-aksesuari","8":"product_tag-ziemassvetku-davanas","10":"first","11":"instock","12":"taxable","13":"shipping-taxable","14":"purchasable","15":"product-type-simple"},"raw_content":{"name":"TAVI DRAUGI Piespraud\u012bte \/ Magn\u0113ts \"Latvija\"","description":"","short_description":"<p style=\"text-align: center;\">Piespraud\u012bte \u201cLatvija\u201d\r\nPe\u013c\u0146a tiek novirz\u012bta labdar\u012bbai \ud83d\udc99\ud83d\udc9b<\/p>","status":"publish","sku":"tavi-draugi-Latvija","original":173560},"wpml":{"translation_type":1,"has_translations":true,"original":173560,"duplicates":[],"translations":{"lv":173625,"en":173560}},"brands":[{"id":1303,"name":"Tavi Draugi","slug":"tavi-draugi-lv"}],"_links":{"self":[{"href":"https:\/\/m50.lv\/lv\/wp-json\/wp\/v2\/product\/173625","targetHints":{"allow":["GET"]}}],"collection":[{"href":"https:\/\/m50.lv\/lv\/wp-json\/wp\/v2\/product"}],"about":[{"href":"https:\/\/m50.lv\/lv\/wp-json\/wp\/v2\/types\/product"}],"version-history":[{"count":0,"href":"https:\/\/m50.lv\/lv\/wp-json\/wp\/v2\/product\/173625\/revisions"}],"wp:featuredmedia":[{"embeddable":true,"href":"https:\/\/m50.lv\/lv\/wp-json\/wp\/v2\/media\/173588"}],"wp:attachment":[{"href":"https:\/\/m50.lv\/lv\/wp-json\/wp\/v2\/media?parent=173625"}],"wp:term":[{"taxonomy":"pwb-brand","embeddable":true,"href":"https:\/\/m50.lv\/lv\/wp-json\/wp\/v2\/pwb-brand?post=173625"},{"taxonomy":"product_cat","embeddable":true,"href":"https:\/\/m50.lv\/lv\/wp-json\/wp\/v2\/product_cat?post=173625"},{"taxonomy":"product_tag","embeddable":true,"href":"https:\/\/m50.lv\/lv\/wp-json\/wp\/v2\/product_tag?post=173625"}],"curies":[{"name":"wp","href":"https:\/\/api.w.org\/{rel}","templated":true}]}}