{"id":174024,"date":"2024-11-28T15:59:23","date_gmt":"2024-11-28T13:59:23","guid":{"rendered":"https:\/\/m50.lv\/product\/m50-organiskas-kokvilnas-cepure-sniegparslina-zila\/"},"modified":"2026-02-23T14:41:35","modified_gmt":"2026-02-23T12:41:35","slug":"m50-organiskas-kokvilnas-cepure-sniegparslina-zila","status":"publish","type":"product","link":"https:\/\/m50.lv\/lv\/product\/m50-organiskas-kokvilnas-cepure-sniegparslina-zila\/","title":{"rendered":"M50 Organiskas Kokvilnas Cepure &#8220;Sniegp\u0101rsli\u0146a&#8221; | Zila"},"content":{"rendered":"<p style=\"text-align: left;\">Papildin\u0101jums j\u016bsu ziemas aksesu\u0101ru plauktam vai p\u0101rdom\u0101ta d\u0101vana k\u0101dam \u012bpa\u0161am cilv\u0113kam.<\/p>\n<p style=\"text-align: left;\">Sast\u0101vs: 95% ORGANISK\u0100 KOKVILNA , 5% ELAST\u0100NS, Materi\u0101ls mazg\u0101ts<\/p>\n","protected":false},"excerpt":{"rendered":"<p style=\"text-align: center;\">Izgatavotas no sertific\u0113tas organisk\u0101s kokvilnas, \u0161\u012bs m\u012bkst\u0101 un elpojo\u0161\u0101 cepure ir lieliski piem\u0113rota jebkurai sezonai.<\/p>\n<p style=\"text-align: center;\">Katrai cepurei ir unik\u0101ls, augstas kvalit\u0101tes iz\u0161uvums, kas rada person\u012bbas un \u0161arma piesk\u0101rienu.<\/p>\n","protected":false},"featured_media":173890,"template":"","meta":{"_jet_sm_ready_style":"","_jet_sm_style":"","_jet_sm_controls_values":"","_jet_sm_fonts_collection":"","_jet_sm_fonts_links":""},"pwb-brand":[1249],"product_cat":[101,1192,193],"product_tag":[1545],"class_list":{"0":"post-174024","1":"product","2":"type-product","3":"status-publish","4":"has-post-thumbnail","6":"pwb-brand-m50-lv","7":"product_cat-aksesuari","8":"product_cat-cepures-lv","9":"product_cat-davanas","10":"product_tag-ziemassvetku-davanas","12":"first","13":"instock","14":"taxable","15":"shipping-taxable","16":"purchasable","17":"product-type-simple"},"raw_content":{"name":"M50 Organiskas Kokvilnas Cepure \"Sniegp\u0101rsli\u0146a\" | Zila","description":"<p style=\"text-align: left;\">Papildin\u0101jums j\u016bsu ziemas aksesu\u0101ru plauktam vai p\u0101rdom\u0101ta d\u0101vana k\u0101dam \u012bpa\u0161am cilv\u0113kam.<\/p>\r\n<p style=\"text-align: left;\">Sast\u0101vs: 95% ORGANISK\u0100 KOKVILNA , 5% ELAST\u0100NS, Materi\u0101ls mazg\u0101ts<\/p>","short_description":"<p style=\"text-align: center;\">Izgatavotas no sertific\u0113tas organisk\u0101s kokvilnas, \u0161\u012bs m\u012bkst\u0101 un elpojo\u0161\u0101 cepure ir lieliski piem\u0113rota jebkurai sezonai.<\/p>\r\n<p style=\"text-align: center;\">Katrai cepurei ir unik\u0101ls, augstas kvalit\u0101tes iz\u0161uvums, kas rada person\u012bbas un \u0161arma piesk\u0101rienu.<\/p>","status":"publish","sku":"M50-cepure-zila","original":173987},"wpml":{"translation_type":1,"has_translations":true,"original":173987,"duplicates":[],"translations":{"lv":174024,"en":173987}},"brands":[{"id":1249,"name":"M50","slug":"m50-lv"}],"_links":{"self":[{"href":"https:\/\/m50.lv\/lv\/wp-json\/wp\/v2\/product\/174024","targetHints":{"allow":["GET"]}}],"collection":[{"href":"https:\/\/m50.lv\/lv\/wp-json\/wp\/v2\/product"}],"about":[{"href":"https:\/\/m50.lv\/lv\/wp-json\/wp\/v2\/types\/product"}],"version-history":[{"count":0,"href":"https:\/\/m50.lv\/lv\/wp-json\/wp\/v2\/product\/174024\/revisions"}],"wp:featuredmedia":[{"embeddable":true,"href":"https:\/\/m50.lv\/lv\/wp-json\/wp\/v2\/media\/173890"}],"wp:attachment":[{"href":"https:\/\/m50.lv\/lv\/wp-json\/wp\/v2\/media?parent=174024"}],"wp:term":[{"taxonomy":"pwb-brand","embeddable":true,"href":"https:\/\/m50.lv\/lv\/wp-json\/wp\/v2\/pwb-brand?post=174024"},{"taxonomy":"product_cat","embeddable":true,"href":"https:\/\/m50.lv\/lv\/wp-json\/wp\/v2\/product_cat?post=174024"},{"taxonomy":"product_tag","embeddable":true,"href":"https:\/\/m50.lv\/lv\/wp-json\/wp\/v2\/product_tag?post=174024"}],"curies":[{"name":"wp","href":"https:\/\/api.w.org\/{rel}","templated":true}]}}