{"id":174934,"date":"2024-12-09T18:09:54","date_gmt":"2024-12-09T16:09:54","guid":{"rendered":"https:\/\/m50.lv\/product\/boa-salle-molo-sarkans-balts\/"},"modified":"2026-05-09T18:35:52","modified_gmt":"2026-05-09T16:35:52","slug":"boa-salle-molo-sarkans-balts","status":"publish","type":"product","link":"https:\/\/m50.lv\/lv\/product\/boa-salle-molo-sarkans-balts\/","title":{"rendered":"Boa \u0161alle MOLO (sarkans + balts)"},"content":{"rendered":"<p style=\"text-align: left;\">Materi\u0101la sast\u0101vs 75% kidmoh\u0113ra un 25% z\u012bds.<\/p>\n<p style=\"text-align: left;\">Z\u012bds nodro\u0161ina, ka \u0161all\u012btes materi\u0101ls nevelsies un nekod\u012bs.<br \/>\nGarums vid\u0113ji aptuveni 3m (\u0161all\u012btes procesa laik\u0101 var pastaip\u012bties, t\u0101d\u0113\u013c varb\u016bt ar\u012b mazliet gar\u0101kas).<\/p>\n<p style=\"text-align: left;\">Roku darbs. Ra\u017eots Latvij\u0101.<\/p>\n","protected":false},"excerpt":{"rendered":"<p style=\"text-align: center;\">Atrodi skaistumu katr\u0101 BOA \u0161alles sv\u012btr\u0101. Ietinieties stil\u0101 un siltumi\u0146\u0101 ar BOA \u0161alli. BOA \u0161alle ir veidota no dab\u012bgas vilnas un izce\u013cas ar divto\u0146u sv\u012btrainu dizainu, kas pieejams piec\u0101s da\u017e\u0101d\u0101s r\u016bp\u012bgi izv\u0113l\u0113t\u0101s kr\u0101su kombin\u0101cij\u0101s. \u0160alle ne tikai silda, bet ar\u012b ir izcils aksesu\u0101rs.<\/p>\n","protected":false},"featured_media":174911,"template":"","meta":{"_jet_sm_ready_style":"","_jet_sm_style":"","_jet_sm_controls_values":"","_jet_sm_fonts_collection":"","_jet_sm_fonts_links":""},"pwb-brand":[1470],"product_cat":[101,193,1191],"product_tag":[1366,1579,1577,1562,1545],"class_list":["post-174934","product","type-product","status-publish","has-post-thumbnail","pwb-brand-boa-lv","product_cat-aksesuari","product_cat-davanas","product_cat-salles","product_tag-back-2-school-lv","product_tag-davanas-mammai","product_tag-latvija","product_tag-valentindienas-davanas","product_tag-ziemassvetku-davanas","first","instock","taxable","shipping-taxable","purchasable","product-type-simple"],"raw_content":{"name":"Boa \u0161alle MOLO (sarkans + balts)","description":"<p style=\"text-align: left;\">Materi\u0101la sast\u0101vs 75% kidmoh\u0113ra un 25% z\u012bds.<\/p>\r\n<p style=\"text-align: left;\">Z\u012bds nodro\u0161ina, ka \u0161all\u012btes materi\u0101ls nevelsies un nekod\u012bs.\r\nGarums vid\u0113ji aptuveni 3m (\u0161all\u012btes procesa laik\u0101 var pastaip\u012bties, t\u0101d\u0113\u013c varb\u016bt ar\u012b mazliet gar\u0101kas).<\/p>\r\n<p style=\"text-align: left;\">Roku darbs. Ra\u017eots Latvij\u0101.<\/p>","short_description":"<p style=\"text-align: center;\">Atrodi skaistumu katr\u0101 BOA \u0161alles sv\u012btr\u0101. Ietinieties stil\u0101 un siltumi\u0146\u0101 ar BOA \u0161alli. BOA \u0161alle ir veidota no dab\u012bgas vilnas un izce\u013cas ar divto\u0146u sv\u012btrainu dizainu, kas pieejams piec\u0101s da\u017e\u0101d\u0101s r\u016bp\u012bgi izv\u0113l\u0113t\u0101s kr\u0101su kombin\u0101cij\u0101s. \u0160alle ne tikai silda, bet ar\u012b ir izcils aksesu\u0101rs.<\/p>","status":"publish","sku":"boa-molo","original":174879},"wpml":{"translation_type":1,"has_translations":true,"original":174879,"duplicates":[],"translations":{"lv":174934,"en":174879}},"brands":[{"id":1470,"name":"BOA","slug":"boa-lv"}],"_links":{"self":[{"href":"https:\/\/m50.lv\/lv\/wp-json\/wp\/v2\/product\/174934","targetHints":{"allow":["GET"]}}],"collection":[{"href":"https:\/\/m50.lv\/lv\/wp-json\/wp\/v2\/product"}],"about":[{"href":"https:\/\/m50.lv\/lv\/wp-json\/wp\/v2\/types\/product"}],"version-history":[{"count":1,"href":"https:\/\/m50.lv\/lv\/wp-json\/wp\/v2\/product\/174934\/revisions"}],"predecessor-version":[{"id":189564,"href":"https:\/\/m50.lv\/lv\/wp-json\/wp\/v2\/product\/174934\/revisions\/189564"}],"wp:featuredmedia":[{"embeddable":true,"href":"https:\/\/m50.lv\/lv\/wp-json\/wp\/v2\/media\/174911"}],"wp:attachment":[{"href":"https:\/\/m50.lv\/lv\/wp-json\/wp\/v2\/media?parent=174934"}],"wp:term":[{"taxonomy":"pwb-brand","embeddable":true,"href":"https:\/\/m50.lv\/lv\/wp-json\/wp\/v2\/pwb-brand?post=174934"},{"taxonomy":"product_cat","embeddable":true,"href":"https:\/\/m50.lv\/lv\/wp-json\/wp\/v2\/product_cat?post=174934"},{"taxonomy":"product_tag","embeddable":true,"href":"https:\/\/m50.lv\/lv\/wp-json\/wp\/v2\/product_tag?post=174934"}],"curies":[{"name":"wp","href":"https:\/\/api.w.org\/{rel}","templated":true}]}}