{"id":175836,"date":"2025-01-09T09:37:53","date_gmt":"2025-01-09T07:37:53","guid":{"rendered":"https:\/\/m50.lv\/product\/175836\/"},"modified":"2025-12-20T12:54:16","modified_gmt":"2025-12-20T10:54:16","slug":"filma-straume-maisins-balts","status":"publish","type":"product","link":"https:\/\/m50.lv\/lv\/product\/filma-straume-maisins-balts\/","title":{"rendered":"Godalgot\u0101s anim\u0101cijas filmas STRAUME \/ FLOW Maisi\u0146\u0161 ar ka\u0137i | Dabiski Balts"},"content":{"rendered":"<p style=\"text-align: left;\">Materi\u0101ls: 100% organisk\u0101 kokvilna<br \/>\nIlgtsp\u0113j\u012bgs, videi draudz\u012bgs audums<br \/>\nDruk\u0101ts R\u012bg\u0101<br \/>\nIeteicams mazg\u0101t 30C gr\u0101du temperat\u016br\u0101, izgrie\u017eot iek\u0161pusi uz \u0101ru, neizmantot autom\u0101tisko \u017e\u0101v\u0113t\u0101ju<\/p>\n<p style=\"text-align: left;\">Izm\u0113rs: 38 x 43 cm<\/p>\n<p>Druk\u0101ts R\u012bg\u0101, Latvij\u0101<\/p>\n<p>\u00a9 FLOW\u2122 2024, Dream Well Studio, Sacrebleu Productions, Take Five. Visas ties\u012bbas aizsarg\u0101tas.<\/p>\n<p>&nbsp;<\/p>\n","protected":false},"excerpt":{"rendered":"<p style=\"text-align: center;\">Noder\u012bgs un stil\u012bgs aksesu\u0101rs \u012bsteniem filmas cien\u012bt\u0101jiem! \ud83c\udf3f\ud83d\udc3e<\/p>\n<p style=\"text-align: center;\">Lielisks veids, k\u0101 par\u0101d\u012bt savu m\u012blest\u012bbu pret Golden Globe godalgoto anim\u0101cijas filmu \u201cSTRAUME\u201d \/ \u201cFLOW\u201d.\u00a0 Uz maisi\u0146a att\u0113lots ka\u0137\u012btis \u2013 filmas galvenais t\u0113ls.<\/p>\n<p style=\"text-align: center;\">Ofici\u0101lais suven\u012brs 2025. gada Zelta Globusa un Oskara balvu ieguvu\u0161ajai lab\u0101kajai anim\u0101cijas filmai.<\/p>\n","protected":false},"featured_media":182327,"template":"","meta":{"_jet_sm_ready_style":"","_jet_sm_style":"","_jet_sm_controls_values":"","_jet_sm_fonts_collection":"","_jet_sm_fonts_links":""},"pwb-brand":[1458],"product_cat":[101,205,195],"product_tag":[1485,1545],"class_list":{"0":"post-175836","1":"product","2":"type-product","3":"status-publish","4":"has-post-thumbnail","6":"pwb-brand-filma-straume","7":"product_cat-aksesuari","8":"product_cat-auduma-maisini","9":"product_cat-somas","10":"product_tag-straume","11":"product_tag-ziemassvetku-davanas","13":"first","14":"instock","15":"taxable","16":"shipping-taxable","17":"purchasable","18":"product-type-simple"},"raw_content":{"name":"Godalgot\u0101s anim\u0101cijas filmas STRAUME \/ FLOW Maisi\u0146\u0161 ar ka\u0137i | Dabiski Balts","description":"<p style=\"text-align: left;\">Materi\u0101ls: 100% organisk\u0101 kokvilna\r\nIlgtsp\u0113j\u012bgs, videi draudz\u012bgs audums\r\nDruk\u0101ts R\u012bg\u0101\r\nIeteicams mazg\u0101t 30C gr\u0101du temperat\u016br\u0101, izgrie\u017eot iek\u0161pusi uz \u0101ru, neizmantot autom\u0101tisko \u017e\u0101v\u0113t\u0101ju<\/p>\r\n<p style=\"text-align: left;\">Izm\u0113rs: 38 x 43 cm<\/p>\r\nDruk\u0101ts R\u012bg\u0101, Latvij\u0101\r\n\r\n\u00a9 FLOW\u2122 2024, Dream Well Studio, Sacrebleu Productions, Take Five. Visas ties\u012bbas aizsarg\u0101tas.\r\n\r\n&nbsp;","short_description":"<p style=\"text-align: center;\">Noder\u012bgs un stil\u012bgs aksesu\u0101rs \u012bsteniem filmas cien\u012bt\u0101jiem! \ud83c\udf3f\ud83d\udc3e<\/p>\r\n<p style=\"text-align: center;\">Lielisks veids, k\u0101 par\u0101d\u012bt savu m\u012blest\u012bbu pret Golden Globe godalgoto anim\u0101cijas filmu \u201cSTRAUME\u201d \/ \u201cFLOW\u201d.\u00a0 Uz maisi\u0146a att\u0113lots ka\u0137\u012btis \u2013 filmas galvenais t\u0113ls.<\/p>\r\n<p style=\"text-align: center;\">Ofici\u0101lais suven\u012brs 2025. gada Zelta Globusa un Oskara balvu ieguvu\u0161ajai lab\u0101kajai anim\u0101cijas filmai.<\/p>","status":"publish","sku":"6143-4A4190","original":175818},"wpml":{"translation_type":1,"has_translations":true,"original":175818,"duplicates":[],"translations":{"lv":175836,"en":175818}},"brands":[{"id":1458,"name":"Filma Straume","slug":"filma-straume"}],"_links":{"self":[{"href":"https:\/\/m50.lv\/lv\/wp-json\/wp\/v2\/product\/175836","targetHints":{"allow":["GET"]}}],"collection":[{"href":"https:\/\/m50.lv\/lv\/wp-json\/wp\/v2\/product"}],"about":[{"href":"https:\/\/m50.lv\/lv\/wp-json\/wp\/v2\/types\/product"}],"version-history":[{"count":0,"href":"https:\/\/m50.lv\/lv\/wp-json\/wp\/v2\/product\/175836\/revisions"}],"wp:featuredmedia":[{"embeddable":true,"href":"https:\/\/m50.lv\/lv\/wp-json\/wp\/v2\/media\/182327"}],"wp:attachment":[{"href":"https:\/\/m50.lv\/lv\/wp-json\/wp\/v2\/media?parent=175836"}],"wp:term":[{"taxonomy":"pwb-brand","embeddable":true,"href":"https:\/\/m50.lv\/lv\/wp-json\/wp\/v2\/pwb-brand?post=175836"},{"taxonomy":"product_cat","embeddable":true,"href":"https:\/\/m50.lv\/lv\/wp-json\/wp\/v2\/product_cat?post=175836"},{"taxonomy":"product_tag","embeddable":true,"href":"https:\/\/m50.lv\/lv\/wp-json\/wp\/v2\/product_tag?post=175836"}],"curies":[{"name":"wp","href":"https:\/\/api.w.org\/{rel}","templated":true}]}}