{"id":176035,"date":"2025-01-09T19:51:25","date_gmt":"2025-01-09T17:51:25","guid":{"rendered":"https:\/\/m50.lv\/product\/oficialais-filmas-straume-kaka-bernu-t-krekls-zilzals\/"},"modified":"2026-03-09T10:42:10","modified_gmt":"2026-03-09T08:42:10","slug":"oficialais-filmas-straume-kaka-bernu-t-krekls-zilzals","status":"publish","type":"product","link":"https:\/\/m50.lv\/lv\/product\/oficialais-filmas-straume-kaka-bernu-t-krekls-zilzals\/","title":{"rendered":"Ofici\u0101lais b\u0113rnu T-krekls godalgotajai anim\u0101cijas filmai STRAUME \/ FLOW | Zilza\u013c\u0161 | Ka\u0137is priek\u0161pus\u0113"},"content":{"rendered":"<p style=\"text-align: left;\"><strong>Materi\u0101ls:<\/strong>\u00a0100% organiska kokvilna<br \/>\n<strong>Dizains:<\/strong>\u00a0Br\u012bva fasona unisex piegriezums<br \/>\nPerfekts gan ikdienai, gan k\u0101 stil\u012bgs aksesu\u0101rs \u012bstiem filmas cien\u012bt\u0101jiem! \ud83c\udf3f\ud83d\udc3e<\/p>\n<p style=\"text-align: left;\">Ieteicams mazg\u0101t 30C gr\u0101du temperat\u016br\u0101, izgrie\u017eot iek\u0161pusi uz \u0101ru, neizmantot autom\u0101tisko \u017e\u0101v\u0113t\u0101ju.<\/p>\n<p>Lai izv\u0113l\u0113tos pareizo izm\u0113ru, skatiet pievienoto tabulu.<\/p>\n<p>Druk\u0101ts R\u012bg\u0101, Latvij\u0101<\/p>\n<p>\u00a9 FLOW\u2122 2024, Dream Well Studio, Sacrebleu Productions, Take Five. Visas ties\u012bbas aizsarg\u0101tas.<\/p>\n<p><span class=\"gmail-Y2IQFc\" lang=\"lv\">Ginta Zilbalo\u017ea filma Straume \/\u00a0<em>Flow<\/em>\u00a0ir vizu\u0101li satrieco\u0161s un v\u0113st\u012bjuma zi\u0146\u0101 sp\u0113c\u012bgs \u0161edevrs, kas apvieno ma\u0123isku atmosf\u0113ru ar dzi\u013cu, p\u0101rdomas rosino\u0161u st\u0101stu.\u00a0<\/span>Vair\u0101k par filmu un t\u0101s tap\u0161anas st\u0101stu lasi \u0161eit &#8211; m\u016bsu<a href=\"https:\/\/m50.lv\/lv\/2025\/02\/17\/flow-movie-continues-its-triumphant-journey\/\">\u00a0bloga ierakst\u0101.<\/a><\/p>\n<p>&nbsp;<\/p>\n<p><img fetchpriority=\"high\" decoding=\"async\" class=\"alignnone size-large wp-image-176677\" src=\"https:\/\/m50.lv\/wp-content\/uploads\/2025\/01\/m50-kids-t-shirt-size-guide-lv-1024x801.jpg\" alt=\"\" width=\"800\" height=\"626\" srcset=\"https:\/\/m50.lv\/wp-content\/uploads\/2025\/01\/m50-kids-t-shirt-size-guide-lv-1024x801.jpg 1024w, https:\/\/m50.lv\/wp-content\/uploads\/2025\/01\/m50-kids-t-shirt-size-guide-lv-300x235.jpg 300w, https:\/\/m50.lv\/wp-content\/uploads\/2025\/01\/m50-kids-t-shirt-size-guide-lv-768x601.jpg 768w, https:\/\/m50.lv\/wp-content\/uploads\/2025\/01\/m50-kids-t-shirt-size-guide-lv-897x702.jpg 897w, https:\/\/m50.lv\/wp-content\/uploads\/2025\/01\/m50-kids-t-shirt-size-guide-lv.jpg 1200w\" sizes=\"(max-width: 800px) 100vw, 800px\" \/><\/p>\n","protected":false},"excerpt":{"rendered":"<p style=\"text-align: center;\">T krekls ir ide\u0101ls veids, k\u0101 izr\u0101d\u012bt savu m\u012blest\u012bbu pret godalgoto anim\u0101cijas filmu \u201cSTRAUME\u201d\/\u201dFLOW\u201d. Priek\u0161pus\u0113 att\u0113lots ka\u0137\u012btis \u2013 filmas galvenais t\u0113ls un neliels uzraksts \u201cFlow\u201d.<\/p>\n<p style=\"text-align: center;\">Ofici\u0101lais suven\u012brs 2025. gada Zelta Globusa un Oskara balvu ieguvu\u0161ajai lab\u0101kajai anim\u0101cijas filmai.<\/p>\n","protected":false},"featured_media":175985,"template":"","meta":{"_jet_sm_ready_style":"","_jet_sm_style":"","_jet_sm_controls_values":"","_jet_sm_fonts_collection":"","_jet_sm_fonts_links":""},"pwb-brand":[1458],"product_cat":[102,1242],"product_tag":[1547,1487,1485,1545],"class_list":{"0":"post-176035","1":"product","2":"type-product","3":"status-publish","4":"has-post-thumbnail","6":"pwb-brand-filma-straume","7":"product_cat-apgerbs","8":"product_cat-bernu-apgerbi","9":"product_tag-straume-berniem","10":"product_tag-backorder-lv","11":"product_tag-straume","12":"product_tag-ziemassvetku-davanas","14":"first","15":"instock","16":"taxable","17":"shipping-taxable","18":"purchasable","19":"product-type-variable"},"raw_content":{"name":"Ofici\u0101lais b\u0113rnu T-krekls godalgotajai anim\u0101cijas filmai STRAUME \/ FLOW | Zilza\u013c\u0161 | Ka\u0137is priek\u0161pus\u0113","description":"<p style=\"text-align: left;\"><strong>Materi\u0101ls:<\/strong>\u00a0100% organiska kokvilna\r\n<strong>Dizains:<\/strong>\u00a0Br\u012bva fasona unisex piegriezums\r\nPerfekts gan ikdienai, gan k\u0101 stil\u012bgs aksesu\u0101rs \u012bstiem filmas cien\u012bt\u0101jiem! \ud83c\udf3f\ud83d\udc3e<\/p>\r\n<p style=\"text-align: left;\">Ieteicams mazg\u0101t 30C gr\u0101du temperat\u016br\u0101, izgrie\u017eot iek\u0161pusi uz \u0101ru, neizmantot autom\u0101tisko \u017e\u0101v\u0113t\u0101ju.<\/p>\r\nLai izv\u0113l\u0113tos pareizo izm\u0113ru, skatiet pievienoto tabulu.\r\n\r\nDruk\u0101ts R\u012bg\u0101, Latvij\u0101\r\n\r\n\u00a9 FLOW\u2122 2024, Dream Well Studio, Sacrebleu Productions, Take Five. Visas ties\u012bbas aizsarg\u0101tas.\r\n\r\n<span class=\"gmail-Y2IQFc\" lang=\"lv\">Ginta Zilbalo\u017ea filma Straume \/\u00a0<em>Flow<\/em>\u00a0ir vizu\u0101li satrieco\u0161s un v\u0113st\u012bjuma zi\u0146\u0101 sp\u0113c\u012bgs \u0161edevrs, kas apvieno ma\u0123isku atmosf\u0113ru ar dzi\u013cu, p\u0101rdomas rosino\u0161u st\u0101stu.\u00a0<\/span>Vair\u0101k par filmu un t\u0101s tap\u0161anas st\u0101stu lasi \u0161eit - m\u016bsu<a href=\"https:\/\/m50.lv\/lv\/2025\/02\/17\/flow-movie-continues-its-triumphant-journey\/\">\u00a0bloga ierakst\u0101.<\/a>\r\n\r\n&nbsp;\r\n\r\n<img class=\"alignnone size-large wp-image-176677\" src=\"https:\/\/m50.lv\/wp-content\/uploads\/2025\/01\/m50-kids-t-shirt-size-guide-lv-1024x801.jpg\" alt=\"\" width=\"800\" height=\"626\" \/>","short_description":"<p style=\"text-align: center;\">T krekls ir ide\u0101ls veids, k\u0101 izr\u0101d\u012bt savu m\u012blest\u012bbu pret godalgoto anim\u0101cijas filmu \u201cSTRAUME\u201d\/\u201dFLOW\u201d. Priek\u0161pus\u0113 att\u0113lots ka\u0137\u012btis \u2013 filmas galvenais t\u0113ls un neliels uzraksts \u201cFlow\u201d.<\/p>\r\n<p style=\"text-align: center;\">Ofici\u0101lais suven\u012brs 2025. gada Zelta Globusa un Oskara balvu ieguvu\u0161ajai lab\u0101kajai anim\u0101cijas filmai.<\/p>","status":"publish","sku":"E42A-168BEB","original":175976},"wpml":{"translation_type":1,"has_translations":true,"original":175976,"duplicates":[],"translations":{"lv":176035,"en":175976}},"brands":[{"id":1458,"name":"Filma Straume","slug":"filma-straume"}],"_links":{"self":[{"href":"https:\/\/m50.lv\/lv\/wp-json\/wp\/v2\/product\/176035","targetHints":{"allow":["GET"]}}],"collection":[{"href":"https:\/\/m50.lv\/lv\/wp-json\/wp\/v2\/product"}],"about":[{"href":"https:\/\/m50.lv\/lv\/wp-json\/wp\/v2\/types\/product"}],"version-history":[{"count":0,"href":"https:\/\/m50.lv\/lv\/wp-json\/wp\/v2\/product\/176035\/revisions"}],"wp:featuredmedia":[{"embeddable":true,"href":"https:\/\/m50.lv\/lv\/wp-json\/wp\/v2\/media\/175985"}],"wp:attachment":[{"href":"https:\/\/m50.lv\/lv\/wp-json\/wp\/v2\/media?parent=176035"}],"wp:term":[{"taxonomy":"pwb-brand","embeddable":true,"href":"https:\/\/m50.lv\/lv\/wp-json\/wp\/v2\/pwb-brand?post=176035"},{"taxonomy":"product_cat","embeddable":true,"href":"https:\/\/m50.lv\/lv\/wp-json\/wp\/v2\/product_cat?post=176035"},{"taxonomy":"product_tag","embeddable":true,"href":"https:\/\/m50.lv\/lv\/wp-json\/wp\/v2\/product_tag?post=176035"}],"curies":[{"name":"wp","href":"https:\/\/api.w.org\/{rel}","templated":true}]}}