{"id":179103,"date":"2025-02-07T13:23:05","date_gmt":"2025-02-07T11:23:05","guid":{"rendered":"https:\/\/m50.lv\/product\/oficialais-dzemperis-godalgotajai-animacijas-filmai-flow-zilpeleks\/"},"modified":"2026-04-23T14:54:12","modified_gmt":"2026-04-23T12:54:12","slug":"official-hoodie-for-the-award-winning-animated-film-flow-india-ink","status":"publish","type":"product","link":"https:\/\/m50.lv\/lv\/product\/official-hoodie-for-the-award-winning-animated-film-flow-india-ink\/","title":{"rendered":"Ofici\u0101lais d\u017eemperis godalgotajai anim\u0101cijas filmai FLOW | Zilpel\u0113ks"},"content":{"rendered":"<p>Ide\u0101li piem\u0113rots ikdienas valk\u0101\u0161anai \u012bstiem filmas faniem<\/p>\n<p>Materi\u0101ls: 100% organisk\u0101 kokvilna<br \/>\nDizains: Unisex piegriezne, piem\u0113rots ikvienam<br \/>\n\u0112rts un ilgtsp\u0113j\u012bgs dizains, videi draudz\u012bgs audums<\/p>\n<p>Ieteicams mazg\u0101t 30C gr\u0101du temperat\u016br\u0101, izgrie\u017eot iek\u0161pusi uz \u0101ru, neizmantot autom\u0101tisko \u017e\u0101v\u0113t\u0101ju. Lai izv\u0113l\u0113tos pareizo izm\u0113ru, skatiet pievienoto tabulu<\/p>\n<p>Iz\u0161\u016bts R\u012bg\u0101, Latvij\u0101<\/p>\n<p>\u00a9 FLOW\u2122 2024, Dream Well Studio, Sacrebleu Productions, Take Five. Visas ties\u012bbas aizsarg\u0101tas.<\/p>\n<p><span class=\"gmail-Y2IQFc\" lang=\"lv\">Straume \/\u00a0<em>Flow<\/em>\u00a0ir vizu\u0101li satrieco\u0161s un v\u0113st\u012bjuma zi\u0146\u0101 sp\u0113c\u012bgs \u0161edevrs, kas apvieno ma\u0123isku atmosf\u0113ru ar dzi\u013cu, p\u0101rdomas rosino\u0161u st\u0101stu.\u00a0<\/span>Vair\u0101k par filmu un t\u0101s tap\u0161anas st\u0101stu lasi \u0161eit &#8211; m\u016bsu<a href=\"https:\/\/m50.lv\/lv\/2025\/02\/17\/flow-movie-continues-its-triumphant-journey\/\">\u00a0bloga ierakst\u0101.<\/a><\/p>\n<p>&nbsp;<\/p>\n","protected":false},"excerpt":{"rendered":"<p style=\"text-align: center;\">\u0160is hudijs ir lielisks veids, k\u0101 par\u0101d\u012bt savu m\u012blest\u012bbu pret godalgoto anim\u0101cijas filmu \u201cFLOW\u201d \/ \u201dSTRAUME\u201d. Priek\u0161pus\u0113 uz sirds ir iz\u0161\u016bts neliels filmas galven\u0101 varo\u0146a \u2013 ka\u0137a att\u0113ls, uz muguras \u2013 ka\u0137\u012btim rakstur\u012bg\u0101s acis.<\/p>\n<p style=\"text-align: center;\">Ofici\u0101lais suven\u012brs 2025. gada Zelta Globusa un Oskara balvu ieguvu\u0161ajai lab\u0101kajai anim\u0101cijas filmai.<\/p>\n","protected":false},"featured_media":179167,"template":"","meta":{"_jet_sm_ready_style":"","_jet_sm_style":"","_jet_sm_controls_values":"","_jet_sm_fonts_collection":"","_jet_sm_fonts_links":""},"pwb-brand":[1458],"product_cat":[102,201,199,105,103],"product_tag":[1366,1487,1577,1502,1485,1545],"class_list":{"0":"post-179103","1":"product","2":"type-product","3":"status-publish","4":"has-post-thumbnail","6":"pwb-brand-filma-straume","7":"product_cat-apgerbs","8":"product_cat-dzemperi-lv","9":"product_cat-dzemperi","10":"product_cat-sievietem","11":"product_cat-viriesiem","12":"product_tag-back-2-school-lv","13":"product_tag-backorder-lv","14":"product_tag-latvija","15":"product_tag-straume-lv","16":"product_tag-straume","17":"product_tag-ziemassvetku-davanas","19":"first","20":"instock","21":"taxable","22":"shipping-taxable","23":"purchasable","24":"product-type-variable"},"raw_content":{"name":"Ofici\u0101lais d\u017eemperis godalgotajai anim\u0101cijas filmai FLOW | Zilpel\u0113ks","description":"Ide\u0101li piem\u0113rots ikdienas valk\u0101\u0161anai \u012bstiem filmas faniem\r\n\r\nMateri\u0101ls: 100% organisk\u0101 kokvilna\r\nDizains: Unisex piegriezne, piem\u0113rots ikvienam\r\n\u0112rts un ilgtsp\u0113j\u012bgs dizains, videi draudz\u012bgs audums\r\n\r\nIeteicams mazg\u0101t 30C gr\u0101du temperat\u016br\u0101, izgrie\u017eot iek\u0161pusi uz \u0101ru, neizmantot autom\u0101tisko \u017e\u0101v\u0113t\u0101ju. Lai izv\u0113l\u0113tos pareizo izm\u0113ru, skatiet pievienoto tabulu\r\n\r\nIz\u0161\u016bts R\u012bg\u0101, Latvij\u0101\r\n\r\n\u00a9 FLOW\u2122 2024, Dream Well Studio, Sacrebleu Productions, Take Five. Visas ties\u012bbas aizsarg\u0101tas.\r\n\r\n<span class=\"gmail-Y2IQFc\" lang=\"lv\">Straume \/\u00a0<em>Flow<\/em>\u00a0ir vizu\u0101li satrieco\u0161s un v\u0113st\u012bjuma zi\u0146\u0101 sp\u0113c\u012bgs \u0161edevrs, kas apvieno ma\u0123isku atmosf\u0113ru ar dzi\u013cu, p\u0101rdomas rosino\u0161u st\u0101stu.\u00a0<\/span>Vair\u0101k par filmu un t\u0101s tap\u0161anas st\u0101stu lasi \u0161eit - m\u016bsu<a href=\"https:\/\/m50.lv\/lv\/2025\/02\/17\/flow-movie-continues-its-triumphant-journey\/\">\u00a0bloga ierakst\u0101.<\/a>\r\n\r\n&nbsp;","short_description":"<p style=\"text-align: center;\">\u0160is hudijs ir lielisks veids, k\u0101 par\u0101d\u012bt savu m\u012blest\u012bbu pret godalgoto anim\u0101cijas filmu \u201cFLOW\u201d \/ \u201dSTRAUME\u201d. Priek\u0161pus\u0113 uz sirds ir iz\u0161\u016bts neliels filmas galven\u0101 varo\u0146a \u2013 ka\u0137a att\u0113ls, uz muguras \u2013 ka\u0137\u012btim rakstur\u012bg\u0101s acis.<\/p>\r\n<p style=\"text-align: center;\">Ofici\u0101lais suven\u012brs 2025. gada Zelta Globusa un Oskara balvu ieguvu\u0161ajai lab\u0101kajai anim\u0101cijas filmai.<\/p>","status":"publish","sku":"139D-85B971","original":179082},"wpml":{"translation_type":1,"has_translations":true,"original":179082,"duplicates":[],"translations":{"lv":179103,"en":179082}},"brands":[{"id":1458,"name":"Filma Straume","slug":"filma-straume"}],"_links":{"self":[{"href":"https:\/\/m50.lv\/lv\/wp-json\/wp\/v2\/product\/179103","targetHints":{"allow":["GET"]}}],"collection":[{"href":"https:\/\/m50.lv\/lv\/wp-json\/wp\/v2\/product"}],"about":[{"href":"https:\/\/m50.lv\/lv\/wp-json\/wp\/v2\/types\/product"}],"version-history":[{"count":1,"href":"https:\/\/m50.lv\/lv\/wp-json\/wp\/v2\/product\/179103\/revisions"}],"predecessor-version":[{"id":189563,"href":"https:\/\/m50.lv\/lv\/wp-json\/wp\/v2\/product\/179103\/revisions\/189563"}],"wp:featuredmedia":[{"embeddable":true,"href":"https:\/\/m50.lv\/lv\/wp-json\/wp\/v2\/media\/179167"}],"wp:attachment":[{"href":"https:\/\/m50.lv\/lv\/wp-json\/wp\/v2\/media?parent=179103"}],"wp:term":[{"taxonomy":"pwb-brand","embeddable":true,"href":"https:\/\/m50.lv\/lv\/wp-json\/wp\/v2\/pwb-brand?post=179103"},{"taxonomy":"product_cat","embeddable":true,"href":"https:\/\/m50.lv\/lv\/wp-json\/wp\/v2\/product_cat?post=179103"},{"taxonomy":"product_tag","embeddable":true,"href":"https:\/\/m50.lv\/lv\/wp-json\/wp\/v2\/product_tag?post=179103"}],"curies":[{"name":"wp","href":"https:\/\/api.w.org\/{rel}","templated":true}]}}