{"id":179754,"date":"2025-02-22T09:42:54","date_gmt":"2025-02-22T07:42:54","guid":{"rendered":"https:\/\/m50.lv\/product\/oficialais-dzemperis-godalgotajai-animacijas-filmai-flow-melns\/"},"modified":"2026-01-06T16:36:22","modified_gmt":"2026-01-06T14:36:22","slug":"oficialais-dzemperis-godalgotajai-animacijas-filmai-flow-melns","status":"publish","type":"product","link":"https:\/\/m50.lv\/lv\/product\/oficialais-dzemperis-godalgotajai-animacijas-filmai-flow-melns\/","title":{"rendered":"Ofici\u0101lais d\u017eemperis godalgotajai anim\u0101cijas filmai FLOW | Melns"},"content":{"rendered":"<p style=\"text-align: left;\">Ide\u0101li piem\u0113rots ikdienas valk\u0101\u0161anai \u012bstiem filmas faniem \ud83c\udf3f\ud83d\udc3e Materi\u0101ls: 100% organisk\u0101 kokvilna<\/p>\n<p>Dizains: Unisex piegriezne, piem\u0113rots ikvienam<br \/>\n\u0112rts un ilgtsp\u0113j\u012bgs dizains, videi draudz\u012bgs audums<\/p>\n<p style=\"text-align: left;\">Ieteicams mazg\u0101t 30C gr\u0101du temperat\u016br\u0101, izgrie\u017eot iek\u0161pusi uz \u0101ru, neizmantot autom\u0101tisko \u017e\u0101v\u0113t\u0101ju. Lai izv\u0113l\u0113tos pareizo izm\u0113ru, skatiet pievienoto tabulu.<\/p>\n<p>Iz\u0161\u016bts R\u012bg\u0101, Latvij\u0101<\/p>\n<p>\u00a9 FLOW\u2122 2024, Dream Well Studio, Sacrebleu Productions, Take Five. Visas ties\u012bbas aizsarg\u0101tas.<\/p>\n<p>&nbsp;<\/p>\n<p><img fetchpriority=\"high\" decoding=\"async\" class=\"size-large wp-image-179741 alignleft\" src=\"https:\/\/m50.lv\/wp-content\/uploads\/2025\/02\/izmeri-dzemperis-2.0-lv-1-1024x801.jpg\" alt=\"\" width=\"800\" height=\"626\" srcset=\"https:\/\/m50.lv\/wp-content\/uploads\/2025\/02\/izmeri-dzemperis-2.0-lv-1-1024x801.jpg 1024w, https:\/\/m50.lv\/wp-content\/uploads\/2025\/02\/izmeri-dzemperis-2.0-lv-1-300x235.jpg 300w, https:\/\/m50.lv\/wp-content\/uploads\/2025\/02\/izmeri-dzemperis-2.0-lv-1-768x601.jpg 768w, https:\/\/m50.lv\/wp-content\/uploads\/2025\/02\/izmeri-dzemperis-2.0-lv-1-897x702.jpg 897w, https:\/\/m50.lv\/wp-content\/uploads\/2025\/02\/izmeri-dzemperis-2.0-lv-1.jpg 1200w\" sizes=\"(max-width: 800px) 100vw, 800px\" \/><\/p>\n","protected":false},"excerpt":{"rendered":"<p style=\"text-align: center;\">\u0160is klasiskais d\u017eemperis ir lielisks veids, k\u0101 par\u0101d\u012bt savu m\u012blest\u012bbu pret godalgoto anim\u0101cijas filmu \u201cFLOW\u201d \/ \u201dSTRAUME\u201d. Priek\u0161pus\u0113 uz sirds ir iz\u0161\u016bts neliels filmas galven\u0101 varo\u0146a \u2013 ka\u0137a att\u0113ls, uz muguras &#8211; ka\u0137\u012btim rakstur\u012bg\u0101s acis.<\/p>\n<p style=\"text-align: center;\">Ofici\u0101lais suven\u012brs 2025. gada Zelta Globusa un Oskara balvu ieguvu\u0161ajai lab\u0101kajai anim\u0101cijas filmai.<\/p>\n","protected":false},"featured_media":179737,"template":"","meta":{"_jet_sm_ready_style":"","_jet_sm_style":"","_jet_sm_controls_values":"","_jet_sm_fonts_collection":"","_jet_sm_fonts_links":""},"pwb-brand":[1458],"product_cat":[102,199,201,105,103],"product_tag":[1366,1487,1502,1485,1545],"class_list":{"0":"post-179754","1":"product","2":"type-product","3":"status-publish","4":"has-post-thumbnail","6":"pwb-brand-filma-straume","7":"product_cat-apgerbs","8":"product_cat-dzemperi","9":"product_cat-dzemperi-lv","10":"product_cat-sievietem","11":"product_cat-viriesiem","12":"product_tag-back-2-school-lv","13":"product_tag-backorder-lv","14":"product_tag-straume-lv","15":"product_tag-straume","16":"product_tag-ziemassvetku-davanas","18":"first","19":"instock","20":"taxable","21":"shipping-taxable","22":"purchasable","23":"product-type-variable"},"raw_content":{"name":"Ofici\u0101lais d\u017eemperis godalgotajai anim\u0101cijas filmai FLOW | Melns","description":"<p style=\"text-align: left;\">Ide\u0101li piem\u0113rots ikdienas valk\u0101\u0161anai \u012bstiem filmas faniem \ud83c\udf3f\ud83d\udc3e Materi\u0101ls: 100% organisk\u0101 kokvilna<\/p>\r\nDizains: Unisex piegriezne, piem\u0113rots ikvienam\r\n\u0112rts un ilgtsp\u0113j\u012bgs dizains, videi draudz\u012bgs audums\r\n<p style=\"text-align: left;\">Ieteicams mazg\u0101t 30C gr\u0101du temperat\u016br\u0101, izgrie\u017eot iek\u0161pusi uz \u0101ru, neizmantot autom\u0101tisko \u017e\u0101v\u0113t\u0101ju. Lai izv\u0113l\u0113tos pareizo izm\u0113ru, skatiet pievienoto tabulu.<\/p>\r\nIz\u0161\u016bts R\u012bg\u0101, Latvij\u0101\r\n\r\n\u00a9 FLOW\u2122 2024, Dream Well Studio, Sacrebleu Productions, Take Five. Visas ties\u012bbas aizsarg\u0101tas.\r\n\r\n&nbsp;\r\n\r\n<img class=\"size-large wp-image-179741 alignleft\" src=\"https:\/\/m50.lv\/wp-content\/uploads\/2025\/02\/izmeri-dzemperis-2.0-lv-1-1024x801.jpg\" alt=\"\" width=\"800\" height=\"626\" \/>","short_description":"<p style=\"text-align: center;\">\u0160is klasiskais d\u017eemperis ir lielisks veids, k\u0101 par\u0101d\u012bt savu m\u012blest\u012bbu pret godalgoto anim\u0101cijas filmu \u201cFLOW\u201d \/ \u201dSTRAUME\u201d. Priek\u0161pus\u0113 uz sirds ir iz\u0161\u016bts neliels filmas galven\u0101 varo\u0146a \u2013 ka\u0137a att\u0113ls, uz muguras - ka\u0137\u012btim rakstur\u012bg\u0101s acis.<\/p>\r\n<p style=\"text-align: center;\">Ofici\u0101lais suven\u012brs 2025. gada Zelta Globusa un Oskara balvu ieguvu\u0161ajai lab\u0101kajai anim\u0101cijas filmai.<\/p>","status":"publish","sku":"Official-sweatshirt-FLOW-Black","original":179725},"wpml":{"translation_type":1,"has_translations":true,"original":179725,"duplicates":[],"translations":{"lv":179754,"en":179725}},"brands":[{"id":1458,"name":"Filma Straume","slug":"filma-straume"}],"_links":{"self":[{"href":"https:\/\/m50.lv\/lv\/wp-json\/wp\/v2\/product\/179754","targetHints":{"allow":["GET"]}}],"collection":[{"href":"https:\/\/m50.lv\/lv\/wp-json\/wp\/v2\/product"}],"about":[{"href":"https:\/\/m50.lv\/lv\/wp-json\/wp\/v2\/types\/product"}],"version-history":[{"count":0,"href":"https:\/\/m50.lv\/lv\/wp-json\/wp\/v2\/product\/179754\/revisions"}],"wp:featuredmedia":[{"embeddable":true,"href":"https:\/\/m50.lv\/lv\/wp-json\/wp\/v2\/media\/179737"}],"wp:attachment":[{"href":"https:\/\/m50.lv\/lv\/wp-json\/wp\/v2\/media?parent=179754"}],"wp:term":[{"taxonomy":"pwb-brand","embeddable":true,"href":"https:\/\/m50.lv\/lv\/wp-json\/wp\/v2\/pwb-brand?post=179754"},{"taxonomy":"product_cat","embeddable":true,"href":"https:\/\/m50.lv\/lv\/wp-json\/wp\/v2\/product_cat?post=179754"},{"taxonomy":"product_tag","embeddable":true,"href":"https:\/\/m50.lv\/lv\/wp-json\/wp\/v2\/product_tag?post=179754"}],"curies":[{"name":"wp","href":"https:\/\/api.w.org\/{rel}","templated":true}]}}