{"id":179899,"date":"2025-02-26T13:28:01","date_gmt":"2025-02-26T11:28:01","guid":{"rendered":"https:\/\/m50.lv\/product\/seik-mug-girl-boss\/"},"modified":"2026-02-04T15:35:13","modified_gmt":"2026-02-04T13:35:13","slug":"seik-mug-girl-boss","status":"publish","type":"product","link":"https:\/\/m50.lv\/lv\/product\/seik-mug-girl-boss\/","title":{"rendered":"SEIK kr\u016bze | Girl Boss"},"content":{"rendered":"<p style=\"text-align: left;\">Tilpums ir 330ml,<\/p>\n<p style=\"text-align: left;\">Diametrs 82 mm, augstums 95 mm.<\/p>\n<p style=\"text-align: left;\">Ir at\u013cauts to mazg\u0101t trauku mazg\u0101jam\u0101 ma\u0161\u012bn\u0101 vai ar rok\u0101m.<\/p>\n<p style=\"text-align: left;\">Kr\u016bze ir iesai\u0146ota skaist\u0101 iepakojum\u0101.<\/p>\n<p style=\"text-align: left;\">\nNav svar\u012bgi, vai dzer kafiju vai t\u0113ju \u2013 izbaudi mirkli sev!<\/p>\n","protected":false},"excerpt":{"rendered":"<p style=\"text-align: left;\">D\u0101vini \u0161o kr\u016bzi sev, m\u0101sai vai draudzenei.<br \/>\nKr\u016bzi ir izstr\u0101d\u0101jusi jaun\u0101 m\u0101ksliniece Anne Hanni. Kas var b\u016bt lab\u0101ks k\u0101 baud\u012bt savu iem\u012b\u013coto kafiju vai t\u0113ju no sev m\u012b\u013cas kr\u016bz\u012btes! \u0160\u012b kr\u016bze b\u016bs piepild\u012bta ar vislab\u0101kaj\u0101m atmi\u0146\u0101m no \u012bpa\u0161a cilv\u0113ka \u2013no jums. M\u0113s v\u0113lamies j\u016bs iedvesmot katru dienu<\/p>\n","protected":false},"featured_media":179886,"template":"","meta":{"_jet_sm_ready_style":"","_jet_sm_style":"","_jet_sm_controls_values":"","_jet_sm_fonts_collection":"","_jet_sm_fonts_links":""},"pwb-brand":[1266],"product_cat":[193,194,1004,583],"product_tag":[1579,1474,1545],"class_list":{"0":"post-179899","1":"product","2":"type-product","3":"status-publish","4":"has-post-thumbnail","6":"pwb-brand-seik-lv","7":"product_cat-davanas","8":"product_cat-keramika","9":"product_cat-kruzes","10":"product_cat-uncategorized-lv","11":"product_tag-davanas-mammai","12":"product_tag-gifts-under-20e","13":"product_tag-ziemassvetku-davanas","15":"first","16":"instock","17":"taxable","18":"shipping-taxable","19":"purchasable","20":"product-type-simple"},"raw_content":{"name":"SEIK kr\u016bze | Girl Boss","description":"<p style=\"text-align: left;\">Tilpums ir 330ml,<\/p>\r\n<p style=\"text-align: left;\">Diametrs 82 mm, augstums 95 mm.<\/p>\r\n<p style=\"text-align: left;\">Ir at\u013cauts to mazg\u0101t trauku mazg\u0101jam\u0101 ma\u0161\u012bn\u0101 vai ar rok\u0101m.<\/p>\r\n<p style=\"text-align: left;\">Kr\u016bze ir iesai\u0146ota skaist\u0101 iepakojum\u0101.<\/p>\r\n<p style=\"text-align: left;\">\r\nNav svar\u012bgi, vai dzer kafiju vai t\u0113ju \u2013 izbaudi mirkli sev!<\/p>","short_description":"<p style=\"text-align: left;\">D\u0101vini \u0161o kr\u016bzi sev, m\u0101sai vai draudzenei.\r\nKr\u016bzi ir izstr\u0101d\u0101jusi jaun\u0101 m\u0101ksliniece Anne Hanni. Kas var b\u016bt lab\u0101ks k\u0101 baud\u012bt savu iem\u012b\u013coto kafiju vai t\u0113ju no sev m\u012b\u013cas kr\u016bz\u012btes! \u0160\u012b kr\u016bze b\u016bs piepild\u012bta ar vislab\u0101kaj\u0101m atmi\u0146\u0101m no \u012bpa\u0161a cilv\u0113ka \u2013no jums. M\u0113s v\u0113lamies j\u016bs iedvesmot katru dienu<\/p>","status":"publish","sku":"1004035","original":179883},"wpml":{"translation_type":1,"has_translations":true,"original":179883,"duplicates":[],"translations":{"lv":179899,"en":179883}},"brands":[{"id":1266,"name":"SEIK","slug":"seik-lv"}],"_links":{"self":[{"href":"https:\/\/m50.lv\/lv\/wp-json\/wp\/v2\/product\/179899","targetHints":{"allow":["GET"]}}],"collection":[{"href":"https:\/\/m50.lv\/lv\/wp-json\/wp\/v2\/product"}],"about":[{"href":"https:\/\/m50.lv\/lv\/wp-json\/wp\/v2\/types\/product"}],"version-history":[{"count":0,"href":"https:\/\/m50.lv\/lv\/wp-json\/wp\/v2\/product\/179899\/revisions"}],"wp:featuredmedia":[{"embeddable":true,"href":"https:\/\/m50.lv\/lv\/wp-json\/wp\/v2\/media\/179886"}],"wp:attachment":[{"href":"https:\/\/m50.lv\/lv\/wp-json\/wp\/v2\/media?parent=179899"}],"wp:term":[{"taxonomy":"pwb-brand","embeddable":true,"href":"https:\/\/m50.lv\/lv\/wp-json\/wp\/v2\/pwb-brand?post=179899"},{"taxonomy":"product_cat","embeddable":true,"href":"https:\/\/m50.lv\/lv\/wp-json\/wp\/v2\/product_cat?post=179899"},{"taxonomy":"product_tag","embeddable":true,"href":"https:\/\/m50.lv\/lv\/wp-json\/wp\/v2\/product_tag?post=179899"}],"curies":[{"name":"wp","href":"https:\/\/api.w.org\/{rel}","templated":true}]}}