{"id":182079,"date":"2025-04-07T14:10:41","date_gmt":"2025-04-07T12:10:41","guid":{"rendered":"https:\/\/m50.lv\/product\/oficialais-kepons-godalgotajai-animacijas-filmai-flow-zils\/"},"modified":"2026-03-26T13:04:16","modified_gmt":"2026-03-26T11:04:16","slug":"oficialais-kepons-godalgotajai-animacijas-filmai-flow-zils","status":"publish","type":"product","link":"https:\/\/m50.lv\/lv\/product\/oficialais-kepons-godalgotajai-animacijas-filmai-flow-zils\/","title":{"rendered":"Cepure ar nagu godalgotajai anim\u0101cijas filmai FLOW | D\u017einsu Zila"},"content":{"rendered":"<p style=\"text-align: left;\">Materi\u0101ls: 100% kokvilna ar mazg\u0101tu efektu, vint\u0101\u017eas stils<br \/>\nZema profila 5 pane\u013cu dizains<br \/>\nM\u012bksta virspuse<br \/>\n\u0112rti regul\u0113jams izm\u0113rs ar misi\u0146a spr\u0101dzi<br \/>\nVentil\u0101cijas caurumi\u0146i<\/p>\n<p>Iz\u0161\u016bta R\u012bg\u0101, Latvij\u0101<\/p>\n<p>\u00a9 FLOW\u2122 2024, Dream Well Studio, Sacrebleu Productions, Take Five. Visas ties\u012bbas aizsarg\u0101tas.<\/p>\n","protected":false},"excerpt":{"rendered":"<p style=\"text-align: center;\">Noder\u012bgs un stil\u012bgs aksesu\u0101rs \u012bsteniem filmas cien\u012bt\u0101jiem! \ud83c\udf3f\ud83d\udc3e<\/p>\n<p style=\"text-align: center;\">Lielisks veids, k\u0101 par\u0101d\u012bt savu m\u012blest\u012bbu pret godalgoto anim\u0101cijas filmu \u201cSTRAUME\u201d \/ \u201cFLOW\u201d.<\/p>\n<p style=\"text-align: center;\">Ofici\u0101lais suven\u012brs 2025. gada Zelta Globusa un Oskara balvu ieguvu\u0161ajai lab\u0101kajai anim\u0101cijas filmai.<\/p>\n<p style=\"text-align: center;\">\n","protected":false},"featured_media":184427,"template":"","meta":{"_jet_sm_ready_style":"","_jet_sm_style":"","_jet_sm_controls_values":"","_jet_sm_fonts_collection":"","_jet_sm_fonts_links":""},"pwb-brand":[1458],"product_cat":[101,570],"product_tag":[1547,1366,1502,1545],"class_list":{"0":"post-182079","1":"product","2":"type-product","3":"status-publish","4":"has-post-thumbnail","6":"pwb-brand-filma-straume","7":"product_cat-aksesuari","8":"product_cat-keponi","9":"product_tag-straume-berniem","10":"product_tag-back-2-school-lv","11":"product_tag-straume-lv","12":"product_tag-ziemassvetku-davanas","14":"first","15":"instock","16":"taxable","17":"shipping-taxable","18":"purchasable","19":"product-type-simple"},"raw_content":{"name":"Cepure ar nagu godalgotajai anim\u0101cijas filmai FLOW | D\u017einsu Zila","description":"<p style=\"text-align: left;\">Materi\u0101ls: 100% kokvilna ar mazg\u0101tu efektu, vint\u0101\u017eas stils\r\nZema profila 5 pane\u013cu dizains\r\nM\u012bksta virspuse\r\n\u0112rti regul\u0113jams izm\u0113rs ar misi\u0146a spr\u0101dzi\r\nVentil\u0101cijas caurumi\u0146i<\/p>\r\nIz\u0161\u016bta R\u012bg\u0101, Latvij\u0101\r\n\r\n\u00a9 FLOW\u2122 2024, Dream Well Studio, Sacrebleu Productions, Take Five. Visas ties\u012bbas aizsarg\u0101tas.","short_description":"<p style=\"text-align: center;\">Noder\u012bgs un stil\u012bgs aksesu\u0101rs \u012bsteniem filmas cien\u012bt\u0101jiem! \ud83c\udf3f\ud83d\udc3e<\/p>\r\n<p style=\"text-align: center;\">Lielisks veids, k\u0101 par\u0101d\u012bt savu m\u012blest\u012bbu pret godalgoto anim\u0101cijas filmu \u201cSTRAUME\u201d \/ \u201cFLOW\u201d.<\/p>\r\n<p style=\"text-align: center;\">Ofici\u0101lais suven\u012brs 2025. gada Zelta Globusa un Oskara balvu ieguvu\u0161ajai lab\u0101kajai anim\u0101cijas filmai.<\/p>\r\n<p style=\"text-align: center;\"><\/p>","status":"publish","sku":"flow-cat-cap-denim","original":182049},"wpml":{"translation_type":1,"has_translations":true,"original":182049,"duplicates":[],"translations":{"lv":182079,"en":182049}},"brands":[{"id":1458,"name":"Filma Straume","slug":"filma-straume"}],"_links":{"self":[{"href":"https:\/\/m50.lv\/lv\/wp-json\/wp\/v2\/product\/182079","targetHints":{"allow":["GET"]}}],"collection":[{"href":"https:\/\/m50.lv\/lv\/wp-json\/wp\/v2\/product"}],"about":[{"href":"https:\/\/m50.lv\/lv\/wp-json\/wp\/v2\/types\/product"}],"version-history":[{"count":0,"href":"https:\/\/m50.lv\/lv\/wp-json\/wp\/v2\/product\/182079\/revisions"}],"wp:featuredmedia":[{"embeddable":true,"href":"https:\/\/m50.lv\/lv\/wp-json\/wp\/v2\/media\/184427"}],"wp:attachment":[{"href":"https:\/\/m50.lv\/lv\/wp-json\/wp\/v2\/media?parent=182079"}],"wp:term":[{"taxonomy":"pwb-brand","embeddable":true,"href":"https:\/\/m50.lv\/lv\/wp-json\/wp\/v2\/pwb-brand?post=182079"},{"taxonomy":"product_cat","embeddable":true,"href":"https:\/\/m50.lv\/lv\/wp-json\/wp\/v2\/product_cat?post=182079"},{"taxonomy":"product_tag","embeddable":true,"href":"https:\/\/m50.lv\/lv\/wp-json\/wp\/v2\/product_tag?post=182079"}],"curies":[{"name":"wp","href":"https:\/\/api.w.org\/{rel}","templated":true}]}}