{"id":182080,"date":"2025-04-07T14:20:21","date_gmt":"2025-04-07T12:20:21","guid":{"rendered":"https:\/\/m50.lv\/product\/oficialais-t-krekls-godalgotajai-animacijas-filmai-straume-flow-melns-kakis-priekspuse\/"},"modified":"2026-04-07T15:30:56","modified_gmt":"2026-04-07T13:30:56","slug":"oficialais-t-krekls-godalgotajai-animacijas-filmai-straume-flow-melns-kakis-priekspuse","status":"publish","type":"product","link":"https:\/\/m50.lv\/lv\/product\/oficialais-t-krekls-godalgotajai-animacijas-filmai-straume-flow-melns-kakis-priekspuse\/","title":{"rendered":"Ofici\u0101lais T-krekls godalgotajai anim\u0101cijas filmai STRAUME \/ FLOW | Melns | Ka\u0137is priek\u0161pus\u0113"},"content":{"rendered":"<p><strong>Materi\u0101ls:<\/strong>\u00a0100% organiska kokvilna<br \/>\n<strong>Dizains:<\/strong>\u00a0Br\u012bva fasona unisex piegriezums<br \/>\nIde\u0101li piem\u0113rots ikdienas valk\u0101\u0161anai \u012bstiem filmas cien\u012bt\u0101jiem!\u00a0<img decoding=\"async\" class=\"an1\" draggable=\"false\" src=\"https:\/\/fonts.gstatic.com\/s\/e\/notoemoji\/16.0\/1f33f\/32.png\" alt=\"\ud83c\udf3f\" data-emoji=\"\ud83c\udf3f\" aria-label=\"\ud83c\udf3f\" \/><img decoding=\"async\" class=\"an1\" draggable=\"false\" src=\"https:\/\/fonts.gstatic.com\/s\/e\/notoemoji\/16.0\/1f43e\/32.png\" alt=\"\ud83d\udc3e\" data-emoji=\"\ud83d\udc3e\" aria-label=\"\ud83d\udc3e\" \/><\/p>\n<p>Ieteicams mazg\u0101t 30C gr\u0101du temperat\u016br\u0101, izgrie\u017eot iek\u0161pusi uz \u0101ru, neizmantot autom\u0101tisko \u017e\u0101v\u0113t\u0101ju.<\/p>\n<p>Lai izv\u0113l\u0113tos pareizo izm\u0113ru, skatiet pievienoto tabulu<\/p>\n<p>Druk\u0101ts R\u012bg\u0101, Latvij\u0101<\/p>\n<p>\u00a9 FLOW\u2122 2024, Dream Well Studio, Sacrebleu Productions, Take Five. Visas ties\u012bbas aizsarg\u0101tas.<\/p>\n","protected":false},"excerpt":{"rendered":"<p style=\"text-align: center;\">Krekls ir ide\u0101ls veids, k\u0101 izr\u0101d\u012bt savu m\u012blest\u012bbu pret godalgoto anim\u0101cijas filmu \u201cSTRAUME\u201d\/\u201dFLOW\u201d. Priek\u0161pus\u0113 att\u0113lots ka\u0137\u012btis \u2013 filmas galvenais t\u0113ls un neliels uzraksts \u201cFlow\u201d.<\/p>\n<p style=\"text-align: center;\">Ofici\u0101lais suven\u012brs 2025. gada Zelta Globusa un Oskara balvu ieguvu\u0161ajai lab\u0101kajai anim\u0101cijas filmai.<\/p>\n","protected":false},"featured_media":182023,"template":"","meta":{"_jet_sm_ready_style":"","_jet_sm_style":"","_jet_sm_controls_values":"","_jet_sm_fonts_collection":"","_jet_sm_fonts_links":""},"pwb-brand":[1458],"product_cat":[102,105,107,104],"product_tag":[1366,1545],"class_list":{"0":"post-182080","1":"product","2":"type-product","3":"status-publish","4":"has-post-thumbnail","6":"pwb-brand-filma-straume","7":"product_cat-apgerbs","8":"product_cat-sievietem","9":"product_cat-t-krekli-sievietem","10":"product_cat-t-krekli","11":"product_tag-back-2-school-lv","12":"product_tag-ziemassvetku-davanas","14":"first","15":"instock","16":"taxable","17":"shipping-taxable","18":"purchasable","19":"product-type-variable"},"raw_content":{"name":"Ofici\u0101lais T-krekls godalgotajai anim\u0101cijas filmai STRAUME \/ FLOW | Melns | Ka\u0137is priek\u0161pus\u0113","description":"<strong>Materi\u0101ls:<\/strong>\u00a0100% organiska kokvilna\r\n<strong>Dizains:<\/strong>\u00a0Br\u012bva fasona unisex piegriezums\r\nIde\u0101li piem\u0113rots ikdienas valk\u0101\u0161anai \u012bstiem filmas cien\u012bt\u0101jiem!\u00a0<img class=\"an1\" draggable=\"false\" src=\"https:\/\/fonts.gstatic.com\/s\/e\/notoemoji\/16.0\/1f33f\/32.png\" alt=\"\ud83c\udf3f\" data-emoji=\"\ud83c\udf3f\" aria-label=\"\ud83c\udf3f\" \/><img class=\"an1\" draggable=\"false\" src=\"https:\/\/fonts.gstatic.com\/s\/e\/notoemoji\/16.0\/1f43e\/32.png\" alt=\"\ud83d\udc3e\" data-emoji=\"\ud83d\udc3e\" aria-label=\"\ud83d\udc3e\" \/>\r\n\r\nIeteicams mazg\u0101t 30C gr\u0101du temperat\u016br\u0101, izgrie\u017eot iek\u0161pusi uz \u0101ru, neizmantot autom\u0101tisko \u017e\u0101v\u0113t\u0101ju.\r\n\r\nLai izv\u0113l\u0113tos pareizo izm\u0113ru, skatiet pievienoto tabulu\r\n\r\nDruk\u0101ts R\u012bg\u0101, Latvij\u0101\r\n\r\n\u00a9 FLOW\u2122 2024, Dream Well Studio, Sacrebleu Productions, Take Five. Visas ties\u012bbas aizsarg\u0101tas.","short_description":"<p style=\"text-align: center;\">Krekls ir ide\u0101ls veids, k\u0101 izr\u0101d\u012bt savu m\u012blest\u012bbu pret godalgoto anim\u0101cijas filmu \u201cSTRAUME\u201d\/\u201dFLOW\u201d. Priek\u0161pus\u0113 att\u0113lots ka\u0137\u012btis \u2013 filmas galvenais t\u0113ls un neliels uzraksts \u201cFlow\u201d.<\/p>\r\n<p style=\"text-align: center;\">Ofici\u0101lais suven\u012brs 2025. gada Zelta Globusa un Oskara balvu ieguvu\u0161ajai lab\u0101kajai anim\u0101cijas filmai.<\/p>","status":"publish","sku":"D954-A6C92E","original":182048},"wpml":{"translation_type":1,"has_translations":true,"original":182048,"duplicates":[],"translations":{"lv":182080,"en":182048}},"brands":[{"id":1458,"name":"Filma Straume","slug":"filma-straume"}],"_links":{"self":[{"href":"https:\/\/m50.lv\/lv\/wp-json\/wp\/v2\/product\/182080","targetHints":{"allow":["GET"]}}],"collection":[{"href":"https:\/\/m50.lv\/lv\/wp-json\/wp\/v2\/product"}],"about":[{"href":"https:\/\/m50.lv\/lv\/wp-json\/wp\/v2\/types\/product"}],"version-history":[{"count":0,"href":"https:\/\/m50.lv\/lv\/wp-json\/wp\/v2\/product\/182080\/revisions"}],"wp:featuredmedia":[{"embeddable":true,"href":"https:\/\/m50.lv\/lv\/wp-json\/wp\/v2\/media\/182023"}],"wp:attachment":[{"href":"https:\/\/m50.lv\/lv\/wp-json\/wp\/v2\/media?parent=182080"}],"wp:term":[{"taxonomy":"pwb-brand","embeddable":true,"href":"https:\/\/m50.lv\/lv\/wp-json\/wp\/v2\/pwb-brand?post=182080"},{"taxonomy":"product_cat","embeddable":true,"href":"https:\/\/m50.lv\/lv\/wp-json\/wp\/v2\/product_cat?post=182080"},{"taxonomy":"product_tag","embeddable":true,"href":"https:\/\/m50.lv\/lv\/wp-json\/wp\/v2\/product_tag?post=182080"}],"curies":[{"name":"wp","href":"https:\/\/api.w.org\/{rel}","templated":true}]}}