{"id":182577,"date":"2025-04-22T18:25:34","date_gmt":"2025-04-22T16:25:34","guid":{"rendered":"https:\/\/m50.lv\/product\/viss-apnicis-kartite-vairak-neka-cipsus\/"},"modified":"2025-04-22T18:25:34","modified_gmt":"2025-04-22T16:25:34","slug":"viss-apnicis-kartite-vairak-neka-cipsus","status":"publish","type":"product","link":"https:\/\/m50.lv\/lv\/product\/viss-apnicis-kartite-vairak-neka-cipsus\/","title":{"rendered":"Viss apnicis kart\u012bte | Vair\u0101k nek\u0101 \u010dip\u0161us"},"content":{"rendered":"<p style=\"text-align: left;\">Izm\u0113rs: 10 x 15 cm<\/p>\n","protected":false},"excerpt":{"rendered":"<p style=\"text-align: center;\">Es tevi m\u012blu vair\u0101k nek\u0101 \u010dip\u0161us.<\/p>\n","protected":false},"featured_media":182419,"template":"","meta":{"_jet_sm_ready_style":"","_jet_sm_style":"","_jet_sm_controls_values":"","_jet_sm_fonts_collection":"","_jet_sm_fonts_links":""},"pwb-brand":[1506],"product_cat":[193,110],"product_tag":[],"class_list":{"0":"post-182577","1":"product","2":"type-product","3":"status-publish","4":"has-post-thumbnail","6":"pwb-brand-viss-apnicis-lv","7":"product_cat-davanas","8":"product_cat-pastkartes","10":"first","11":"outofstock","12":"taxable","13":"shipping-taxable","14":"purchasable","15":"product-type-simple"},"raw_content":{"name":"Viss apnicis kart\u012bte | Vair\u0101k nek\u0101 \u010dip\u0161us","description":"<p style=\"text-align: left;\">Izm\u0113rs: 10 x 15 cm<\/p>","short_description":"<p style=\"text-align: center;\">Es tevi m\u012blu vair\u0101k nek\u0101 \u010dip\u0161us.<\/p>","status":"publish","sku":"vissapnicis-cipsus","original":182524},"wpml":{"translation_type":1,"has_translations":true,"original":182524,"duplicates":[],"translations":{"lv":182577,"en":182524}},"brands":[{"id":1506,"name":"Viss apnicis","slug":"viss-apnicis-lv"}],"_links":{"self":[{"href":"https:\/\/m50.lv\/lv\/wp-json\/wp\/v2\/product\/182577","targetHints":{"allow":["GET"]}}],"collection":[{"href":"https:\/\/m50.lv\/lv\/wp-json\/wp\/v2\/product"}],"about":[{"href":"https:\/\/m50.lv\/lv\/wp-json\/wp\/v2\/types\/product"}],"version-history":[{"count":0,"href":"https:\/\/m50.lv\/lv\/wp-json\/wp\/v2\/product\/182577\/revisions"}],"wp:featuredmedia":[{"embeddable":true,"href":"https:\/\/m50.lv\/lv\/wp-json\/wp\/v2\/media\/182419"}],"wp:attachment":[{"href":"https:\/\/m50.lv\/lv\/wp-json\/wp\/v2\/media?parent=182577"}],"wp:term":[{"taxonomy":"pwb-brand","embeddable":true,"href":"https:\/\/m50.lv\/lv\/wp-json\/wp\/v2\/pwb-brand?post=182577"},{"taxonomy":"product_cat","embeddable":true,"href":"https:\/\/m50.lv\/lv\/wp-json\/wp\/v2\/product_cat?post=182577"},{"taxonomy":"product_tag","embeddable":true,"href":"https:\/\/m50.lv\/lv\/wp-json\/wp\/v2\/product_tag?post=182577"}],"curies":[{"name":"wp","href":"https:\/\/api.w.org\/{rel}","templated":true}]}}