{"id":182580,"date":"2025-04-22T18:21:13","date_gmt":"2025-04-22T16:21:13","guid":{"rendered":"https:\/\/m50.lv\/product\/viss-apnicis-kartite-solins\/"},"modified":"2026-02-04T15:35:13","modified_gmt":"2026-02-04T13:35:13","slug":"viss-apnicis-kartite-solins","status":"publish","type":"product","link":"https:\/\/m50.lv\/lv\/product\/viss-apnicis-kartite-solins\/","title":{"rendered":"Viss apnicis kart\u012bte | Soli\u0146\u0161"},"content":{"rendered":"<p style=\"text-align: left;\">Izm\u0113rs: 10 x 15 cm<\/p>\n","protected":false},"excerpt":{"rendered":"<p style=\"text-align: center;\">Pavasaris ir kl\u0101t.<\/p>\n","protected":false},"featured_media":182410,"template":"","meta":{"_jet_sm_ready_style":"","_jet_sm_style":"","_jet_sm_controls_values":"","_jet_sm_fonts_collection":"","_jet_sm_fonts_links":""},"pwb-brand":[1506],"product_cat":[193,110],"product_tag":[1562],"class_list":{"0":"post-182580","1":"product","2":"type-product","3":"status-publish","4":"has-post-thumbnail","6":"pwb-brand-viss-apnicis-lv","7":"product_cat-davanas","8":"product_cat-pastkartes","9":"product_tag-valentindienas-davanas","11":"first","12":"instock","13":"taxable","14":"shipping-taxable","15":"purchasable","16":"product-type-simple"},"raw_content":{"name":"Viss apnicis kart\u012bte | Soli\u0146\u0161","description":"<p style=\"text-align: left;\">Izm\u0113rs: 10 x 15 cm<\/p>","short_description":"<p style=\"text-align: center;\">Pavasaris ir kl\u0101t.<\/p>","status":"publish","sku":"vissapnicis-solins","original":182521},"wpml":{"translation_type":1,"has_translations":true,"original":182521,"duplicates":[],"translations":{"lv":182580,"en":182521}},"brands":[{"id":1506,"name":"Viss apnicis","slug":"viss-apnicis-lv"}],"_links":{"self":[{"href":"https:\/\/m50.lv\/lv\/wp-json\/wp\/v2\/product\/182580","targetHints":{"allow":["GET"]}}],"collection":[{"href":"https:\/\/m50.lv\/lv\/wp-json\/wp\/v2\/product"}],"about":[{"href":"https:\/\/m50.lv\/lv\/wp-json\/wp\/v2\/types\/product"}],"version-history":[{"count":0,"href":"https:\/\/m50.lv\/lv\/wp-json\/wp\/v2\/product\/182580\/revisions"}],"wp:featuredmedia":[{"embeddable":true,"href":"https:\/\/m50.lv\/lv\/wp-json\/wp\/v2\/media\/182410"}],"wp:attachment":[{"href":"https:\/\/m50.lv\/lv\/wp-json\/wp\/v2\/media?parent=182580"}],"wp:term":[{"taxonomy":"pwb-brand","embeddable":true,"href":"https:\/\/m50.lv\/lv\/wp-json\/wp\/v2\/pwb-brand?post=182580"},{"taxonomy":"product_cat","embeddable":true,"href":"https:\/\/m50.lv\/lv\/wp-json\/wp\/v2\/product_cat?post=182580"},{"taxonomy":"product_tag","embeddable":true,"href":"https:\/\/m50.lv\/lv\/wp-json\/wp\/v2\/product_tag?post=182580"}],"curies":[{"name":"wp","href":"https:\/\/api.w.org\/{rel}","templated":true}]}}